{"id":12743,"date":"2024-03-14T13:38:27","date_gmt":"2024-03-14T12:38:27","guid":{"rendered":"http:\/\/delikatesy.wineport.pl\/?product=whisky-johnnie-walker-black-label-07l"},"modified":"2026-05-17T20:52:59","modified_gmt":"2026-05-17T18:52:59","slug":"whisky-johnnie-walker-black-label-07l","status":"publish","type":"product","link":"http:\/\/delikatesy.wineport.pl\/?product=whisky-johnnie-walker-black-label-07l","title":{"rendered":"Whisky Johnnie Walker Black Label 0,7l"},"content":{"rendered":"<p>\u00a0<\/p>\n<p><span style=\"color: #ff0000; font-size: 16px; font-family: arial, helvetica, sans-serif;\">UWAGA!!! NIE WYSY\u0141AMY ALKOHOLU W PRZYPADKU ZAM\u00d3WIE\u0143 OD OS\u00d3B PRYWATNYCH, TYLKO ODBI\u00d3R OSOBISTY NA UL. \u015aW. STANIS\u0141AWA 12 W WARSZAWIE!!! W przypadku op\u0142acenia zam\u00f3wienia alkoholu z wysy\u0142k\u0105, przy zwrocie pieni\u0119dzy zostanie potr\u0105cona prowizja\u00a0DOTPAY!<\/span><\/p>\n<p>\u00a0<\/p>\n<p><span style=\"color: #ff0000; font-size: 16px; font-family: arial, helvetica, sans-serif;\">\u00a0<\/span><\/p>\n<p><span style=\"margin: 0px; padding: 0px; border: 0px; outline: none 0px; font-size: 12px; background-color: #ffffff; font-family: Tahoma, Arial, sans-serif;\">Pocz\u0105tkowo zwana\u00a0<\/span> <span style=\"margin: 0px; padding: 0px; border: 0px; outline: none 0px; font-size: 12px; background-color: #ffffff; font-family: Tahoma, Arial, sans-serif; font-style: italic;\">Extra Special Old Highland\u00a0<\/span> <span style=\"margin: 0px; padding: 0px; border: 0px; outline: none 0px; font-size: 12px; background-color: #ffffff; font-family: Tahoma, Arial, sans-serif;\"> <span style=\"margin: 0px; padding: 0px; border: 0px; outline: none 0px; background-color: transparent;\">whisky, sk\u0142adaj\u0105ca si\u0119 z 40 pojedynczych gatunk\u00f3w whisky zar\u00f3wno s\u0142odowych jak i zbo\u017cowych, z kt\u00f3rych najm\u0142odsza dojrzewa\u0142a conajmniej 12 lat. Wyj\u0105tkowy smak i aromat zawdzi\u0119cza przede wszystkim dwum gatunkom:\u00a0<\/span><\/span> <span style=\"margin: 0px; padding: 0px; border: 0px; outline: none 0px; font-size: 12px; background-color: #ffffff; font-family: Tahoma, Arial, sans-serif; font-style: italic;\">Cardhu<\/span> <span style=\"font-family: Tahoma, Arial, sans-serif; font-size: 12px; background-color: #ffffff;\">\u00a0oraz\u00a0<\/span> <span style=\"margin: 0px; padding: 0px; border: 0px; outline: none 0px; font-size: 12px; background-color: #ffffff; font-family: Tahoma, Arial, sans-serif; font-style: italic;\">Caol Ila.<\/span><\/p>\n","protected":false},"excerpt":{"rendered":"<p>Pocz\u0105tkowo zwana Extra Special Old Highland whisky, sk\u0142adaj\u0105ca si\u0119 z 40 pojedynczych gatunk\u00f3w whisky zar\u00f3wno s\u0142odowych jak i zbo\u017cowych, z kt\u00f3rych najm\u0142odsza dojrzewa\u0142a conajmniej 12 lat. Wyj\u0105tkowy smak i aromat zawdzi\u0119cza przede wszystkim dwum gatunk&#8230;<\/p>\n","protected":false},"featured_media":12742,"comment_status":"open","ping_status":"closed","template":"","meta":[],"product_cat":[142,154,143],"product_tag":[],"class_list":{"0":"post-12743","1":"product","2":"type-product","3":"status-publish","4":"has-post-thumbnail","6":"product_cat-alkohole-mocne","7":"product_cat-szkocja","8":"product_cat-whisky","10":"first","11":"instock","12":"shipping-taxable","13":"purchasable","14":"product-type-simple"},"_links":{"self":[{"href":"http:\/\/delikatesy.wineport.pl\/index.php?rest_route=\/wp\/v2\/product\/12743","targetHints":{"allow":["GET"]}}],"collection":[{"href":"http:\/\/delikatesy.wineport.pl\/index.php?rest_route=\/wp\/v2\/product"}],"about":[{"href":"http:\/\/delikatesy.wineport.pl\/index.php?rest_route=\/wp\/v2\/types\/product"}],"replies":[{"embeddable":true,"href":"http:\/\/delikatesy.wineport.pl\/index.php?rest_route=%2Fwp%2Fv2%2Fcomments&post=12743"}],"wp:featuredmedia":[{"embeddable":true,"href":"http:\/\/delikatesy.wineport.pl\/index.php?rest_route=\/wp\/v2\/media\/12742"}],"wp:attachment":[{"href":"http:\/\/delikatesy.wineport.pl\/index.php?rest_route=%2Fwp%2Fv2%2Fmedia&parent=12743"}],"wp:term":[{"taxonomy":"product_cat","embeddable":true,"href":"http:\/\/delikatesy.wineport.pl\/index.php?rest_route=%2Fwp%2Fv2%2Fproduct_cat&post=12743"},{"taxonomy":"product_tag","embeddable":true,"href":"http:\/\/delikatesy.wineport.pl\/index.php?rest_route=%2Fwp%2Fv2%2Fproduct_tag&post=12743"}],"curies":[{"name":"wp","href":"https:\/\/api.w.org\/{rel}","templated":true}]}}