{"id":12747,"date":"2024-03-14T13:38:29","date_gmt":"2024-03-14T12:38:29","guid":{"rendered":"http:\/\/delikatesy.wineport.pl\/?product=whisky-johnnie-walker-green-label-07l"},"modified":"2026-05-17T20:53:00","modified_gmt":"2026-05-17T18:53:00","slug":"whisky-johnnie-walker-green-label-07l","status":"publish","type":"product","link":"http:\/\/delikatesy.wineport.pl\/?product=whisky-johnnie-walker-green-label-07l","title":{"rendered":"Whisky Johnnie Walker Green Label 0,7l"},"content":{"rendered":"<p style=\"margin: 0px 0px 0cm; padding: 0px; border: 0px; outline: none 0px; font-size: 12px; background-color: #ffffff; font-family: Tahoma, Arial, sans-serif;\">\u00a0<\/p>\n<p><span style=\"color: #ff0000; font-size: 16px; font-family: arial, helvetica, sans-serif;\">UWAGA!!! NIE WYSY\u0141AMY ALKOHOLU W PRZYPADKU ZAM\u00d3WIE\u0143 OD OS\u00d3B PRYWATNYCH, TYLKO ODBI\u00d3R OSOBISTY NA UL. \u015aW. STANIS\u0141AWA 12 W WARSZAWIE!!! W przypadku op\u0142acenia zam\u00f3wienia alkoholu z wysy\u0142k\u0105, przy zwrocie pieni\u0119dzy zostanie potr\u0105cona prowizja\u00a0DOTPAY!<\/span><\/p>\n<p style=\"margin: 0px 0px 0cm; padding: 0px; border: 0px; outline: none 0px; font-size: 12px; background-color: #ffffff; font-family: Tahoma, Arial, sans-serif;\">\u00a0<\/p>\n<p><span style=\"color: #ff0000; font-size: 16px; font-family: arial, helvetica, sans-serif;\">\u00a0<\/span><\/p>\n<p style=\"margin: 0px 0px 0cm; padding: 0px; border: 0px; outline: none 0px; font-size: 12px; background-color: #ffffff; font-family: Tahoma, Arial, sans-serif;\"><span style=\"margin: 0px; padding: 0px; border: 0px; outline: none 0px; background-color: transparent;\"><span style=\"margin: 0px; padding: 0px; border: 0px; outline: none 0px; background-color: transparent; font-style: italic;\">Walker Green Label\u00a0<\/span> <span style=\"margin: 0px; padding: 0px; border: 0px; outline: none 0px; background-color: transparent;\">(znana wcze\u015bniej jako<\/span>\u00a0 <span style=\"margin: 0px; padding: 0px; border: 0px; outline: none 0px; background-color: transparent; font-style: italic;\">Pure Malt<\/span>\u00a0 <span style=\"margin: 0px; padding: 0px; border: 0px; outline: none 0px; background-color: transparent;\">)<\/span>\u00a0 <span style=\"margin: 0px; padding: 0px; border: 0px; outline: none 0px; background-color: transparent;\">jest jedyn\u0105 whisky tej marki typu\u00a0<\/span> <span style=\"margin: 0px; padding: 0px; border: 0px; outline: none 0px; background-color: transparent; font-style: italic;\">Blended Malt.\u00a0<\/span> <span style=\"margin: 0px; padding: 0px; border: 0px; outline: none 0px; background-color: transparent;\">Oznacza to, i\u017c zosta\u0142a skomponowana na bazie wy\u0142\u0105cznie\u00a0<\/span> <span style=\"margin: 0px; padding: 0px; border: 0px; outline: none 0px; background-color: transparent; font-style: italic;\">single malt whisky \u2013<\/span> <span style=\"margin: 0px; padding: 0px; border: 0px; outline: none 0px; background-color: transparent;\">pojedynczych whisky s\u0142odowych, bez whisky zbo\u017cowych. W jej sk\u0142ad wchodzi 16\u00a0<\/span> <span style=\"margin: 0px; padding: 0px; border: 0px; outline: none 0px; background-color: transparent; font-style: italic;\">single malt whisky<\/span>\u00a0 <span style=\"margin: 0px; padding: 0px; border: 0px; outline: none 0px; background-color: transparent;\">, z czego ka\u017cda z nich musia\u0142a dojrzewa\u0107 w d\u0119bowych beczkach przynajmniej 15 lat. Wyj\u0105tkowego charakteru nadaj\u0105 jej szczeg\u00f3lnie cztery najznamienitsze whisky:\u00a0<\/span><\/span> <span style=\"margin: 0px; padding: 0px; border: 0px; outline: none 0px; background-color: transparent; font-style: italic;\">Talisker, Caol Ila, Cragganmore i Linkwood<\/span>.<\/p>\n<p style=\"margin: 0px 0px 1em; padding: 0px; border: 0px; outline: none 0px; font-size: 12px; background-color: #ffffff; font-family: Tahoma, Arial, sans-serif;\"><span style=\"margin: 0px; padding: 0px; border: 0px; outline: none 0px; background-color: transparent; font-style: italic;\">Green Label<\/span>\u00a0 <span style=\"margin: 0px; padding: 0px; border: 0px; outline: none 0px; background-color: transparent;\">ma intensywny, \u015bwie\u017cy a zarazem lekko dymny smak, kt\u00f3remu zawdzi\u0119cza liczne nagrody, mi\u0119dzy innymi\u00a0<\/span>podczas konkursu World Spirits Competition w San Francisco w 2006 r. otrzyma\u0142a miano najlepszej whisky mieszanej.<\/p>\n","protected":false},"excerpt":{"rendered":"<p>Walker Green Label (znana wcze\u015bniej jako Pure Malt ) jest jedyn\u0105 whisky tej marki typu Blended Malt. Oznacza to, i\u017c zosta\u0142a skomponowana na bazie wy\u0142\u0105cznie single malt whisky \u2013 pojedynczych whisky s\u0142odowych, bez whisky zbo\u017cowych. W jej sk\u0142ad wchodzi &#8230;<\/p>\n","protected":false},"featured_media":12746,"comment_status":"open","ping_status":"closed","template":"","meta":[],"product_cat":[142,154,143],"product_tag":[],"class_list":{"0":"post-12747","1":"product","2":"type-product","3":"status-publish","4":"has-post-thumbnail","6":"product_cat-alkohole-mocne","7":"product_cat-szkocja","8":"product_cat-whisky","10":"first","11":"instock","12":"shipping-taxable","13":"purchasable","14":"product-type-simple"},"_links":{"self":[{"href":"http:\/\/delikatesy.wineport.pl\/index.php?rest_route=\/wp\/v2\/product\/12747","targetHints":{"allow":["GET"]}}],"collection":[{"href":"http:\/\/delikatesy.wineport.pl\/index.php?rest_route=\/wp\/v2\/product"}],"about":[{"href":"http:\/\/delikatesy.wineport.pl\/index.php?rest_route=\/wp\/v2\/types\/product"}],"replies":[{"embeddable":true,"href":"http:\/\/delikatesy.wineport.pl\/index.php?rest_route=%2Fwp%2Fv2%2Fcomments&post=12747"}],"wp:featuredmedia":[{"embeddable":true,"href":"http:\/\/delikatesy.wineport.pl\/index.php?rest_route=\/wp\/v2\/media\/12746"}],"wp:attachment":[{"href":"http:\/\/delikatesy.wineport.pl\/index.php?rest_route=%2Fwp%2Fv2%2Fmedia&parent=12747"}],"wp:term":[{"taxonomy":"product_cat","embeddable":true,"href":"http:\/\/delikatesy.wineport.pl\/index.php?rest_route=%2Fwp%2Fv2%2Fproduct_cat&post=12747"},{"taxonomy":"product_tag","embeddable":true,"href":"http:\/\/delikatesy.wineport.pl\/index.php?rest_route=%2Fwp%2Fv2%2Fproduct_tag&post=12747"}],"curies":[{"name":"wp","href":"https:\/\/api.w.org\/{rel}","templated":true}]}}