{"id":12751,"date":"2024-03-14T13:38:29","date_gmt":"2024-03-14T12:38:29","guid":{"rendered":"http:\/\/delikatesy.wineport.pl\/?product=whisky-johnnie-walker-blue-label-07-l"},"modified":"2026-05-17T20:53:01","modified_gmt":"2026-05-17T18:53:01","slug":"whisky-johnnie-walker-blue-label-07-l","status":"publish","type":"product","link":"http:\/\/delikatesy.wineport.pl\/?product=whisky-johnnie-walker-blue-label-07-l","title":{"rendered":"Whisky Johnnie Walker Blue Label 0,7 l"},"content":{"rendered":"<p><span style=\"color: #ff0000; font-size: 16px; font-family: arial, helvetica, sans-serif;\">UWAGA!!! NIE WYSY\u0141AMY ALKOHOLU W PRZYPADKU ZAM\u00d3WIE\u0143 OD OS\u00d3B PRYWATNYCH, TYLKO ODBI\u00d3R OSOBISTY NA UL. \u015aW. STANIS\u0141AWA 12 W WARSZAWIE!!! W przypadku op\u0142acenia zam\u00f3wienia alkoholu z wysy\u0142k\u0105, przy zwrocie pieni\u0119dzy zostanie potr\u0105cona prowizja\u00a0DOTPAY!<\/span><\/p>\n<p><span style=\"color: #ff0000; font-size: 16px; font-family: arial, helvetica, sans-serif;\">\u00a0<\/span><\/p>\n<p style=\"margin: 0px 0px 1em; padding: 0px; border: 0px; outline: none 0px; font-size: 12px; background-color: #ffffff; font-family: Tahoma, Arial, sans-serif;\">Najbardziej wykwintna whisky znanej na ca\u0142ym \u015bwiecie szkockiej marki Johnnie Walker.Powsta\u0142a przy u\u017cyciu szesnastu trudno dost\u0119pnych whisky, g\u0142\u00f3wnie z wysp (zachodnich i wschodnich Highland\u00f3w i kilku destylarni z Speyside). Jej koronne sk\u0142adniki to tr\u00f3jka Single Malt Whisky:\u00a0 <span style=\"margin: 0px; padding: 0px; border: 0px; outline: none 0px; background-color: transparent; font-style: italic;\">Royal Lochnagar z g\u00f3r,\u00a0 <span style=\"margin: 0px; padding: 0px; border: 0px; outline: none 0px; background-color: transparent;\">Benrinnes<\/span>\u00a0ze Speyside oraz Caol Ila<\/span>\u00a0z wyspy Islay.\u00a0Najstarsze jej komponenty musia\u0142y dojrzewa\u0107 w beczkach ponad 60 lat, w zwi\u0105zku z czym nadano jej miano\u00a0 <span style=\"margin: 0px; padding: 0px; border: 0px; outline: none 0px; background-color: transparent; font-style: italic;\">The Oldest \u2013 najstarsza.\u00a0<\/span> <span style=\"margin: 0px; padding: 0px; border: 0px; outline: none 0px; background-color: transparent;\">\u015awiadczy to o jej wyrafinowanym bukiecie smak\u00f3w godnym prawdziwego smakosza szkockiej Whisky.<\/span><\/p>\n<p style=\"margin: 0px 0px 1em; padding: 0px; border: 0px; outline: none 0px; font-size: 12px; background-color: #ffffff; font-family: Tahoma, Arial, sans-serif;\">\u00a0<\/p>\n","protected":false},"excerpt":{"rendered":"<p>Najbardziej wykwintna whisky znanej na ca\u0142ym \u015bwiecie szkockiej marki Johnnie Walker.Powsta\u0142a przy u\u017cyciu szesnastu trudno dost\u0119pnych whisky, g\u0142\u00f3wnie z wysp (zachodnich i wschodnich Highland\u00f3w i kilku destylarni z Speyside). Jej koronne sk\u0142adniki to t&#8230;<\/p>\n","protected":false},"featured_media":12750,"comment_status":"open","ping_status":"closed","template":"","meta":[],"product_cat":[142,154,143],"product_tag":[],"class_list":{"0":"post-12751","1":"product","2":"type-product","3":"status-publish","4":"has-post-thumbnail","6":"product_cat-alkohole-mocne","7":"product_cat-szkocja","8":"product_cat-whisky","10":"first","11":"instock","12":"shipping-taxable","13":"purchasable","14":"product-type-simple"},"_links":{"self":[{"href":"http:\/\/delikatesy.wineport.pl\/index.php?rest_route=\/wp\/v2\/product\/12751","targetHints":{"allow":["GET"]}}],"collection":[{"href":"http:\/\/delikatesy.wineport.pl\/index.php?rest_route=\/wp\/v2\/product"}],"about":[{"href":"http:\/\/delikatesy.wineport.pl\/index.php?rest_route=\/wp\/v2\/types\/product"}],"replies":[{"embeddable":true,"href":"http:\/\/delikatesy.wineport.pl\/index.php?rest_route=%2Fwp%2Fv2%2Fcomments&post=12751"}],"wp:featuredmedia":[{"embeddable":true,"href":"http:\/\/delikatesy.wineport.pl\/index.php?rest_route=\/wp\/v2\/media\/12750"}],"wp:attachment":[{"href":"http:\/\/delikatesy.wineport.pl\/index.php?rest_route=%2Fwp%2Fv2%2Fmedia&parent=12751"}],"wp:term":[{"taxonomy":"product_cat","embeddable":true,"href":"http:\/\/delikatesy.wineport.pl\/index.php?rest_route=%2Fwp%2Fv2%2Fproduct_cat&post=12751"},{"taxonomy":"product_tag","embeddable":true,"href":"http:\/\/delikatesy.wineport.pl\/index.php?rest_route=%2Fwp%2Fv2%2Fproduct_tag&post=12751"}],"curies":[{"name":"wp","href":"https:\/\/api.w.org\/{rel}","templated":true}]}}