{"id":12765,"date":"2024-03-14T13:38:33","date_gmt":"2024-03-14T12:38:33","guid":{"rendered":"http:\/\/delikatesy.wineport.pl\/?product=bombay-sapphire-gin-07l-40"},"modified":"2026-05-10T18:45:04","modified_gmt":"2026-05-10T16:45:04","slug":"bombay-sapphire-gin-07l-40","status":"publish","type":"product","link":"http:\/\/delikatesy.wineport.pl\/?product=bombay-sapphire-gin-07l-40","title":{"rendered":"Bombay Sapphire Gin 0,7L 40%"},"content":{"rendered":"<p><span style=\"color: #ff0000; font-size: 16px; font-family: arial, helvetica, sans-serif;\">UWAGA!!! NIE WYSY\u0141AMY ALKOHOLU W PRZYPADKU ZAM\u00d3WIE\u0143 OD OS\u00d3B PRYWATNYCH, TYLKO ODBI\u00d3R OSOBISTY NA UL. \u015aW. STANIS\u0141AWA 12 W WARSZAWIE!!! W przypadku op\u0142acenia zam\u00f3wienia alkoholu z wysy\u0142k\u0105, przy zwrocie pieni\u0119dzy zostanie potr\u0105cona prowizja\u00a0DOTPAY!<\/span><\/p>\n<p><span style=\"color: #ff0000; font-size: 16px; font-family: arial, helvetica, sans-serif;\">\u00a0<\/span><\/p>\n<p class=\"MsoNormal\">Bombay Sapphire to gin, wyr\u00f3\u017cniaj\u0105cy si\u0119 subtelnym smakiem. Bombay Sapphire gin jest delikatnie aromatyzowany zapachami 10 ro\u015blin. Gin Bombay Sapphire wyr\u00f3\u017cnia si\u0119 tak\u017ce potr\u00f3jnym procesem destylacji przez co jest niezwykle czysty i bardzo aromatyczny.\u00a0<\/p>\n","protected":false},"excerpt":{"rendered":"<p>Bombay Sapphire to gin, wyr\u00f3\u017cniaj\u0105cy si\u0119 subtelnym smakiem. Bombay Sapphire gin jest delikatnie aromatyzowany zapachami 10 ro\u015blin. Gin Bombay Sapphire wyr\u00f3\u017cnia si\u0119 tak\u017ce potr\u00f3jnym procesem destylacji przez co jest niezwykle czysty i bardzo aromatyczn&#8230;<\/p>\n","protected":false},"featured_media":12764,"comment_status":"open","ping_status":"closed","template":"","meta":[],"product_cat":[142,194],"product_tag":[],"class_list":{"0":"post-12765","1":"product","2":"type-product","3":"status-publish","4":"has-post-thumbnail","6":"product_cat-alkohole-mocne","7":"product_cat-gin","9":"first","10":"instock","11":"shipping-taxable","12":"purchasable","13":"product-type-simple"},"_links":{"self":[{"href":"http:\/\/delikatesy.wineport.pl\/index.php?rest_route=\/wp\/v2\/product\/12765","targetHints":{"allow":["GET"]}}],"collection":[{"href":"http:\/\/delikatesy.wineport.pl\/index.php?rest_route=\/wp\/v2\/product"}],"about":[{"href":"http:\/\/delikatesy.wineport.pl\/index.php?rest_route=\/wp\/v2\/types\/product"}],"replies":[{"embeddable":true,"href":"http:\/\/delikatesy.wineport.pl\/index.php?rest_route=%2Fwp%2Fv2%2Fcomments&post=12765"}],"wp:featuredmedia":[{"embeddable":true,"href":"http:\/\/delikatesy.wineport.pl\/index.php?rest_route=\/wp\/v2\/media\/12764"}],"wp:attachment":[{"href":"http:\/\/delikatesy.wineport.pl\/index.php?rest_route=%2Fwp%2Fv2%2Fmedia&parent=12765"}],"wp:term":[{"taxonomy":"product_cat","embeddable":true,"href":"http:\/\/delikatesy.wineport.pl\/index.php?rest_route=%2Fwp%2Fv2%2Fproduct_cat&post=12765"},{"taxonomy":"product_tag","embeddable":true,"href":"http:\/\/delikatesy.wineport.pl\/index.php?rest_route=%2Fwp%2Fv2%2Fproduct_tag&post=12765"}],"curies":[{"name":"wp","href":"https:\/\/api.w.org\/{rel}","templated":true}]}}