{"id":12769,"date":"2024-03-14T13:38:34","date_gmt":"2024-03-14T12:38:34","guid":{"rendered":"http:\/\/delikatesy.wineport.pl\/?product=olmeca-blanco-tequila-07l"},"modified":"2026-05-10T18:45:04","modified_gmt":"2026-05-10T16:45:04","slug":"olmeca-blanco-tequila-07l","status":"publish","type":"product","link":"http:\/\/delikatesy.wineport.pl\/?product=olmeca-blanco-tequila-07l","title":{"rendered":"Olmeca Blanco Tequila 0,7L"},"content":{"rendered":"<p><span style=\"color: #ff0000; font-size: 16px; font-family: arial, helvetica, sans-serif;\">UWAGA!!! NIE WYSY\u0141AMY ALKOHOLU W PRZYPADKU ZAM\u00d3WIE\u0143 OD OS\u00d3B PRYWATNYCH, TYLKO ODBI\u00d3R OSOBISTY NA UL. \u015aW. STANIS\u0141AWA 12 W WARSZAWIE!!! W przypadku op\u0142acenia zam\u00f3wienia alkoholu z wysy\u0142k\u0105, przy zwrocie pieni\u0119dzy zostanie potr\u0105cona prowizja\u00a0DOTPAY!<\/span><\/p>\n<p><span style=\"color: #ff0000; font-size: 16px; font-family: arial, helvetica, sans-serif;\">\u00a0<\/span><\/p>\n<p class=\"MsoNormal\">Tequila Olmeca Blanco produkowana jest z najwy\u017cszej jako\u015bci b\u0142\u0119kitnych agaw. Unikalna technologia podw\u00f3jnej destylacji sprawia, \u017ce Olmeca Blanco ma walory arcydzie\u0142a. Butelkowana jest w ci\u0105gu tygodnia od chwili zako\u0144czenia drugiej destylacji &#8211; st\u0105d jej niezwyk\u0142a przejrzysto\u015b\u0107.<\/p>\n","protected":false},"excerpt":{"rendered":"<p>Tequila Olmeca Blanco produkowana jest z najwy\u017cszej jako\u015bci b\u0142\u0119kitnych agaw. Unikalna technologia podw\u00f3jnej destylacji sprawia, \u017ce Olmeca Blanco ma walory arcydzie\u0142a. Butelkowana jest w ci\u0105gu tygodnia od chwili zako\u0144czenia drugiej destylacji &#8211; st\u0105d j&#8230;<\/p>\n","protected":false},"featured_media":12768,"comment_status":"open","ping_status":"closed","template":"","meta":[],"product_cat":[142,195],"product_tag":[],"class_list":{"0":"post-12769","1":"product","2":"type-product","3":"status-publish","4":"has-post-thumbnail","6":"product_cat-alkohole-mocne","7":"product_cat-tequila","9":"first","10":"instock","11":"shipping-taxable","12":"purchasable","13":"product-type-simple"},"_links":{"self":[{"href":"http:\/\/delikatesy.wineport.pl\/index.php?rest_route=\/wp\/v2\/product\/12769","targetHints":{"allow":["GET"]}}],"collection":[{"href":"http:\/\/delikatesy.wineport.pl\/index.php?rest_route=\/wp\/v2\/product"}],"about":[{"href":"http:\/\/delikatesy.wineport.pl\/index.php?rest_route=\/wp\/v2\/types\/product"}],"replies":[{"embeddable":true,"href":"http:\/\/delikatesy.wineport.pl\/index.php?rest_route=%2Fwp%2Fv2%2Fcomments&post=12769"}],"wp:featuredmedia":[{"embeddable":true,"href":"http:\/\/delikatesy.wineport.pl\/index.php?rest_route=\/wp\/v2\/media\/12768"}],"wp:attachment":[{"href":"http:\/\/delikatesy.wineport.pl\/index.php?rest_route=%2Fwp%2Fv2%2Fmedia&parent=12769"}],"wp:term":[{"taxonomy":"product_cat","embeddable":true,"href":"http:\/\/delikatesy.wineport.pl\/index.php?rest_route=%2Fwp%2Fv2%2Fproduct_cat&post=12769"},{"taxonomy":"product_tag","embeddable":true,"href":"http:\/\/delikatesy.wineport.pl\/index.php?rest_route=%2Fwp%2Fv2%2Fproduct_tag&post=12769"}],"curies":[{"name":"wp","href":"https:\/\/api.w.org\/{rel}","templated":true}]}}