{"id":12771,"date":"2024-03-14T13:38:35","date_gmt":"2024-03-14T12:38:35","guid":{"rendered":"http:\/\/delikatesy.wineport.pl\/?product=olmeca-gold-tequila-07l-38"},"modified":"2026-05-10T18:45:04","modified_gmt":"2026-05-10T16:45:04","slug":"olmeca-gold-tequila-07l-38","status":"publish","type":"product","link":"http:\/\/delikatesy.wineport.pl\/?product=olmeca-gold-tequila-07l-38","title":{"rendered":"Olmeca Gold Tequila 0,7L 38%"},"content":{"rendered":"<p><span style=\"color: #ff0000; font-size: 16px; font-family: arial, helvetica, sans-serif;\">UWAGA!!! NIE WYSY\u0141AMY ALKOHOLU W PRZYPADKU ZAM\u00d3WIE\u0143 OD OS\u00d3B PRYWATNYCH, TYLKO ODBI\u00d3R OSOBISTY NA UL. \u015aW. STANIS\u0141AWA 12 W WARSZAWIE!!! W przypadku op\u0142acenia zam\u00f3wienia alkoholu z wysy\u0142k\u0105, przy zwrocie pieni\u0119dzy zostanie potr\u0105cona prowizja\u00a0DOTPAY!<\/span><\/p>\n<p><span style=\"color: #ff0000; font-size: 16px; font-family: arial, helvetica, sans-serif;\">\u00a0<\/span><\/p>\n<p class=\"MsoNormal\">Tequila to najpopularniejsza w\u00f3dka meksyka\u0144ska, produkowana ze sfermentowanego soku agawy, gatunku zwanego Agawa teguilana, Tequila jest znana od czas\u00f3w Aztek\u00f3w. W wyniku wielokrotnej destylacji otrzymuje si\u0119 klarown\u0105 bia\u0142\u0105 tequil\u0119 o du\u017cej zawarto\u015bci alkoholu. Tequila o barwie od \u017c\u00f3\u0142tej a\u017c do brunatnej otrzymywana jest w efekcie wieloletniego starzenia tego napoju w d\u0119bowych beczkach.\u00a0 Tequila Olmeca produkowana jest z najwy\u017cszej jako\u015bci b\u0142\u0119kitnych agaw &#8211; to najwytworniejsze dzie\u0142o sztuki tworzenia tequili. Unikalna technologia podw\u00f3jnej destylacji sprawia, \u017ce Olmeca Gold nie ma sobie r\u00f3wnych.\u00a0<\/p>\n<p class=\"MsoNormal\">\u00a0<\/p>\n","protected":false},"excerpt":{"rendered":"<p>Tequila to najpopularniejsza w\u00f3dka meksyka\u0144ska, produkowana ze sfermentowanego soku agawy, gatunku zwanego Agawa teguilana, Tequila jest znana od czas\u00f3w Aztek\u00f3w. W wyniku wielokrotnej destylacji otrzymuje si\u0119 klarown\u0105 bia\u0142\u0105 tequil\u0119 o du\u017cej zawarto\u015bci&#8230;<\/p>\n","protected":false},"featured_media":12770,"comment_status":"open","ping_status":"closed","template":"","meta":[],"product_cat":[142,195],"product_tag":[],"class_list":{"0":"post-12771","1":"product","2":"type-product","3":"status-publish","4":"has-post-thumbnail","6":"product_cat-alkohole-mocne","7":"product_cat-tequila","9":"first","10":"instock","11":"shipping-taxable","12":"purchasable","13":"product-type-simple"},"_links":{"self":[{"href":"http:\/\/delikatesy.wineport.pl\/index.php?rest_route=\/wp\/v2\/product\/12771","targetHints":{"allow":["GET"]}}],"collection":[{"href":"http:\/\/delikatesy.wineport.pl\/index.php?rest_route=\/wp\/v2\/product"}],"about":[{"href":"http:\/\/delikatesy.wineport.pl\/index.php?rest_route=\/wp\/v2\/types\/product"}],"replies":[{"embeddable":true,"href":"http:\/\/delikatesy.wineport.pl\/index.php?rest_route=%2Fwp%2Fv2%2Fcomments&post=12771"}],"wp:featuredmedia":[{"embeddable":true,"href":"http:\/\/delikatesy.wineport.pl\/index.php?rest_route=\/wp\/v2\/media\/12770"}],"wp:attachment":[{"href":"http:\/\/delikatesy.wineport.pl\/index.php?rest_route=%2Fwp%2Fv2%2Fmedia&parent=12771"}],"wp:term":[{"taxonomy":"product_cat","embeddable":true,"href":"http:\/\/delikatesy.wineport.pl\/index.php?rest_route=%2Fwp%2Fv2%2Fproduct_cat&post=12771"},{"taxonomy":"product_tag","embeddable":true,"href":"http:\/\/delikatesy.wineport.pl\/index.php?rest_route=%2Fwp%2Fv2%2Fproduct_tag&post=12771"}],"curies":[{"name":"wp","href":"https:\/\/api.w.org\/{rel}","templated":true}]}}