{"id":12773,"date":"2024-03-14T13:38:35","date_gmt":"2024-03-14T12:38:35","guid":{"rendered":"http:\/\/delikatesy.wineport.pl\/?product=rum-havana-club-anejo-3-anos-07l"},"modified":"2026-05-10T18:45:05","modified_gmt":"2026-05-10T16:45:05","slug":"rum-havana-club-anejo-3-anos-07l","status":"publish","type":"product","link":"http:\/\/delikatesy.wineport.pl\/?product=rum-havana-club-anejo-3-anos-07l","title":{"rendered":"Rum Havana Club Anejo 3 Anos 0,7L"},"content":{"rendered":"<p><span style=\"color: #ff0000; font-size: 16px; font-family: arial, helvetica, sans-serif;\">UWAGA!!! NIE WYSY\u0141AMY ALKOHOLU W PRZYPADKU ZAM\u00d3WIE\u0143 OD OS\u00d3B PRYWATNYCH, TYLKO ODBI\u00d3R OSOBISTY NA UL. \u015aW. STANIS\u0141AWA 12 W WARSZAWIE!!! W przypadku op\u0142acenia zam\u00f3wienia alkoholu z wysy\u0142k\u0105, przy zwrocie pieni\u0119dzy zostanie potr\u0105cona prowizja\u00a0DOTPAY!<\/span><\/p>\n<p><span style=\"color: #ff0000; font-size: 16px; font-family: arial, helvetica, sans-serif;\">\u00a0<\/span><\/p>\n<p class=\"MsoNormal\">Havana Club Anejo 3 anos to najbardziej presti\u017cowy spo\u015br\u00f3d wszystkich bia\u0142ych rum\u00f3w, ten niezr\u00f3wnanej klasy trunek jest doskona\u0142ym sk\u0142adnikiem wszystkich drink\u00f3w.\u00a0Specjalnie przygotowana mieszanka rum\u00f3w dojrzewa w d\u0119bowych beczkach. W procesie produkcji wybiera si\u0119 beczki z najlepszymi rumami i miesza razem ich zawarto\u015b\u0107, nast\u0119pnie pozwala, aby trunki spokojnie le\u017cakowa\u0142y, a po przefiltrowaniu stworzy\u0142y najlepszy gatunkowo 3-letni kuba\u0144ski rum. Przyjemny s\u0142omkowy kolor. Rum jest jasny, klarowny i g\u0119stawy, ujawnia cechy, kt\u00f3re zyskuje dzi\u0119ki trzy letniemu procesowi starzenia. Intensywny zapach z akcentami wanilii, karmelizowanej gruszki, banana i palonego d\u0119bu.\u00a0Bardzo przyjemny smak z nut\u0105 wanilii i czekolady. Nieco bardziej wytrawny ni\u017c Anejo Blanco, jest idealnym sk\u0142adnikiem prawdziwych kuba\u0144skich drink\u00f3w: Mojito, Cuba Libre oraz Daiquri.<\/p>\n","protected":false},"excerpt":{"rendered":"<p>Havana Club Anejo 3 anos to najbardziej presti\u017cowy spo\u015br\u00f3d wszystkich bia\u0142ych rum\u00f3w, ten niezr\u00f3wnanej klasy trunek jest doskona\u0142ym sk\u0142adnikiem wszystkich drink\u00f3w. Specjalnie przygotowana mieszanka rum\u00f3w dojrzewa w d\u0119bowych beczkach. W procesie produk&#8230;<\/p>\n","protected":false},"featured_media":12772,"comment_status":"open","ping_status":"closed","template":"","meta":[],"product_cat":[142,200],"product_tag":[],"class_list":{"0":"post-12773","1":"product","2":"type-product","3":"status-publish","4":"has-post-thumbnail","6":"product_cat-alkohole-mocne","7":"product_cat-rum","9":"first","10":"instock","11":"shipping-taxable","12":"purchasable","13":"product-type-simple"},"_links":{"self":[{"href":"http:\/\/delikatesy.wineport.pl\/index.php?rest_route=\/wp\/v2\/product\/12773","targetHints":{"allow":["GET"]}}],"collection":[{"href":"http:\/\/delikatesy.wineport.pl\/index.php?rest_route=\/wp\/v2\/product"}],"about":[{"href":"http:\/\/delikatesy.wineport.pl\/index.php?rest_route=\/wp\/v2\/types\/product"}],"replies":[{"embeddable":true,"href":"http:\/\/delikatesy.wineport.pl\/index.php?rest_route=%2Fwp%2Fv2%2Fcomments&post=12773"}],"wp:featuredmedia":[{"embeddable":true,"href":"http:\/\/delikatesy.wineport.pl\/index.php?rest_route=\/wp\/v2\/media\/12772"}],"wp:attachment":[{"href":"http:\/\/delikatesy.wineport.pl\/index.php?rest_route=%2Fwp%2Fv2%2Fmedia&parent=12773"}],"wp:term":[{"taxonomy":"product_cat","embeddable":true,"href":"http:\/\/delikatesy.wineport.pl\/index.php?rest_route=%2Fwp%2Fv2%2Fproduct_cat&post=12773"},{"taxonomy":"product_tag","embeddable":true,"href":"http:\/\/delikatesy.wineport.pl\/index.php?rest_route=%2Fwp%2Fv2%2Fproduct_tag&post=12773"}],"curies":[{"name":"wp","href":"https:\/\/api.w.org\/{rel}","templated":true}]}}