{"id":12775,"date":"2024-03-14T13:38:35","date_gmt":"2024-03-14T12:38:35","guid":{"rendered":"http:\/\/delikatesy.wineport.pl\/?product=havana-club-extra-aged-rum-7yo-07l"},"modified":"2026-05-10T18:46:08","modified_gmt":"2026-05-10T16:46:08","slug":"havana-club-extra-aged-rum-7yo-07l","status":"publish","type":"product","link":"http:\/\/delikatesy.wineport.pl\/?product=havana-club-extra-aged-rum-7yo-07l","title":{"rendered":"HAVANA CLUB EXTRA AGED RUM (7YO) 0,7L"},"content":{"rendered":"<p><span style=\"color: #ff0000; font-size: 16px; font-family: arial, helvetica, sans-serif;\">UWAGA!!! NIE WYSY\u0141AMY ALKOHOLU W PRZYPADKU ZAM\u00d3WIE\u0143 OD OS\u00d3B PRYWATNYCH, TYLKO ODBI\u00d3R OSOBISTY NA UL. \u015aW. STANIS\u0141AWA 12 W WARSZAWIE!!! W przypadku op\u0142acenia zam\u00f3wienia alkoholu z wysy\u0142k\u0105, przy zwrocie pieni\u0119dzy zostanie potr\u0105cona prowizja\u00a0DOTPAY!<\/span><\/p>\n<p><span style=\"color: #ff0000; font-size: 16px; font-family: arial, helvetica, sans-serif;\">\u00a0<\/span><\/p>\n<p class=\"MsoNormal\">Od 1878 ten oryginalny kuba\u0144ski rum produkowany jest tylko z najwy\u017cszej jako\u015bci ciemnej melasy pochodz\u0105cej z kuba\u0144skiej trzciny cukrowej. Dzi\u0119ki wyj\u0105tkowym warunkom klimatycznym i glebowym panuj\u0105cym panuj\u0105cym na Kubie produkowany tam rum jest wyj\u0105tkowy i niepowtarzalny. Nie dziwi wi\u0119c fakt, \u017ce pija go z zami\u0142owaniem wiele znanych osobisto\u015bci&#8230; Havana Club Extra Aged 7 YO to najwy\u017cszej klasy 7-letni rum o bursztynowej barwie. Charakteryzuje si\u0119 wybornym bukietem oraz przyjemnym, pe\u0142nym smakiem. Idealny jako digestif po posi\u0142kach. Pojemno\u015b\u0107:0,7L, Alkohol: 40%, Wiek: 7Lat<\/p>\n","protected":false},"excerpt":{"rendered":"<p>Od 1878 ten oryginalny kuba\u0144ski rum produkowany jest tylko z najwy\u017cszej jako\u015bci ciemnej melasy pochodz\u0105cej z kuba\u0144skiej trzciny cukrowej. Dzi\u0119ki wyj\u0105tkowym warunkom klimatycznym i glebowym panuj\u0105cym panuj\u0105cym na Kubie produkowany tam rum jest wyj\u0105tko&#8230;<\/p>\n","protected":false},"featured_media":12774,"comment_status":"open","ping_status":"closed","template":"","meta":[],"product_cat":[142,200],"product_tag":[],"class_list":{"0":"post-12775","1":"product","2":"type-product","3":"status-publish","4":"has-post-thumbnail","6":"product_cat-alkohole-mocne","7":"product_cat-rum","9":"first","10":"instock","11":"shipping-taxable","12":"purchasable","13":"product-type-simple"},"_links":{"self":[{"href":"http:\/\/delikatesy.wineport.pl\/index.php?rest_route=\/wp\/v2\/product\/12775","targetHints":{"allow":["GET"]}}],"collection":[{"href":"http:\/\/delikatesy.wineport.pl\/index.php?rest_route=\/wp\/v2\/product"}],"about":[{"href":"http:\/\/delikatesy.wineport.pl\/index.php?rest_route=\/wp\/v2\/types\/product"}],"replies":[{"embeddable":true,"href":"http:\/\/delikatesy.wineport.pl\/index.php?rest_route=%2Fwp%2Fv2%2Fcomments&post=12775"}],"wp:featuredmedia":[{"embeddable":true,"href":"http:\/\/delikatesy.wineport.pl\/index.php?rest_route=\/wp\/v2\/media\/12774"}],"wp:attachment":[{"href":"http:\/\/delikatesy.wineport.pl\/index.php?rest_route=%2Fwp%2Fv2%2Fmedia&parent=12775"}],"wp:term":[{"taxonomy":"product_cat","embeddable":true,"href":"http:\/\/delikatesy.wineport.pl\/index.php?rest_route=%2Fwp%2Fv2%2Fproduct_cat&post=12775"},{"taxonomy":"product_tag","embeddable":true,"href":"http:\/\/delikatesy.wineport.pl\/index.php?rest_route=%2Fwp%2Fv2%2Fproduct_tag&post=12775"}],"curies":[{"name":"wp","href":"https:\/\/api.w.org\/{rel}","templated":true}]}}