{"id":12801,"date":"2024-03-14T13:38:45","date_gmt":"2024-03-14T12:38:45","guid":{"rendered":"http:\/\/delikatesy.wineport.pl\/?product=7-letnie-gruzinskie-brandy-tifilisi-marani-poj-05l"},"modified":"2026-05-10T18:46:10","modified_gmt":"2026-05-10T16:46:10","slug":"7-letnie-gruzinskie-brandy-tifilisi-marani-poj-05l","status":"publish","type":"product","link":"http:\/\/delikatesy.wineport.pl\/?product=7-letnie-gruzinskie-brandy-tifilisi-marani-poj-05l","title":{"rendered":"7 letnie Gruzi\u0144skie Brandy TIFILISI MARANI poj 0,5l"},"content":{"rendered":"<p><span style=\"color: #ff0000;\">UWAGA!!! NIE WYSY\u0141AMY ALKOHOLU KURIEREM W PRZYPADKU ZAM\u00d3WIE\u0143 OD OS\u00d3B PRYWATNYCH, TYLKO ODBI\u00d3R OSOBISTY NA UL. \u015aW. STANIS\u0141AWA 12 W WARSZAWIE!!! W przypadku op\u0142acenia zam\u00f3wienia alkoholu z wysy\u0142k\u0105, przy zwrocie pieni\u0119dzy zostanie potr\u0105cona prowizja\u00a0<\/span><strong style=\"color: #ff0000;\">DOTPAY<\/strong><span style=\"color: #ff0000;\">!<\/span><\/p>\n<p>Rewelacyjne siedmioletnie brandy gruzi\u0144skie dla bardzo wymagaj\u0105cych smakoszy tego trunku!<\/p>\n","protected":false},"excerpt":{"rendered":"<p>Rewelacyjne siedmioletnie brandy gruzi\u0144skie dla bardzo wymagaj\u0105cych smakoszy tego trunku!<\/p>\n","protected":false},"featured_media":12800,"comment_status":"open","ping_status":"closed","template":"","meta":[],"product_cat":[142,146,145,202],"product_tag":[],"class_list":{"0":"post-12801","1":"product","2":"type-product","3":"status-publish","4":"has-post-thumbnail","6":"product_cat-alkohole-mocne","7":"product_cat-armagnac-i-brandy","8":"product_cat-cognac","9":"product_cat-gruzja-armagnac-i-brandy","11":"first","12":"instock","13":"shipping-taxable","14":"purchasable","15":"product-type-simple"},"_links":{"self":[{"href":"http:\/\/delikatesy.wineport.pl\/index.php?rest_route=\/wp\/v2\/product\/12801","targetHints":{"allow":["GET"]}}],"collection":[{"href":"http:\/\/delikatesy.wineport.pl\/index.php?rest_route=\/wp\/v2\/product"}],"about":[{"href":"http:\/\/delikatesy.wineport.pl\/index.php?rest_route=\/wp\/v2\/types\/product"}],"replies":[{"embeddable":true,"href":"http:\/\/delikatesy.wineport.pl\/index.php?rest_route=%2Fwp%2Fv2%2Fcomments&post=12801"}],"wp:featuredmedia":[{"embeddable":true,"href":"http:\/\/delikatesy.wineport.pl\/index.php?rest_route=\/wp\/v2\/media\/12800"}],"wp:attachment":[{"href":"http:\/\/delikatesy.wineport.pl\/index.php?rest_route=%2Fwp%2Fv2%2Fmedia&parent=12801"}],"wp:term":[{"taxonomy":"product_cat","embeddable":true,"href":"http:\/\/delikatesy.wineport.pl\/index.php?rest_route=%2Fwp%2Fv2%2Fproduct_cat&post=12801"},{"taxonomy":"product_tag","embeddable":true,"href":"http:\/\/delikatesy.wineport.pl\/index.php?rest_route=%2Fwp%2Fv2%2Fproduct_tag&post=12801"}],"curies":[{"name":"wp","href":"https:\/\/api.w.org\/{rel}","templated":true}]}}