{"id":12811,"date":"2024-03-14T13:38:47","date_gmt":"2024-03-14T12:38:47","guid":{"rendered":"http:\/\/delikatesy.wineport.pl\/?product=glencadam-10-yo-whisky-single-malt"},"modified":"2026-05-10T18:46:11","modified_gmt":"2026-05-10T16:46:11","slug":"glencadam-10-yo-whisky-single-malt","status":"publish","type":"product","link":"http:\/\/delikatesy.wineport.pl\/?product=glencadam-10-yo-whisky-single-malt","title":{"rendered":"GLENCADAM 10 YO WHISKY SINGLE MALT"},"content":{"rendered":"<p><span style=\"color: #ff0000; font-size: 16px; font-family: arial, helvetica, sans-serif;\">UWAGA!!! NIE WYSY\u0141AMY ALKOHOLU W PRZYPADKU ZAM\u00d3WIE\u0143 OD OS\u00d3B PRYWATNYCH, TYLKO ODBI\u00d3R OSOBISTY NA UL. \u015aW. STANIS\u0141AWA 12 W WARSZAWIE!!! W przypadku op\u0142acenia zam\u00f3wienia alkoholu z wysy\u0142k\u0105, przy zwrocie pieni\u0119dzy zostanie potr\u0105cona prowizja\u00a0DOTPAY!<\/span><\/p>\n<p><span style=\"color: #ff0000; font-size: 16px; font-family: arial, helvetica, sans-serif;\">\u00a0<\/span><\/p>\n<p class=\"MsoNormal\">\u015awie\u017ca i aromatyczna whisky, kt\u00f3rej bukiet zapachowy tworz\u0105 wonie siana i owoc\u00f3w rozbudowane zapachem delikatnego drewna, lekko pikantna podkre\u015blona subteln\u0105 nut\u0105 wanilii. Doskonale zbilansowany smak cierpkich owoc\u00f3w przenikaj\u0105cy si\u0119 z aromatem \u015bwie\u017co ci\u0119tego siana i s\u0142odycz\u0105 wanilii. D\u0142ugi i delikatny finish, powoli przechodz\u0105cy w smak s\u0142odu j\u0119czmiennego i owoc\u00f3w.\u00a0 Nie filtrowana na zimno. Nie barwiona karmelem.<\/p>\n","protected":false},"excerpt":{"rendered":"<p>\u015awie\u017ca i aromatyczna whisky, kt\u00f3rej bukiet zapachowy tworz\u0105 wonie siana i owoc\u00f3w rozbudowane zapachem delikatnego drewna, lekko pikantna podkre\u015blona subteln\u0105 nut\u0105 wanilii. Doskonale zbilansowany smak cierpkich owoc\u00f3w przenikaj\u0105cy si\u0119 z aromatem \u015bwie\u017c&#8230;<\/p>\n","protected":false},"featured_media":12810,"comment_status":"open","ping_status":"closed","template":"","meta":[],"product_cat":[142,154,143],"product_tag":[],"class_list":{"0":"post-12811","1":"product","2":"type-product","3":"status-publish","4":"has-post-thumbnail","6":"product_cat-alkohole-mocne","7":"product_cat-szkocja","8":"product_cat-whisky","10":"first","11":"instock","12":"shipping-taxable","13":"purchasable","14":"product-type-simple"},"_links":{"self":[{"href":"http:\/\/delikatesy.wineport.pl\/index.php?rest_route=\/wp\/v2\/product\/12811","targetHints":{"allow":["GET"]}}],"collection":[{"href":"http:\/\/delikatesy.wineport.pl\/index.php?rest_route=\/wp\/v2\/product"}],"about":[{"href":"http:\/\/delikatesy.wineport.pl\/index.php?rest_route=\/wp\/v2\/types\/product"}],"replies":[{"embeddable":true,"href":"http:\/\/delikatesy.wineport.pl\/index.php?rest_route=%2Fwp%2Fv2%2Fcomments&post=12811"}],"wp:featuredmedia":[{"embeddable":true,"href":"http:\/\/delikatesy.wineport.pl\/index.php?rest_route=\/wp\/v2\/media\/12810"}],"wp:attachment":[{"href":"http:\/\/delikatesy.wineport.pl\/index.php?rest_route=%2Fwp%2Fv2%2Fmedia&parent=12811"}],"wp:term":[{"taxonomy":"product_cat","embeddable":true,"href":"http:\/\/delikatesy.wineport.pl\/index.php?rest_route=%2Fwp%2Fv2%2Fproduct_cat&post=12811"},{"taxonomy":"product_tag","embeddable":true,"href":"http:\/\/delikatesy.wineport.pl\/index.php?rest_route=%2Fwp%2Fv2%2Fproduct_tag&post=12811"}],"curies":[{"name":"wp","href":"https:\/\/api.w.org\/{rel}","templated":true}]}}