{"id":12841,"date":"2024-03-14T13:39:03","date_gmt":"2024-03-14T12:39:03","guid":{"rendered":"http:\/\/delikatesy.wineport.pl\/?product=whisky-macallan-15-yo-07l-43"},"modified":"2026-05-10T18:47:06","modified_gmt":"2026-05-10T16:47:06","slug":"whisky-macallan-15-yo-07l-43","status":"publish","type":"product","link":"http:\/\/delikatesy.wineport.pl\/?product=whisky-macallan-15-yo-07l-43","title":{"rendered":"WHISKY MACALLAN 15 YO 0,7L 43%"},"content":{"rendered":"<p><span style=\"color: #ff0000; font-size: 16px; font-family: arial, helvetica, sans-serif;\">UWAGA!!! NIE WYSY\u0141AMY ALKOHOLU W PRZYPADKU ZAM\u00d3WIE\u0143 OD OS\u00d3B PRYWATNYCH, TYLKO ODBI\u00d3R OSOBISTY NA UL. \u015aW. STANIS\u0141AWA 12 W WARSZAWIE!!! W przypadku op\u0142acenia zam\u00f3wienia alkoholu z wysy\u0142k\u0105, przy zwrocie pieni\u0119dzy zostanie potr\u0105cona prowizja\u00a0DOTPAY!<\/span><\/p>\n<p><span style=\"color: #ff0000; font-size: 16px; font-family: arial, helvetica, sans-serif;\">\u00a0<\/span><\/p>\n<p class=\"MsoNormal\">Do produkcji 15- letniej whisky Macallan Fine Oak u\u017cywane s\u0105 trzy rodzaje starannie wyselekcjonowanych beczek. Destylaty le\u017cakuj\u0105 zar\u00f3wno w ameryka\u0144skich d\u0119bowych beczkach po burbonie oraz sherry jak r\u00f3wnie\u017c w beczce z hiszpa\u0144skiego d\u0119bu po sherry. Taki proces starzenia pozwala na uzyskanie niesko\u0144czonej gamy aromat\u00f3w owocowych z nutk\u0105 miodu i wanilii w tle. W przyjemnym i zbalansowanym smaku wyczuwalne s\u0105 akcenty owoc\u00f3w, karmelu, miodu oraz ciemnej czekolady.<\/p>\n","protected":false},"excerpt":{"rendered":"<p>Do produkcji 15- letniej whisky Macallan Fine Oak u\u017cywane s\u0105 trzy rodzaje starannie wyselekcjonowanych beczek. Destylaty le\u017cakuj\u0105 zar\u00f3wno w ameryka\u0144skich d\u0119bowych beczkach po burbonie oraz sherry jak r\u00f3wnie\u017c w beczce z hiszpa\u0144skiego d\u0119bu po sherry. T&#8230;<\/p>\n","protected":false},"featured_media":12840,"comment_status":"open","ping_status":"closed","template":"","meta":[],"product_cat":[142,143],"product_tag":[],"class_list":{"0":"post-12841","1":"product","2":"type-product","3":"status-publish","4":"has-post-thumbnail","6":"product_cat-alkohole-mocne","7":"product_cat-whisky","9":"first","10":"instock","11":"shipping-taxable","12":"purchasable","13":"product-type-simple"},"_links":{"self":[{"href":"http:\/\/delikatesy.wineport.pl\/index.php?rest_route=\/wp\/v2\/product\/12841","targetHints":{"allow":["GET"]}}],"collection":[{"href":"http:\/\/delikatesy.wineport.pl\/index.php?rest_route=\/wp\/v2\/product"}],"about":[{"href":"http:\/\/delikatesy.wineport.pl\/index.php?rest_route=\/wp\/v2\/types\/product"}],"replies":[{"embeddable":true,"href":"http:\/\/delikatesy.wineport.pl\/index.php?rest_route=%2Fwp%2Fv2%2Fcomments&post=12841"}],"wp:featuredmedia":[{"embeddable":true,"href":"http:\/\/delikatesy.wineport.pl\/index.php?rest_route=\/wp\/v2\/media\/12840"}],"wp:attachment":[{"href":"http:\/\/delikatesy.wineport.pl\/index.php?rest_route=%2Fwp%2Fv2%2Fmedia&parent=12841"}],"wp:term":[{"taxonomy":"product_cat","embeddable":true,"href":"http:\/\/delikatesy.wineport.pl\/index.php?rest_route=%2Fwp%2Fv2%2Fproduct_cat&post=12841"},{"taxonomy":"product_tag","embeddable":true,"href":"http:\/\/delikatesy.wineport.pl\/index.php?rest_route=%2Fwp%2Fv2%2Fproduct_tag&post=12841"}],"curies":[{"name":"wp","href":"https:\/\/api.w.org\/{rel}","templated":true}]}}