{"id":12845,"date":"2024-03-14T13:39:04","date_gmt":"2024-03-14T12:39:04","guid":{"rendered":"http:\/\/delikatesy.wineport.pl\/?product=whisky-lagavulin-16yo-07l"},"modified":"2026-05-17T20:54:03","modified_gmt":"2026-05-17T18:54:03","slug":"whisky-lagavulin-16yo-07l","status":"publish","type":"product","link":"http:\/\/delikatesy.wineport.pl\/?product=whisky-lagavulin-16yo-07l","title":{"rendered":"Whisky Lagavulin 16YO 0,7L"},"content":{"rendered":"<p><span style=\"color: #ff0000; font-size: 16px; font-family: arial, helvetica, sans-serif;\">UWAGA!!! NIE WYSY\u0141AMY ALKOHOLU W PRZYPADKU ZAM\u00d3WIE\u0143 OD OS\u00d3B PRYWATNYCH, TYLKO ODBI\u00d3R OSOBISTY NA UL. \u015aW. STANIS\u0141AWA 12 W WARSZAWIE!!! W przypadku op\u0142acenia zam\u00f3wienia alkoholu z wysy\u0142k\u0105, przy zwrocie pieni\u0119dzy zostanie potr\u0105cona prowizja\u00a0DOTPAY!<\/span><\/p>\n<p><span style=\"color: #ff0000; font-size: 16px; font-family: arial, helvetica, sans-serif;\">\u00a0<\/span><\/p>\n<p class=\"MsoNormal\">16 letnia whisky s\u0142odowa z wyspy Islay o ciemno-br\u0105zowym kolorze, mocnym smaku drewna i torfu. Lagavulin to trunek do\u015b\u0107 \u0142agodny, niezwykle d\u0142ugo pozostaje na podniebieniu. Ma barw\u0119 najczystszego bursztynu, niezwyk\u0142e bogactwo aromat\u00f3w &#8211; morskie powietrze i wodorosty splataj\u0105 si\u0119 z torfowym dymem, ze \u015bladami sherry, wrzosu, a nawet tostowanego pieczywa. W palecie smakowej to, co w whisky najpi\u0119kniejsze &#8211; r\u00f3\u017cne warstwy odkrywaj\u0105ce si\u0119 jedna po drugiej. Zaczynamy od wytrawnych, torfowych i morskich, jednak wkr\u00f3tce doznajemy s\u0142odyczy sherry, a w d\u0142ugim pot\u0119\u017cnym finiszu znowu wdychamy dym wypalanych torfowisk.<\/p>\n","protected":false},"excerpt":{"rendered":"<p>16 letnia whisky s\u0142odowa z wyspy Islay o ciemno-br\u0105zowym kolorze, mocnym smaku drewna i torfu. Lagavulin to trunek do\u015b\u0107 \u0142agodny, niezwykle d\u0142ugo pozostaje na podniebieniu. Ma barw\u0119 najczystszego bursztynu, niezwyk\u0142e bogactwo aromat\u00f3w &#8211; morskie powiet&#8230;<\/p>\n","protected":false},"featured_media":12844,"comment_status":"open","ping_status":"closed","template":"","meta":[],"product_cat":[142,154,143],"product_tag":[],"class_list":{"0":"post-12845","1":"product","2":"type-product","3":"status-publish","4":"has-post-thumbnail","6":"product_cat-alkohole-mocne","7":"product_cat-szkocja","8":"product_cat-whisky","10":"first","11":"instock","12":"shipping-taxable","13":"purchasable","14":"product-type-simple"},"_links":{"self":[{"href":"http:\/\/delikatesy.wineport.pl\/index.php?rest_route=\/wp\/v2\/product\/12845","targetHints":{"allow":["GET"]}}],"collection":[{"href":"http:\/\/delikatesy.wineport.pl\/index.php?rest_route=\/wp\/v2\/product"}],"about":[{"href":"http:\/\/delikatesy.wineport.pl\/index.php?rest_route=\/wp\/v2\/types\/product"}],"replies":[{"embeddable":true,"href":"http:\/\/delikatesy.wineport.pl\/index.php?rest_route=%2Fwp%2Fv2%2Fcomments&post=12845"}],"wp:featuredmedia":[{"embeddable":true,"href":"http:\/\/delikatesy.wineport.pl\/index.php?rest_route=\/wp\/v2\/media\/12844"}],"wp:attachment":[{"href":"http:\/\/delikatesy.wineport.pl\/index.php?rest_route=%2Fwp%2Fv2%2Fmedia&parent=12845"}],"wp:term":[{"taxonomy":"product_cat","embeddable":true,"href":"http:\/\/delikatesy.wineport.pl\/index.php?rest_route=%2Fwp%2Fv2%2Fproduct_cat&post=12845"},{"taxonomy":"product_tag","embeddable":true,"href":"http:\/\/delikatesy.wineport.pl\/index.php?rest_route=%2Fwp%2Fv2%2Fproduct_tag&post=12845"}],"curies":[{"name":"wp","href":"https:\/\/api.w.org\/{rel}","templated":true}]}}