{"id":12851,"date":"2024-03-14T13:39:08","date_gmt":"2024-03-14T12:39:08","guid":{"rendered":"http:\/\/delikatesy.wineport.pl\/?product=chivas-regal-18-yo-07-l"},"modified":"2026-05-10T18:47:07","modified_gmt":"2026-05-10T16:47:07","slug":"chivas-regal-18-yo-07-l","status":"publish","type":"product","link":"http:\/\/delikatesy.wineport.pl\/?product=chivas-regal-18-yo-07-l","title":{"rendered":"Chivas Regal 18 YO 0,7 l"},"content":{"rendered":"<p><span style=\"color: #ff0000; font-size: 16px; font-family: arial, helvetica, sans-serif;\">UWAGA!!! NIE WYSY\u0141AMY ALKOHOLU W PRZYPADKU ZAM\u00d3WIE\u0143 OD OS\u00d3B PRYWATNYCH, TYLKO ODBI\u00d3R OSOBISTY NA UL. \u015aW. STANIS\u0141AWA 12 W WARSZAWIE!!! W przypadku op\u0142acenia zam\u00f3wienia alkoholu z wysy\u0142k\u0105, przy zwrocie pieni\u0119dzy zostanie potr\u0105cona prowizja\u00a0DOTPAY!<\/span><\/p>\n<p><span style=\"color: #ff0000; font-size: 16px; font-family: arial, helvetica, sans-serif;\">\u00a0<\/span><\/p>\n<p style=\"margin: 0cm 0cm 0.0001pt; background-position: initial initial; background-repeat: initial initial;\"><span style=\"font-size: 11.0pt;\">Ciemnobursztynowa barwa zach\u0119ca do odkrycia wielopoziomowych nut nosa- suszone owoce, \u015bmietankowe toffii i ciemna czekolada wiod\u0105 zdecydowany prym. Smak jest jedwabisty, z nutami czekolady, karmelu, kwiat\u00f3w i dymu. Finisz d\u0142ugi, pe\u0142en przyjemnego ciep\u0142a,\u00a0 <span style=\"outline: none 0px; background-position: initial initial; background-repeat: initial initial;\">owocowo-cytrusowy aromat wyko\u0144czony nut\u0105 wytrawnej shery<\/span> <span style=\"outline: none 0px; background-position: initial initial; background-repeat: initial initial;\">.<\/span> <\/span><\/p>\n<p>\u00a0<\/p>\n<p style=\"margin: 0px 0px 1em; padding: 0px; border: 0px; outline: none 0px; font-size: 12px; background-color: #ffffff; font-family: Tahoma, Arial, sans-serif;\">\u00a0<\/p>\n","protected":false},"excerpt":{"rendered":"<p>Ciemnobursztynowa barwa zach\u0119ca do odkrycia wielopoziomowych nut nosa- suszone owoce, \u015bmietankowe toffii i ciemna czekolada wiod\u0105 zdecydowany prym. Smak jest jedwabisty, z nutami czekolady, karmelu, kwiat\u00f3w i dymu. Finisz d\u0142ugi, pe\u0142en przyjemnego cie&#8230;<\/p>\n","protected":false},"featured_media":12850,"comment_status":"open","ping_status":"closed","template":"","meta":[],"product_cat":[142,154,143],"product_tag":[],"class_list":{"0":"post-12851","1":"product","2":"type-product","3":"status-publish","4":"has-post-thumbnail","6":"product_cat-alkohole-mocne","7":"product_cat-szkocja","8":"product_cat-whisky","10":"first","11":"instock","12":"shipping-taxable","13":"purchasable","14":"product-type-simple"},"_links":{"self":[{"href":"http:\/\/delikatesy.wineport.pl\/index.php?rest_route=\/wp\/v2\/product\/12851","targetHints":{"allow":["GET"]}}],"collection":[{"href":"http:\/\/delikatesy.wineport.pl\/index.php?rest_route=\/wp\/v2\/product"}],"about":[{"href":"http:\/\/delikatesy.wineport.pl\/index.php?rest_route=\/wp\/v2\/types\/product"}],"replies":[{"embeddable":true,"href":"http:\/\/delikatesy.wineport.pl\/index.php?rest_route=%2Fwp%2Fv2%2Fcomments&post=12851"}],"wp:featuredmedia":[{"embeddable":true,"href":"http:\/\/delikatesy.wineport.pl\/index.php?rest_route=\/wp\/v2\/media\/12850"}],"wp:attachment":[{"href":"http:\/\/delikatesy.wineport.pl\/index.php?rest_route=%2Fwp%2Fv2%2Fmedia&parent=12851"}],"wp:term":[{"taxonomy":"product_cat","embeddable":true,"href":"http:\/\/delikatesy.wineport.pl\/index.php?rest_route=%2Fwp%2Fv2%2Fproduct_cat&post=12851"},{"taxonomy":"product_tag","embeddable":true,"href":"http:\/\/delikatesy.wineport.pl\/index.php?rest_route=%2Fwp%2Fv2%2Fproduct_tag&post=12851"}],"curies":[{"name":"wp","href":"https:\/\/api.w.org\/{rel}","templated":true}]}}