{"id":12899,"date":"2024-03-14T13:39:17","date_gmt":"2024-03-14T12:39:17","guid":{"rendered":"http:\/\/delikatesy.wineport.pl\/?product=pliska-brandy-7-letnia-7-05l"},"modified":"2026-05-10T18:48:02","modified_gmt":"2026-05-10T16:48:02","slug":"pliska-brandy-7-letnia-7-05l","status":"publish","type":"product","link":"http:\/\/delikatesy.wineport.pl\/?product=pliska-brandy-7-letnia-7-05l","title":{"rendered":"PLISKA BRANDY 7 LETNIA 7* 0,5l"},"content":{"rendered":"<div class=\"text border-top\" style=\"border-top-width: 1px; border-top-style: solid; border-top-color: #d9d9d9; color: #323232; padding: 5px 15px 15px; line-height: 1.6em; font-family: tahoma, helvetica, sans-serif; font-size: 11px; background-color: #fdfaf9;\"><span style=\"font-size: 11pt;\"><span style=\"color: #ff0000;\">UWAGA!!! NIE WYSY\u0141AMY ALKOHOLU KURIEREM W PRZYPADKU ZAM\u00d3WIE\u0143 OD OS\u00d3B PRYWATNYCH, TYLKO ODBI\u00d3R OSOBISTY NA UL. \u015aW. STANIS\u0141AWA 12 W WARSZAWIE!!! W przypadku op\u0142acenia zam\u00f3wienia alkoholu z wysy\u0142k\u0105, przy zwrocie pieni\u0119dzy zostanie potr\u0105cona prowizja\u00a0<\/span><strong style=\"color: #ff0000;\">DOTPAY<\/strong><span style=\"color: #ff0000;\">!<\/span><\/span><\/div>\n<div class=\"text border-top\" style=\"border-top-width: 1px; border-top-style: solid; border-top-color: #d9d9d9; color: #323232; padding: 5px 15px 15px; line-height: 1.6em; font-family: tahoma, helvetica, sans-serif; font-size: 11px; background-color: #fdfaf9;\"><span style=\"font-size: 11pt;\">Bardzo dobrze znana marka na polskim rynku.\u00a0\u00a0Wysokojako\u015bciowa brandy produkowana przy u\u017cyciu tradycyjnych technologii ze starych winnych destylat\u00f3w, kt\u00f3re le\u017cakowa\u0142y ponad 7 lat w d\u0119bowych beczkach.\u00a0<\/span><\/div>\n<div class=\"border-top\" style=\"border-top-width: 1px; border-top-style: solid; border-top-color: #d9d9d9; color: #323232; font-family: tahoma, helvetica, sans-serif; font-size: 11px; background-color: #fdfaf9;\">\u00a0<\/div>\n","protected":false},"excerpt":{"rendered":"<p>Bardzo dobrze znana marka na polskim rynku. Wysokojako\u015bciowa brandy produkowana przy u\u017cyciu tradycyjnych technologii ze starych winnych destylat\u00f3w, kt\u00f3re le\u017cakowa\u0142y ponad 7 lat w d\u0119bowych beczkach.<\/p>\n","protected":false},"featured_media":12898,"comment_status":"open","ping_status":"closed","template":"","meta":[],"product_cat":[142,146,153,145],"product_tag":[],"class_list":{"0":"post-12899","1":"product","2":"type-product","3":"status-publish","4":"has-post-thumbnail","6":"product_cat-alkohole-mocne","7":"product_cat-armagnac-i-brandy","8":"product_cat-bulgaria","9":"product_cat-cognac","11":"first","12":"instock","13":"shipping-taxable","14":"purchasable","15":"product-type-simple"},"_links":{"self":[{"href":"http:\/\/delikatesy.wineport.pl\/index.php?rest_route=\/wp\/v2\/product\/12899","targetHints":{"allow":["GET"]}}],"collection":[{"href":"http:\/\/delikatesy.wineport.pl\/index.php?rest_route=\/wp\/v2\/product"}],"about":[{"href":"http:\/\/delikatesy.wineport.pl\/index.php?rest_route=\/wp\/v2\/types\/product"}],"replies":[{"embeddable":true,"href":"http:\/\/delikatesy.wineport.pl\/index.php?rest_route=%2Fwp%2Fv2%2Fcomments&post=12899"}],"wp:featuredmedia":[{"embeddable":true,"href":"http:\/\/delikatesy.wineport.pl\/index.php?rest_route=\/wp\/v2\/media\/12898"}],"wp:attachment":[{"href":"http:\/\/delikatesy.wineport.pl\/index.php?rest_route=%2Fwp%2Fv2%2Fmedia&parent=12899"}],"wp:term":[{"taxonomy":"product_cat","embeddable":true,"href":"http:\/\/delikatesy.wineport.pl\/index.php?rest_route=%2Fwp%2Fv2%2Fproduct_cat&post=12899"},{"taxonomy":"product_tag","embeddable":true,"href":"http:\/\/delikatesy.wineport.pl\/index.php?rest_route=%2Fwp%2Fv2%2Fproduct_tag&post=12899"}],"curies":[{"name":"wp","href":"https:\/\/api.w.org\/{rel}","templated":true}]}}