{"id":12905,"date":"2024-03-14T13:39:22","date_gmt":"2024-03-14T12:39:22","guid":{"rendered":"http:\/\/delikatesy.wineport.pl\/?product=barkan-altiude-cabernet-075l"},"modified":"2026-05-10T18:48:04","modified_gmt":"2026-05-10T16:48:04","slug":"barkan-altiude-cabernet-075l","status":"publish","type":"product","link":"http:\/\/delikatesy.wineport.pl\/?product=barkan-altiude-cabernet-075l","title":{"rendered":"Barkan Altiude Cabernet 0,75L"},"content":{"rendered":"<p class=\"MsoNormal\"><span style=\"color: #ff0000;\">UWAGA!!! NIE WYSY\u0141AMY ALKOHOLU KURIEREM W PRZYPADKU ZAM\u00d3WIE\u0143 OD OS\u00d3B PRYWATNYCH, TYLKO ODBI\u00d3R OSOBISTY NA UL. \u015aW. STANIS\u0141AWA 12 W WARSZAWIE!!! W przypadku op\u0142acenia zam\u00f3wienia alkoholu z wysy\u0142k\u0105, przy zwrocie pieni\u0119dzy zostanie potr\u0105cona prowizja\u00a0<\/span><strong style=\"color: #ff0000;\">DOTPAY<\/strong><span style=\"color: #ff0000;\">!<\/span><\/p>\n<p class=\"MsoNormal\">Wino o g\u0142\u0119bokiej barwie z czarnymi horyzontami. Tworzone z gron r\u0119cznie zbieranych na wzg\u00f3rzach Galilea na wysoko\u015bci 624 m.n.p.m. Le\u017cakowane 14 miesi\u0119cy w nowych beczkach francuskich. Bukiet malin, czarnych wi\u015bni i jag\u00f3d z pikantnymi tonami wanilii i cynamonu. Pe\u0142ne o mocnej strukturze i eleganckim finiszu. Koszerne. Polecane z dojrza\u0142ymi, mi\u0119kkimi serami i jagni\u0119cin\u0105.<\/p>\n<p class=\"MsoNormal\">\u00a0<\/p>\n","protected":false},"excerpt":{"rendered":"<p>Wino o g\u0142\u0119bokiej barwie z czarnymi horyzontami. Tworzone z gron r\u0119cznie zbieranych na wzg\u00f3rzach Galilea na wysoko\u015bci 624 m.n.p.m. Le\u017cakowane 14 miesi\u0119cy w nowych beczkach francuskich. Bukiet malin, czarnych wi\u015bni i jag\u00f3d z pikantnymi tonami wanilii i&#8230;<\/p>\n","protected":false},"featured_media":12904,"comment_status":"open","ping_status":"closed","template":"","meta":[],"product_cat":[205,80],"product_tag":[],"class_list":{"0":"post-12905","1":"product","2":"type-product","3":"status-publish","4":"has-post-thumbnail","6":"product_cat-izrael","7":"product_cat-wina-swiata","9":"first","10":"instock","11":"shipping-taxable","12":"purchasable","13":"product-type-simple"},"_links":{"self":[{"href":"http:\/\/delikatesy.wineport.pl\/index.php?rest_route=\/wp\/v2\/product\/12905","targetHints":{"allow":["GET"]}}],"collection":[{"href":"http:\/\/delikatesy.wineport.pl\/index.php?rest_route=\/wp\/v2\/product"}],"about":[{"href":"http:\/\/delikatesy.wineport.pl\/index.php?rest_route=\/wp\/v2\/types\/product"}],"replies":[{"embeddable":true,"href":"http:\/\/delikatesy.wineport.pl\/index.php?rest_route=%2Fwp%2Fv2%2Fcomments&post=12905"}],"wp:featuredmedia":[{"embeddable":true,"href":"http:\/\/delikatesy.wineport.pl\/index.php?rest_route=\/wp\/v2\/media\/12904"}],"wp:attachment":[{"href":"http:\/\/delikatesy.wineport.pl\/index.php?rest_route=%2Fwp%2Fv2%2Fmedia&parent=12905"}],"wp:term":[{"taxonomy":"product_cat","embeddable":true,"href":"http:\/\/delikatesy.wineport.pl\/index.php?rest_route=%2Fwp%2Fv2%2Fproduct_cat&post=12905"},{"taxonomy":"product_tag","embeddable":true,"href":"http:\/\/delikatesy.wineport.pl\/index.php?rest_route=%2Fwp%2Fv2%2Fproduct_tag&post=12905"}],"curies":[{"name":"wp","href":"https:\/\/api.w.org\/{rel}","templated":true}]}}