{"id":12909,"date":"2024-03-14T13:39:28","date_gmt":"2024-03-14T12:39:28","guid":{"rendered":"http:\/\/delikatesy.wineport.pl\/?product=barkan-reserve-cabernet-sauvignon-075-l-wino-koszerne"},"modified":"2026-05-10T18:48:06","modified_gmt":"2026-05-10T16:48:06","slug":"barkan-reserve-cabernet-sauvignon-075-l-wino-koszerne","status":"publish","type":"product","link":"http:\/\/delikatesy.wineport.pl\/?product=barkan-reserve-cabernet-sauvignon-075-l-wino-koszerne","title":{"rendered":"Barkan Reserve Cabernet Sauvignon 0,75 l- wino koszerne"},"content":{"rendered":"<p class=\"MsoNormal\"><span style=\"color: #ff0000;\">UWAGA!!! NIE WYSY\u0141AMY ALKOHOLU KURIEREM W PRZYPADKU ZAM\u00d3WIE\u0143 OD OS\u00d3B PRYWATNYCH, TYLKO ODBI\u00d3R OSOBISTY NA UL. \u015aW. STANIS\u0141AWA 12 W WARSZAWIE!!! W przypadku op\u0142acenia zam\u00f3wienia alkoholu z wysy\u0142k\u0105, przy zwrocie pieni\u0119dzy zostanie potr\u0105cona prowizja\u00a0<\/span><strong style=\"color: #ff0000;\">DOTPAY<\/strong><span style=\"color: #ff0000;\">!<\/span><\/p>\n<p class=\"MsoNormal\">Finezyjne i eleganckie wino\u00a0w stylu \u201eStarego \u015awiata\u201d. Le\u017cakowane ponad 20 miesi\u0119cy we francuskich beczkach jest perfekcyjn\u0105 harmoni\u0105 mi\u0119dzy owocowym aromatem czarnych i czerwonych porzeczek a s\u0142odko-pikantnym dotykiem d\u0119bu z powiewem pude\u0142ka cygar. Przez kilka nast\u0119pnych lat mo\u017ce dojrzewa\u0107 w butelce. Koszerne. Podawanie: z dojrza\u0142ymi, mi\u0119kkimi serami i jagni\u0119cin\u0105.<\/p>\n<p>Winiarnia: Barkan Wine Cellars<\/p>\n<p>Szczep: Cabernet Sauvignon<\/p>\n<p>Pojemno\u015b\u0107: 750 ml<\/p>\n<p>Zawarto\u015b\u0107 alkoholu: 14 %<\/p>\n","protected":false},"excerpt":{"rendered":"<p>Finezyjne i eleganckie wino\u00a0w stylu \u201eStarego \u015awiata\u201d. Le\u017cakowane ponad 20 miesi\u0119cy we francuskich beczkach jest perfekcyjn\u0105 harmoni\u0105 mi\u0119dzy owocowym aromatem czarnych i czerwonych porzeczek a s\u0142odko-pikantnym dotykiem d\u0119bu z powiewem pude\u0142ka cygar. Przez kilka nast\u0119pnych lat mo\u017ce dojrzewa\u0107 w butelce. Koszerne. Podawanie: z dojrza\u0142ymi, mi\u0119kkimi serami i jagni\u0119cin\u0105.<\/p>\n<p>Winiarnia: Barkan Wine Cellars<\/p>\n<p>Szczep: Cabernet Sauvignon<\/p>\n<p>Pojemno\u015b\u0107: 750 ml<\/p>\n<p>Zawarto\u015b\u0107 alkoholu: 14 %<\/p>\n","protected":false},"featured_media":12908,"comment_status":"open","ping_status":"closed","template":"","meta":[],"product_cat":[205,80],"product_tag":[],"class_list":{"0":"post-12909","1":"product","2":"type-product","3":"status-publish","4":"has-post-thumbnail","6":"product_cat-izrael","7":"product_cat-wina-swiata","9":"first","10":"instock","11":"shipping-taxable","12":"purchasable","13":"product-type-simple"},"_links":{"self":[{"href":"http:\/\/delikatesy.wineport.pl\/index.php?rest_route=\/wp\/v2\/product\/12909","targetHints":{"allow":["GET"]}}],"collection":[{"href":"http:\/\/delikatesy.wineport.pl\/index.php?rest_route=\/wp\/v2\/product"}],"about":[{"href":"http:\/\/delikatesy.wineport.pl\/index.php?rest_route=\/wp\/v2\/types\/product"}],"replies":[{"embeddable":true,"href":"http:\/\/delikatesy.wineport.pl\/index.php?rest_route=%2Fwp%2Fv2%2Fcomments&post=12909"}],"wp:featuredmedia":[{"embeddable":true,"href":"http:\/\/delikatesy.wineport.pl\/index.php?rest_route=\/wp\/v2\/media\/12908"}],"wp:attachment":[{"href":"http:\/\/delikatesy.wineport.pl\/index.php?rest_route=%2Fwp%2Fv2%2Fmedia&parent=12909"}],"wp:term":[{"taxonomy":"product_cat","embeddable":true,"href":"http:\/\/delikatesy.wineport.pl\/index.php?rest_route=%2Fwp%2Fv2%2Fproduct_cat&post=12909"},{"taxonomy":"product_tag","embeddable":true,"href":"http:\/\/delikatesy.wineport.pl\/index.php?rest_route=%2Fwp%2Fv2%2Fproduct_tag&post=12909"}],"curies":[{"name":"wp","href":"https:\/\/api.w.org\/{rel}","templated":true}]}}