{"id":12921,"date":"2024-03-14T13:39:31","date_gmt":"2024-03-14T12:39:31","guid":{"rendered":"http:\/\/delikatesy.wineport.pl\/?product=domaine-merlot-barkan-075l"},"modified":"2026-05-10T18:48:10","modified_gmt":"2026-05-10T16:48:10","slug":"domaine-merlot-barkan-075l","status":"publish","type":"product","link":"http:\/\/delikatesy.wineport.pl\/?product=domaine-merlot-barkan-075l","title":{"rendered":"Domaine Merlot Barkan 0,75l"},"content":{"rendered":"<p class=\"MsoNormal\"><span style=\"color: #ff0000;\">UWAGA!!! NIE WYSY\u0141AMY ALKOHOLU KURIEREM W PRZYPADKU ZAM\u00d3WIE\u0143 OD OS\u00d3B PRYWATNYCH, TYLKO ODBI\u00d3R OSOBISTY NA UL. \u015aW. STANIS\u0141AWA 12 W WARSZAWIE!!! W przypadku op\u0142acenia zam\u00f3wienia alkoholu z wysy\u0142k\u0105, przy zwrocie pieni\u0119dzy zostanie potr\u0105cona prowizja\u00a0<\/span><strong style=\"color: #ff0000;\">DOTPAY<\/strong><span style=\"color: #ff0000;\">!<\/span><\/p>\n<p class=\"MsoNormal\">Czerwone wytrawne wino o pi\u0119knej rubinowej barwie.\u00a0 <span style=\"outline: 0px;\">Bogaty owocowy aromat tego m\u0142odego wina, nadaje mu niepowtarzalny, intryguj\u0105cy charakter. W smaku pe\u0142ne i aksamitne z eleganck\u0105 wanili\u0105 na finiszu. Koszerne.<\/span><\/p>\n","protected":false},"excerpt":{"rendered":"<p>Czerwone wytrawne wino o pi\u0119knej rubinowej barwie. Bogaty owocowy aromat tego m\u0142odego wina, nadaje mu niepowtarzalny, intryguj\u0105cy charakter. W smaku pe\u0142ne i aksamitne z eleganck\u0105 wanili\u0105 na finiszu. Koszerne. <\/p>\n","protected":false},"featured_media":12920,"comment_status":"open","ping_status":"closed","template":"","meta":[],"product_cat":[205,80],"product_tag":[],"class_list":{"0":"post-12921","1":"product","2":"type-product","3":"status-publish","4":"has-post-thumbnail","6":"product_cat-izrael","7":"product_cat-wina-swiata","9":"first","10":"instock","11":"shipping-taxable","12":"purchasable","13":"product-type-simple"},"_links":{"self":[{"href":"http:\/\/delikatesy.wineport.pl\/index.php?rest_route=\/wp\/v2\/product\/12921","targetHints":{"allow":["GET"]}}],"collection":[{"href":"http:\/\/delikatesy.wineport.pl\/index.php?rest_route=\/wp\/v2\/product"}],"about":[{"href":"http:\/\/delikatesy.wineport.pl\/index.php?rest_route=\/wp\/v2\/types\/product"}],"replies":[{"embeddable":true,"href":"http:\/\/delikatesy.wineport.pl\/index.php?rest_route=%2Fwp%2Fv2%2Fcomments&post=12921"}],"wp:featuredmedia":[{"embeddable":true,"href":"http:\/\/delikatesy.wineport.pl\/index.php?rest_route=\/wp\/v2\/media\/12920"}],"wp:attachment":[{"href":"http:\/\/delikatesy.wineport.pl\/index.php?rest_route=%2Fwp%2Fv2%2Fmedia&parent=12921"}],"wp:term":[{"taxonomy":"product_cat","embeddable":true,"href":"http:\/\/delikatesy.wineport.pl\/index.php?rest_route=%2Fwp%2Fv2%2Fproduct_cat&post=12921"},{"taxonomy":"product_tag","embeddable":true,"href":"http:\/\/delikatesy.wineport.pl\/index.php?rest_route=%2Fwp%2Fv2%2Fproduct_tag&post=12921"}],"curies":[{"name":"wp","href":"https:\/\/api.w.org\/{rel}","templated":true}]}}