{"id":12923,"date":"2024-03-14T13:39:32","date_gmt":"2024-03-14T12:39:32","guid":{"rendered":"http:\/\/delikatesy.wineport.pl\/?product=kinor-sacramental-075l"},"modified":"2026-05-10T18:48:10","modified_gmt":"2026-05-10T16:48:10","slug":"kinor-sacramental-075l","status":"publish","type":"product","link":"http:\/\/delikatesy.wineport.pl\/?product=kinor-sacramental-075l","title":{"rendered":"Kinor Sacramental 0,75L"},"content":{"rendered":"<p class=\"MsoNormal\">Wino  czerwone, s\u0142odkie o intensywnym owocowym aromacie i smaku. Doskona\u0142e do  deser\u00f3w, lod\u00f3w i sa\u0142atek owocowych. Mo\u017cna podawa\u0107 w temperaturze pokojowej oraz  lekko sch\u0142odzone. Wino Koszerne.  \t<o:p><\/o:p><\/p>\n<p><span style=\"color: #ff0000;\">UWAGA!!! NIE WYSY\u0141AMY ALKOHOLU KURIEREM W PRZYPADKU ZAM\u00d3WIE\u0143 OD OS\u00d3B PRYWATNYCH, TYLKO ODBI\u00d3R OSOBISTY NA UL. \u015aW. STANIS\u0141AWA 12 W WARSZAWIE!!! W przypadku op\u0142acenia zam\u00f3wienia alkoholu z wysy\u0142k\u0105, przy zwrocie pieni\u0119dzy zostanie potr\u0105cona prowizja DOTPAY!<\/p>\n","protected":false},"excerpt":{"rendered":"<p>Wino czerwone, s\u0142odkie o intensywnym owocowym aromacie i smaku. Doskona\u0142e do deser\u00f3w, lod\u00f3w i sa\u0142atek owocowych. Mo\u017cna podawa\u0107 w temperaturze pokojowej oraz lekko sch\u0142odzone. Wino Koszerne.<\/p>\n","protected":false},"featured_media":12922,"comment_status":"open","ping_status":"closed","template":"","meta":[],"product_cat":[205,80],"product_tag":[],"class_list":{"0":"post-12923","1":"product","2":"type-product","3":"status-publish","4":"has-post-thumbnail","6":"product_cat-izrael","7":"product_cat-wina-swiata","9":"first","10":"instock","11":"shipping-taxable","12":"purchasable","13":"product-type-simple"},"_links":{"self":[{"href":"http:\/\/delikatesy.wineport.pl\/index.php?rest_route=\/wp\/v2\/product\/12923","targetHints":{"allow":["GET"]}}],"collection":[{"href":"http:\/\/delikatesy.wineport.pl\/index.php?rest_route=\/wp\/v2\/product"}],"about":[{"href":"http:\/\/delikatesy.wineport.pl\/index.php?rest_route=\/wp\/v2\/types\/product"}],"replies":[{"embeddable":true,"href":"http:\/\/delikatesy.wineport.pl\/index.php?rest_route=%2Fwp%2Fv2%2Fcomments&post=12923"}],"wp:featuredmedia":[{"embeddable":true,"href":"http:\/\/delikatesy.wineport.pl\/index.php?rest_route=\/wp\/v2\/media\/12922"}],"wp:attachment":[{"href":"http:\/\/delikatesy.wineport.pl\/index.php?rest_route=%2Fwp%2Fv2%2Fmedia&parent=12923"}],"wp:term":[{"taxonomy":"product_cat","embeddable":true,"href":"http:\/\/delikatesy.wineport.pl\/index.php?rest_route=%2Fwp%2Fv2%2Fproduct_cat&post=12923"},{"taxonomy":"product_tag","embeddable":true,"href":"http:\/\/delikatesy.wineport.pl\/index.php?rest_route=%2Fwp%2Fv2%2Fproduct_tag&post=12923"}],"curies":[{"name":"wp","href":"https:\/\/api.w.org\/{rel}","templated":true}]}}