{"id":13009,"date":"2024-03-14T13:39:50","date_gmt":"2024-03-14T12:39:50","guid":{"rendered":"http:\/\/delikatesy.wineport.pl\/?product=likier-krupnik-miodowy-05l"},"modified":"2026-05-10T18:49:06","modified_gmt":"2026-05-10T16:49:06","slug":"likier-krupnik-miodowy-05l","status":"publish","type":"product","link":"http:\/\/delikatesy.wineport.pl\/?product=likier-krupnik-miodowy-05l","title":{"rendered":"Likier Krupnik Miodowy 0,5L"},"content":{"rendered":"<p style=\"margin: 0cm; margin-bottom: .0001pt; background: white;\">\u00a0<\/p>\n<p><span style=\"color: #ff0000; font-size: 16px; font-family: arial, helvetica, sans-serif;\">UWAGA!!! NIE WYSY\u0141AMY ALKOHOLU W PRZYPADKU ZAM\u00d3WIE\u0143 OD OS\u00d3B PRYWATNYCH, TYLKO ODBI\u00d3R OSOBISTY NA UL. \u015aW. STANIS\u0141AWA 12 W WARSZAWIE!!! W przypadku op\u0142acenia zam\u00f3wienia alkoholu z wysy\u0142k\u0105, przy zwrocie pieni\u0119dzy zostanie potr\u0105cona prowizja\u00a0DOTPAY!<\/span><\/p>\n<p style=\"margin: 0cm; margin-bottom: .0001pt; background: white;\">\u00a0<\/p>\n<p><span style=\"color: #ff0000; font-size: 16px; font-family: arial, helvetica, sans-serif;\">\u00a0<\/span><\/p>\n<p style=\"margin: 0cm; margin-bottom: .0001pt; background: white;\"><span style=\"font-size: 11.0pt;\">swoim charakterem nawi\u0105zuje do szlachetnej tradycji alkoholi na bazie miodu si\u0119gaj\u0105cej a\u017c \u015aredniowiecza, kiedy to szlachta i rycerze raczyli si\u0119 nalewkami miodowymi. <\/span><\/p>\n<p style=\"margin: 0cm 0cm 0.0001pt; background-color: white; outline: none 0px; background-position: initial initial; background-repeat: initial initial;\"><span style=\"outline: none 0px; background-position: initial initial; background-repeat: initial initial;\"> <span style=\"outline: none 0px; background-position: initial initial; background-repeat: initial initial;\"> <span style=\"font-size: 11.0pt;\">Obecnie produkowany jest wed\u0142ug tych samych receptur, jednak\u017ce przy u\u017cyciu najnowszych technologii.\u00a0<\/span><\/span><\/span> <span style=\"font-family: Calibri, sans-serif; font-size: 11pt;\">Sw\u00f3j harmonijny smak zawdzi\u0119cza specjalnie dobieranym gatunkom prawdziwego miodu pszczelego i nalewkom korzenno-zio\u0142owym.<\/span><\/p>\n","protected":false},"excerpt":{"rendered":"<p>Krupnik swoim charakterem nawi\u0105zuje do szlachetnej tradycji alkoholi na bazie miodu si\u0119gaj\u0105cej a\u017c \u015aredniowiecza, kiedy to szlachta i rycerze raczyli si\u0119 nalewkami miodowymi. Obecnie produkowany jest wed\u0142ug tych samych receptur, jednak\u017ce przy u\u017cyciu n&#8230;<\/p>\n","protected":false},"featured_media":13008,"comment_status":"open","ping_status":"closed","template":"","meta":[],"product_cat":[190,142],"product_tag":[],"class_list":{"0":"post-13009","1":"product","2":"type-product","3":"status-publish","4":"has-post-thumbnail","6":"product_cat-wodka","7":"product_cat-alkohole-mocne","9":"first","10":"instock","11":"shipping-taxable","12":"purchasable","13":"product-type-simple"},"_links":{"self":[{"href":"http:\/\/delikatesy.wineport.pl\/index.php?rest_route=\/wp\/v2\/product\/13009","targetHints":{"allow":["GET"]}}],"collection":[{"href":"http:\/\/delikatesy.wineport.pl\/index.php?rest_route=\/wp\/v2\/product"}],"about":[{"href":"http:\/\/delikatesy.wineport.pl\/index.php?rest_route=\/wp\/v2\/types\/product"}],"replies":[{"embeddable":true,"href":"http:\/\/delikatesy.wineport.pl\/index.php?rest_route=%2Fwp%2Fv2%2Fcomments&post=13009"}],"wp:featuredmedia":[{"embeddable":true,"href":"http:\/\/delikatesy.wineport.pl\/index.php?rest_route=\/wp\/v2\/media\/13008"}],"wp:attachment":[{"href":"http:\/\/delikatesy.wineport.pl\/index.php?rest_route=%2Fwp%2Fv2%2Fmedia&parent=13009"}],"wp:term":[{"taxonomy":"product_cat","embeddable":true,"href":"http:\/\/delikatesy.wineport.pl\/index.php?rest_route=%2Fwp%2Fv2%2Fproduct_cat&post=13009"},{"taxonomy":"product_tag","embeddable":true,"href":"http:\/\/delikatesy.wineport.pl\/index.php?rest_route=%2Fwp%2Fv2%2Fproduct_tag&post=13009"}],"curies":[{"name":"wp","href":"https:\/\/api.w.org\/{rel}","templated":true}]}}