{"id":13013,"date":"2024-03-14T13:39:50","date_gmt":"2024-03-14T12:39:50","guid":{"rendered":"http:\/\/delikatesy.wineport.pl\/?product=wodka-gorzka-zoladkowa-05l-tradycyjna"},"modified":"2026-05-10T18:49:07","modified_gmt":"2026-05-10T16:49:07","slug":"wodka-gorzka-zoladkowa-05l-tradycyjna","status":"publish","type":"product","link":"http:\/\/delikatesy.wineport.pl\/?product=wodka-gorzka-zoladkowa-05l-tradycyjna","title":{"rendered":"W\u00f3dka Gorzka \u017bo\u0142\u0105dkowa 0,5l tradycyjna"},"content":{"rendered":"<p><span style=\"color: #ff0000; font-size: 16px; font-family: arial, helvetica, sans-serif;\">UWAGA!!! NIE WYSY\u0141AMY ALKOHOLU W PRZYPADKU ZAM\u00d3WIE\u0143 OD OS\u00d3B PRYWATNYCH, TYLKO ODBI\u00d3R OSOBISTY NA UL. \u015aW. STANIS\u0141AWA 12 W WARSZAWIE!!! W przypadku op\u0142acenia zam\u00f3wienia alkoholu z wysy\u0142k\u0105, przy zwrocie pieni\u0119dzy zostanie potr\u0105cona prowizja\u00a0DOTPAY!<\/span><\/p>\n<p><span style=\"color: #ff0000; font-size: 16px; font-family: arial, helvetica, sans-serif;\">\u00a0<\/span><\/p>\n<p class=\"MsoNormal\">W\u00f3dka \u017bo\u0142\u0105dkowa Gorzka\u00a0\u2013\u00a0<a title=\"Znak handlowy\" href=\"http:\/\/pl.wikipedia.org\/wiki\/Znak_handlowy\"> <span style=\"text-decoration: none;\">marka handlowa<\/span><\/a>\u00a0polskiej, wytrawnej\u00a0<a title=\"W\u00f3dka\" href=\"http:\/\/pl.wikipedia.org\/wiki\/W%C3%B3dka\"> <span style=\"text-decoration: none;\">w\u00f3dki<\/span><\/a>\u00a0gatunkowej produkowanej przez\u00a0<a title=\"Polmos\" href=\"http:\/\/pl.wikipedia.org\/wiki\/Polmos\"> <span style=\"text-decoration: none;\">Polmos Lublin S.A.<\/span><\/a> Ma s\u0142odko-gorzki smak i charakterystyczny\u00a0<a title=\"Bukiet (aromat)\" href=\"http:\/\/pl.wikipedia.org\/wiki\/Bukiet_(aromat)\"> <span style=\"text-decoration: none;\">aromat<\/span><\/a>. Stworzona jest z nalewu na suszonych\u00a0<a title=\"Owoc\" href=\"http:\/\/pl.wikipedia.org\/wiki\/Owoc\"> <span style=\"text-decoration: none;\">owocach<\/span><\/a>\u00a0oraz kompozycji\u00a0<a title=\"Ro\u015bliny przyprawowe\" href=\"http:\/\/pl.wikipedia.org\/wiki\/Ro%C5%9Bliny_przyprawowe\"> <span style=\"text-decoration: none;\">zi\u00f3\u0142<\/span><\/a>\u00a0i\u00a0<a title=\"Przyprawa\" href=\"http:\/\/pl.wikipedia.org\/wiki\/Przyprawa\"> <span style=\"text-decoration: none;\">korzeni<\/span><\/a>. Jest w\u00f3dk\u0105, kt\u00f3ra le\u017cakuje przed rozlaniem. W\u00f3dka \u017co\u0142\u0105dkowa gorzka otrzyma\u0142a nagrod\u0119 Oskar FMCG 2006 w kategorii w\u00f3dek gatunkowych, a tak\u017ce nagrod\u0119 CoolBrands oraz Z\u0142oty Medal<a title=\"Mi\u0119dzynarodowe Targi Pozna\u0144skie\" href=\"http:\/\/pl.wikipedia.org\/wiki\/Mi%C4%99dzynarodowe_Targi_Pozna%C5%84skie\"> <span style=\"text-decoration: none;\">Mi\u0119dzynarodowych Targ\u00f3w Pozna\u0144skich<\/span><\/a>\u00a0POLAGRA 2000. Jej odmiana j\u0119czmienna zdoby\u0142a presti\u017cow\u0105 nagrod\u0119\u00a0<a title=\"Monde Selection\" href=\"http:\/\/pl.wikipedia.org\/wiki\/Monde_Selection\"> <span style=\"text-decoration: none;\">Monde Selection<\/span><\/a>.<\/p>\n","protected":false},"excerpt":{"rendered":"<p>W\u00f3dka \u017bo\u0142\u0105dkowa Gorzka \u2013 marka handlowa polskiej, wytrawnej w\u00f3dki gatunkowej produkowanej przez Polmos Lublin S.A. Ma s\u0142odko-gorzki smak i charakterystyczny aromat . Stworzona jest z nalewu na suszonych owocach oraz kompozycji zi\u00f3\u0142 i korzeni . Jest w&#8230;<\/p>\n","protected":false},"featured_media":13012,"comment_status":"open","ping_status":"closed","template":"","meta":[],"product_cat":[190,142],"product_tag":[],"class_list":{"0":"post-13013","1":"product","2":"type-product","3":"status-publish","4":"has-post-thumbnail","6":"product_cat-wodka","7":"product_cat-alkohole-mocne","9":"first","10":"instock","11":"shipping-taxable","12":"purchasable","13":"product-type-simple"},"_links":{"self":[{"href":"http:\/\/delikatesy.wineport.pl\/index.php?rest_route=\/wp\/v2\/product\/13013","targetHints":{"allow":["GET"]}}],"collection":[{"href":"http:\/\/delikatesy.wineport.pl\/index.php?rest_route=\/wp\/v2\/product"}],"about":[{"href":"http:\/\/delikatesy.wineport.pl\/index.php?rest_route=\/wp\/v2\/types\/product"}],"replies":[{"embeddable":true,"href":"http:\/\/delikatesy.wineport.pl\/index.php?rest_route=%2Fwp%2Fv2%2Fcomments&post=13013"}],"wp:featuredmedia":[{"embeddable":true,"href":"http:\/\/delikatesy.wineport.pl\/index.php?rest_route=\/wp\/v2\/media\/13012"}],"wp:attachment":[{"href":"http:\/\/delikatesy.wineport.pl\/index.php?rest_route=%2Fwp%2Fv2%2Fmedia&parent=13013"}],"wp:term":[{"taxonomy":"product_cat","embeddable":true,"href":"http:\/\/delikatesy.wineport.pl\/index.php?rest_route=%2Fwp%2Fv2%2Fproduct_cat&post=13013"},{"taxonomy":"product_tag","embeddable":true,"href":"http:\/\/delikatesy.wineport.pl\/index.php?rest_route=%2Fwp%2Fv2%2Fproduct_tag&post=13013"}],"curies":[{"name":"wp","href":"https:\/\/api.w.org\/{rel}","templated":true}]}}