{"id":13019,"date":"2024-03-14T13:39:51","date_gmt":"2024-03-14T12:39:51","guid":{"rendered":"http:\/\/delikatesy.wineport.pl\/?product=chateau-de-mornag-mandagon-075l-cz-pw"},"modified":"2026-05-10T18:50:05","modified_gmt":"2026-05-10T16:50:05","slug":"chateau-de-mornag-mandagon-075l-cz-pw","status":"publish","type":"product","link":"http:\/\/delikatesy.wineport.pl\/?product=chateau-de-mornag-mandagon-075l-cz-pw","title":{"rendered":"Chateau de Mornag Mandagon 0,75l cz\/pw"},"content":{"rendered":"<p class=\"MsoNormal\"><span style=\"color: #ff0000;\">UWAGA!!! NIE WYSY\u0141AMY ALKOHOLU KURIEREM W PRZYPADKU ZAM\u00d3WIE\u0143 OD OS\u00d3B PRYWATNYCH, TYLKO ODBI\u00d3R OSOBISTY NA UL. \u015aW. STANIS\u0141AWA 12 W WARSZAWIE!!! W przypadku op\u0142acenia zam\u00f3wienia alkoholu z wysy\u0142k\u0105, przy zwrocie pieni\u0119dzy zostanie potr\u0105cona prowizja\u00a0<\/span><strong style=\"color: #ff0000;\">DOTPAY<\/strong><span style=\"color: #ff0000;\">!<\/span><\/p>\n<p class=\"MsoNormal\">Podawa\u0107 w temperaturze 12-14 stop. C. Wino Chateau o delikatnym owocowym smaku, powsta\u0142o z odmian: Syrah, Merlot oraz Cabernet Sauvignon.\u00a0<br \/> Nale\u017cy do grupy Cru Weine (wino typu chateau o podwy\u017cszonej jako\u015bci) Posiada charakterystyczny, pe\u0142en zapach i smak, uzyskany z rozp\u0142ywaj\u0105cych si\u0119 w ustach owoc\u00f3w. Mo\u017ce by\u0107 ozdob\u0105 ka\u017cdego posi\u0142ku.\u00a0Najlepiej smakuje w po\u0142\u0105czeniu z potrawami z czerwonego mi\u0119sa i dziczyzny, w\u0142oskich makaron\u00f3w, ser\u00f3w ple\u015bniowych (b\u0105d\u017a takich gatunk\u00f3w jak Parmezan, Chester, Tilster).\u00a0<\/p>\n","protected":false},"excerpt":{"rendered":"<p>Podawa\u0107 w temperaturze 12-14 stop. C. Wino Chateau o delikatnym owocowym smaku, powsta\u0142o z odmian: Syrah, Merlot oraz Cabernet Sauvignon. Nale\u017cy do grupy Cru Weine (wino typu chateau o podwy\u017cszonej jako\u015bci) Posiada charakterystyczny, pe\u0142en zapach i s&#8230;<\/p>\n","protected":false},"featured_media":13018,"comment_status":"open","ping_status":"closed","template":"","meta":[],"product_cat":[208,80],"product_tag":[],"class_list":{"0":"post-13019","1":"product","2":"type-product","3":"status-publish","4":"has-post-thumbnail","6":"product_cat-tunezja","7":"product_cat-wina-swiata","9":"first","10":"instock","11":"shipping-taxable","12":"purchasable","13":"product-type-simple"},"_links":{"self":[{"href":"http:\/\/delikatesy.wineport.pl\/index.php?rest_route=\/wp\/v2\/product\/13019","targetHints":{"allow":["GET"]}}],"collection":[{"href":"http:\/\/delikatesy.wineport.pl\/index.php?rest_route=\/wp\/v2\/product"}],"about":[{"href":"http:\/\/delikatesy.wineport.pl\/index.php?rest_route=\/wp\/v2\/types\/product"}],"replies":[{"embeddable":true,"href":"http:\/\/delikatesy.wineport.pl\/index.php?rest_route=%2Fwp%2Fv2%2Fcomments&post=13019"}],"wp:featuredmedia":[{"embeddable":true,"href":"http:\/\/delikatesy.wineport.pl\/index.php?rest_route=\/wp\/v2\/media\/13018"}],"wp:attachment":[{"href":"http:\/\/delikatesy.wineport.pl\/index.php?rest_route=%2Fwp%2Fv2%2Fmedia&parent=13019"}],"wp:term":[{"taxonomy":"product_cat","embeddable":true,"href":"http:\/\/delikatesy.wineport.pl\/index.php?rest_route=%2Fwp%2Fv2%2Fproduct_cat&post=13019"},{"taxonomy":"product_tag","embeddable":true,"href":"http:\/\/delikatesy.wineport.pl\/index.php?rest_route=%2Fwp%2Fv2%2Fproduct_tag&post=13019"}],"curies":[{"name":"wp","href":"https:\/\/api.w.org\/{rel}","templated":true}]}}