{"id":13035,"date":"2024-03-14T13:39:56","date_gmt":"2024-03-14T12:39:56","guid":{"rendered":"http:\/\/delikatesy.wineport.pl\/?product=possesione-medium-dry-white-california-white-75cl"},"modified":"2026-05-10T18:50:07","modified_gmt":"2026-05-10T16:50:07","slug":"possesione-medium-dry-white-california-white-75cl","status":"publish","type":"product","link":"http:\/\/delikatesy.wineport.pl\/?product=possesione-medium-dry-white-california-white-75cl","title":{"rendered":"Possesione Medium Dry White, California white 75cl"},"content":{"rendered":"<p class=\"MsoNormal\"><span style=\"color: #ff0000;\">UWAGA!!! NIE WYSY\u0141AMY ALKOHOLU KURIEREM W PRZYPADKU ZAM\u00d3WIE\u0143 OD OS\u00d3B PRYWATNYCH, TYLKO ODBI\u00d3R OSOBISTY NA UL. \u015aW. STANIS\u0141AWA 12 W WARSZAWIE!!! W przypadku op\u0142acenia zam\u00f3wienia alkoholu z wysy\u0142k\u0105, przy zwrocie pieni\u0119dzy zostanie potr\u0105cona prowizja\u00a0<\/span><strong style=\"color: #ff0000;\">DOTPAY<\/strong><span style=\"color: #ff0000;\">!<\/span><\/p>\n<p class=\"MsoNormal\">Eleganckie, bia\u0142e p\u00f3\u0142wytrawne wino o bukiecie pe\u0142nym<\/p>\n<p class=\"MsoNormal\">egzotycznych owoc\u00f3w z nuta wanilii w tle. Idealnie<\/p>\n<p class=\"MsoNormal\">oddaje sw\u00f3j rzeski charakter podane sch\u0142odzone<\/p>\n<p class=\"MsoNormal\">w towarzystwie potraw na bazie bia\u0142ych mies, warzyw<\/p>\n<p class=\"MsoNormal\">i owoc\u00f3w morza.<\/p>\n","protected":false},"excerpt":{"rendered":"<p>Eleganckie, bia\u0142e p\u00f3\u0142wytrawne wino o bukiecie pe\u0142nym egzotycznych owoc\u00f3w z nuta wanilii w tle. Idealnie oddaje sw\u00f3j rzeski charakter podane sch\u0142odzone w towarzystwie potraw na bazie bia\u0142ych mies, warzyw i owoc\u00f3w morza.<\/p>\n","protected":false},"featured_media":13034,"comment_status":"open","ping_status":"closed","template":"","meta":[],"product_cat":[156,80],"product_tag":[],"class_list":{"0":"post-13035","1":"product","2":"type-product","3":"status-publish","4":"has-post-thumbnail","6":"product_cat-usa-wina-swiata","7":"product_cat-wina-swiata","9":"first","10":"instock","11":"shipping-taxable","12":"purchasable","13":"product-type-simple"},"_links":{"self":[{"href":"http:\/\/delikatesy.wineport.pl\/index.php?rest_route=\/wp\/v2\/product\/13035","targetHints":{"allow":["GET"]}}],"collection":[{"href":"http:\/\/delikatesy.wineport.pl\/index.php?rest_route=\/wp\/v2\/product"}],"about":[{"href":"http:\/\/delikatesy.wineport.pl\/index.php?rest_route=\/wp\/v2\/types\/product"}],"replies":[{"embeddable":true,"href":"http:\/\/delikatesy.wineport.pl\/index.php?rest_route=%2Fwp%2Fv2%2Fcomments&post=13035"}],"wp:featuredmedia":[{"embeddable":true,"href":"http:\/\/delikatesy.wineport.pl\/index.php?rest_route=\/wp\/v2\/media\/13034"}],"wp:attachment":[{"href":"http:\/\/delikatesy.wineport.pl\/index.php?rest_route=%2Fwp%2Fv2%2Fmedia&parent=13035"}],"wp:term":[{"taxonomy":"product_cat","embeddable":true,"href":"http:\/\/delikatesy.wineport.pl\/index.php?rest_route=%2Fwp%2Fv2%2Fproduct_cat&post=13035"},{"taxonomy":"product_tag","embeddable":true,"href":"http:\/\/delikatesy.wineport.pl\/index.php?rest_route=%2Fwp%2Fv2%2Fproduct_tag&post=13035"}],"curies":[{"name":"wp","href":"https:\/\/api.w.org\/{rel}","templated":true}]}}