{"id":13037,"date":"2024-03-14T13:39:56","date_gmt":"2024-03-14T12:39:56","guid":{"rendered":"http:\/\/delikatesy.wineport.pl\/?product=possesione-medium-sweet-rose-california-rose-75cl"},"modified":"2026-05-10T18:50:07","modified_gmt":"2026-05-10T16:50:07","slug":"possesione-medium-sweet-rose-california-rose-75cl","status":"publish","type":"product","link":"http:\/\/delikatesy.wineport.pl\/?product=possesione-medium-sweet-rose-california-rose-75cl","title":{"rendered":"Possesione Medium Sweet Rose, California rose 75cl"},"content":{"rendered":"<p class=\"MsoNormal\"><span style=\"color: #ff0000;\">UWAGA!!! NIE WYSY\u0141AMY ALKOHOLU KURIEREM W PRZYPADKU ZAM\u00d3WIE\u0143 OD OS\u00d3B PRYWATNYCH, TYLKO ODBI\u00d3R OSOBISTY NA UL. \u015aW. STANIS\u0141AWA 12 W WARSZAWIE!!! W przypadku op\u0142acenia zam\u00f3wienia alkoholu z wysy\u0142k\u0105, przy zwrocie pieni\u0119dzy zostanie potr\u0105cona prowizja\u00a0<\/span><strong style=\"color: #ff0000;\">DOTPAY<\/strong><span style=\"color: #ff0000;\">!<\/span><\/p>\n<p class=\"MsoNormal\">P\u00f3\u0142s\u0142odkie kalifornijskie wino o rubinowo-r\u00f3zowym<\/p>\n<p class=\"MsoNormal\">kolorze charakteryzujace sie delikatnym aromatem jag\u00f3d<\/p>\n<p class=\"MsoNormal\">i sliwek. Wysmienite samo w sobie, jak r\u00f3wniez jako<\/p>\n<p class=\"MsoNormal\">dodatek do deser\u00f3w lub lekkich potraw. Temperatura<\/p>\n<p class=\"MsoNormal\">podawania 12-14oC.<\/p>\n","protected":false},"excerpt":{"rendered":"<p>P\u00f3\u0142s\u0142odkie kalifornijskie wino o rubinowo-r\u00f3zowym kolorze charakteryzujace sie delikatnym aromatem jag\u00f3d i sliwek. Wysmienite samo w sobie, jak r\u00f3wniez jako dodatek do deser\u00f3w lub lekkich potraw. Temperatura podawania 12-14oC.<\/p>\n","protected":false},"featured_media":13036,"comment_status":"open","ping_status":"closed","template":"","meta":[],"product_cat":[156,80],"product_tag":[],"class_list":{"0":"post-13037","1":"product","2":"type-product","3":"status-publish","4":"has-post-thumbnail","6":"product_cat-usa-wina-swiata","7":"product_cat-wina-swiata","9":"first","10":"instock","11":"shipping-taxable","12":"purchasable","13":"product-type-simple"},"_links":{"self":[{"href":"http:\/\/delikatesy.wineport.pl\/index.php?rest_route=\/wp\/v2\/product\/13037","targetHints":{"allow":["GET"]}}],"collection":[{"href":"http:\/\/delikatesy.wineport.pl\/index.php?rest_route=\/wp\/v2\/product"}],"about":[{"href":"http:\/\/delikatesy.wineport.pl\/index.php?rest_route=\/wp\/v2\/types\/product"}],"replies":[{"embeddable":true,"href":"http:\/\/delikatesy.wineport.pl\/index.php?rest_route=%2Fwp%2Fv2%2Fcomments&post=13037"}],"wp:featuredmedia":[{"embeddable":true,"href":"http:\/\/delikatesy.wineport.pl\/index.php?rest_route=\/wp\/v2\/media\/13036"}],"wp:attachment":[{"href":"http:\/\/delikatesy.wineport.pl\/index.php?rest_route=%2Fwp%2Fv2%2Fmedia&parent=13037"}],"wp:term":[{"taxonomy":"product_cat","embeddable":true,"href":"http:\/\/delikatesy.wineport.pl\/index.php?rest_route=%2Fwp%2Fv2%2Fproduct_cat&post=13037"},{"taxonomy":"product_tag","embeddable":true,"href":"http:\/\/delikatesy.wineport.pl\/index.php?rest_route=%2Fwp%2Fv2%2Fproduct_tag&post=13037"}],"curies":[{"name":"wp","href":"https:\/\/api.w.org\/{rel}","templated":true}]}}