{"id":13041,"date":"2024-03-14T13:39:57","date_gmt":"2024-03-14T12:39:57","guid":{"rendered":"http:\/\/delikatesy.wineport.pl\/?product=jinda-lee-pinot-grigio-south-eastern-australia"},"modified":"2026-05-10T18:50:08","modified_gmt":"2026-05-10T16:50:08","slug":"jinda-lee-pinot-grigio-south-eastern-australia","status":"publish","type":"product","link":"http:\/\/delikatesy.wineport.pl\/?product=jinda-lee-pinot-grigio-south-eastern-australia","title":{"rendered":"Jinda-Lee Pinot Grigio, South Eastern Australia"},"content":{"rendered":"<p class=\"MsoNormal\"><span style=\"color: #ff0000; font-size: 16px; font-family: arial, helvetica, sans-serif;\">UWAGA!!! NIE WYSY\u0141AMY ALKOHOLU KURIEREM W PRZYPADKU ZAM\u00d3WIE\u0143 OD OS\u00d3B PRYWATNYCH, TYLKO ODBI\u00d3R OSOBISTY NA UL. \u015aW. STANIS\u0141AWA 12 W WARSZAWIE!!! W przypadku op\u0142acenia zam\u00f3wienia alkoholu z wysy\u0142k\u0105, przy zwrocie pieni\u0119dzy zostanie potr\u0105cona prowizja dotpay!<\/span><\/p>\n<p class=\"MsoNormal\">Jasno s\u0142omkowa barwa z zielonymi refleksami na krawedziach. Wino, kt\u00f3re<\/p>\n<p class=\"MsoNormal\">zachowuje r\u00f3wnowage miedzy aromatem i smakiem owoc\u00f3w tropikalnych.<\/p>\n<p class=\"MsoNormal\">Delikatny aromat brzoskwini, melona, marakui, kwiatu pomaranczy<\/p>\n<p class=\"MsoNormal\">uzupe\u0142niony swiezymi jab\u0142kami. Najlepiej podawac jako aperitif, do sa\u0142at, ryb,<\/p>\n<p class=\"MsoNormal\">owoc\u00f3w morza oraz delikatnych dan z bia\u0142ego miesa. Szczep: 100% Pinot<\/p>\n<p class=\"MsoNormal\">Grigio.<\/p>\n","protected":false},"excerpt":{"rendered":"<p>Jasno s\u0142omkowa barwa z zielonymi refleksami na krawedziach. Wino, kt\u00f3re zachowuje r\u00f3wnowage miedzy aromatem i smakiem owoc\u00f3w tropikalnych. Delikatny aromat brzoskwini, melona, marakui, kwiatu pomaranczy uzupe\u0142niony swiezymi jab\u0142kami. Najlepiej podawa&#8230;<\/p>\n","protected":false},"featured_media":13040,"comment_status":"open","ping_status":"closed","template":"","meta":[],"product_cat":[112,80],"product_tag":[],"class_list":{"0":"post-13041","1":"product","2":"type-product","3":"status-publish","4":"has-post-thumbnail","6":"product_cat-australia","7":"product_cat-wina-swiata","9":"first","10":"instock","11":"shipping-taxable","12":"purchasable","13":"product-type-simple"},"_links":{"self":[{"href":"http:\/\/delikatesy.wineport.pl\/index.php?rest_route=\/wp\/v2\/product\/13041","targetHints":{"allow":["GET"]}}],"collection":[{"href":"http:\/\/delikatesy.wineport.pl\/index.php?rest_route=\/wp\/v2\/product"}],"about":[{"href":"http:\/\/delikatesy.wineport.pl\/index.php?rest_route=\/wp\/v2\/types\/product"}],"replies":[{"embeddable":true,"href":"http:\/\/delikatesy.wineport.pl\/index.php?rest_route=%2Fwp%2Fv2%2Fcomments&post=13041"}],"wp:featuredmedia":[{"embeddable":true,"href":"http:\/\/delikatesy.wineport.pl\/index.php?rest_route=\/wp\/v2\/media\/13040"}],"wp:attachment":[{"href":"http:\/\/delikatesy.wineport.pl\/index.php?rest_route=%2Fwp%2Fv2%2Fmedia&parent=13041"}],"wp:term":[{"taxonomy":"product_cat","embeddable":true,"href":"http:\/\/delikatesy.wineport.pl\/index.php?rest_route=%2Fwp%2Fv2%2Fproduct_cat&post=13041"},{"taxonomy":"product_tag","embeddable":true,"href":"http:\/\/delikatesy.wineport.pl\/index.php?rest_route=%2Fwp%2Fv2%2Fproduct_tag&post=13041"}],"curies":[{"name":"wp","href":"https:\/\/api.w.org\/{rel}","templated":true}]}}