{"id":13045,"date":"2024-03-14T13:39:58","date_gmt":"2024-03-14T12:39:58","guid":{"rendered":"http:\/\/delikatesy.wineport.pl\/?product=wino-icewine-michel-schneider-rheinhessen-pradikatswein-white-375cl"},"modified":"2026-05-10T18:50:08","modified_gmt":"2026-05-10T16:50:08","slug":"wino-icewine-michel-schneider-rheinhessen-pradikatswein-white-375cl","status":"publish","type":"product","link":"http:\/\/delikatesy.wineport.pl\/?product=wino-icewine-michel-schneider-rheinhessen-pradikatswein-white-375cl","title":{"rendered":"Wino Icewine Michel Schneider, Rheinhessen Pradikatswein white 37,5cl"},"content":{"rendered":"<p class=\"MsoNormal\"><span style=\"color: #ff0000;\">UWAGA!!! NIE WYSY\u0141AMY ALKOHOLU KURIEREM W PRZYPADKU ZAM\u00d3WIE\u0143 OD OS\u00d3B PRYWATNYCH, TYLKO ODBI\u00d3R OSOBISTY NA UL. \u015aW. STANIS\u0141AWA 12 W WARSZAWIE!!! W przypadku op\u0142acenia zam\u00f3wienia alkoholu z wysy\u0142k\u0105, przy zwrocie pieni\u0119dzy zostanie potr\u0105cona prowizja\u00a0<\/span><strong style=\"color: #ff0000;\">DOTPAY<\/strong><span style=\"color: #ff0000;\">!<\/span><\/p>\n<p class=\"MsoNormal\">Eiswein produkowany jest z winogron tak<\/p>\n<p class=\"MsoNormal\">dojrza\u0142ych jak w przypadku Beerenauslese,<\/p>\n<p class=\"MsoNormal\">ale zbieranych i poddawanych procesowi<\/p>\n<p class=\"MsoNormal\">t\u0142oczenia kiedy sa zamarzniete. To unikalne<\/p>\n<p class=\"MsoNormal\">wino z nadzwyczajna koncentracja<\/p>\n<p class=\"MsoNormal\">owocowosci, kwasowosci i s\u0142odyczy.<\/p>\n<p class=\"MsoNormal\">W smaku wyczuwalny mi\u00f3d, daktyle i fi gi<\/p>\n<p class=\"MsoNormal\">po\u0142aczone z trwa\u0142a s\u0142odycza owoc\u00f3w.<\/p>\n<p class=\"MsoNormal\">Idealne wino do dojrza\u0142ych ser\u00f3w<\/p>\n<p class=\"MsoNormal\">(np; Roquefort), deser\u00f3w i czekolady.<\/p>\n<p class=\"MsoNormal\">Szczep: Riesling z dodatkiem innych.<\/p>\n","protected":false},"excerpt":{"rendered":"<p>Eiswein produkowany jest z winogron tak dojrza\u0142ych jak w przypadku Beerenauslese, ale zbieranych i poddawanych procesowi t\u0142oczenia kiedy sa zamarzniete. To unikalne wino z nadzwyczajna koncentracja owocowosci, kwasowosci i s\u0142odyczy. W smaku wyczuwaln&#8230;<\/p>\n","protected":false},"featured_media":13044,"comment_status":"open","ping_status":"closed","template":"","meta":[],"product_cat":[121,80],"product_tag":[],"class_list":{"0":"post-13045","1":"product","2":"type-product","3":"status-publish","4":"has-post-thumbnail","6":"product_cat-niemcy","7":"product_cat-wina-swiata","9":"first","10":"instock","11":"shipping-taxable","12":"purchasable","13":"product-type-simple"},"_links":{"self":[{"href":"http:\/\/delikatesy.wineport.pl\/index.php?rest_route=\/wp\/v2\/product\/13045","targetHints":{"allow":["GET"]}}],"collection":[{"href":"http:\/\/delikatesy.wineport.pl\/index.php?rest_route=\/wp\/v2\/product"}],"about":[{"href":"http:\/\/delikatesy.wineport.pl\/index.php?rest_route=\/wp\/v2\/types\/product"}],"replies":[{"embeddable":true,"href":"http:\/\/delikatesy.wineport.pl\/index.php?rest_route=%2Fwp%2Fv2%2Fcomments&post=13045"}],"wp:featuredmedia":[{"embeddable":true,"href":"http:\/\/delikatesy.wineport.pl\/index.php?rest_route=\/wp\/v2\/media\/13044"}],"wp:attachment":[{"href":"http:\/\/delikatesy.wineport.pl\/index.php?rest_route=%2Fwp%2Fv2%2Fmedia&parent=13045"}],"wp:term":[{"taxonomy":"product_cat","embeddable":true,"href":"http:\/\/delikatesy.wineport.pl\/index.php?rest_route=%2Fwp%2Fv2%2Fproduct_cat&post=13045"},{"taxonomy":"product_tag","embeddable":true,"href":"http:\/\/delikatesy.wineport.pl\/index.php?rest_route=%2Fwp%2Fv2%2Fproduct_tag&post=13045"}],"curies":[{"name":"wp","href":"https:\/\/api.w.org\/{rel}","templated":true}]}}