{"id":13063,"date":"2024-03-14T13:40:03","date_gmt":"2024-03-14T12:40:03","guid":{"rendered":"http:\/\/delikatesy.wineport.pl\/?product=wino-torricella-barone-ricasoli-toscana-i-g-t-bianco-75cl"},"modified":"2026-05-10T18:50:10","modified_gmt":"2026-05-10T16:50:10","slug":"wino-torricella-barone-ricasoli-toscana-i-g-t-bianco-75cl","status":"publish","type":"product","link":"http:\/\/delikatesy.wineport.pl\/?product=wino-torricella-barone-ricasoli-toscana-i-g-t-bianco-75cl","title":{"rendered":"Wino Torricella &#8211; Barone Ricasoli, Toscana I.G.T. bianco 75cl"},"content":{"rendered":"<p class=\"MsoNormal\"><span style=\"color: #ff0000;\">UWAGA!!! NIE WYSY\u0141AMY ALKOHOLU KURIEREM W PRZYPADKU ZAM\u00d3WIE\u0143 OD OS\u00d3B PRYWATNYCH, TYLKO ODBI\u00d3R OSOBISTY NA UL. \u015aW. STANIS\u0141AWA 12 W WARSZAWIE!!! W przypadku op\u0142acenia zam\u00f3wienia alkoholu z wysy\u0142k\u0105, przy zwrocie pieni\u0119dzy zostanie potr\u0105cona prowizja\u00a0<\/span><strong style=\"color: #ff0000;\">DOTPAY<\/strong><span style=\"color: #ff0000;\">!<\/span><\/p>\n<p class=\"MsoNormal\">Bia\u0142e wino z Toskanii, oddajace<\/p>\n<p class=\"MsoNormal\">charakter terroir, kojarzonej<\/p>\n<p class=\"MsoNormal\">g\u0142\u00f3wnie ze s\u0142ynnymi czerwonymi<\/p>\n<p class=\"MsoNormal\">winami. Jasna s\u0142omkowo-z\u00f3\u0142ta<\/p>\n<p class=\"MsoNormal\">barwa. Zywy i elegancki kwiatowoowocowy<\/p>\n<p class=\"MsoNormal\">bukiet z g\u0142ogiem,<\/p>\n<p class=\"MsoNormal\">kwiatem dzikiego bzu, bia\u0142a<\/p>\n<p class=\"MsoNormal\">brzoskwinia i morela. W smaku<\/p>\n<p class=\"MsoNormal\">dobrze wywazone, pozostawiajace<\/p>\n<p class=\"MsoNormal\">d\u0142ugi finisz z wanilia, miodem<\/p>\n<p class=\"MsoNormal\">i owo c a m i c y t r u s owy m i .<\/p>\n<p class=\"MsoNormal\">Szczep: Chardonnay, ma\u0142e ilosci<\/p>\n<p class=\"MsoNormal\">Sauvignon Blanc.<\/p>\n","protected":false},"excerpt":{"rendered":"<p>Bia\u0142e wino z Toskanii, oddajace charakter terroir, kojarzonej g\u0142\u00f3wnie ze s\u0142ynnymi czerwonymi winami. Jasna s\u0142omkowo-z\u00f3\u0142ta barwa. Zywy i elegancki kwiatowoowocowy bukiet z g\u0142ogiem, kwiatem dzikiego bzu, bia\u0142a brzoskwinia i morela. W smaku dobrze wywaz&#8230;<\/p>\n","protected":false},"featured_media":13062,"comment_status":"open","ping_status":"closed","template":"","meta":[],"product_cat":[80,95,96],"product_tag":[],"class_list":{"0":"post-13063","1":"product","2":"type-product","3":"status-publish","4":"has-post-thumbnail","6":"product_cat-wina-swiata","7":"product_cat-wlochy","8":"product_cat-wlochy-toscania","10":"first","11":"instock","12":"shipping-taxable","13":"purchasable","14":"product-type-simple"},"_links":{"self":[{"href":"http:\/\/delikatesy.wineport.pl\/index.php?rest_route=\/wp\/v2\/product\/13063","targetHints":{"allow":["GET"]}}],"collection":[{"href":"http:\/\/delikatesy.wineport.pl\/index.php?rest_route=\/wp\/v2\/product"}],"about":[{"href":"http:\/\/delikatesy.wineport.pl\/index.php?rest_route=\/wp\/v2\/types\/product"}],"replies":[{"embeddable":true,"href":"http:\/\/delikatesy.wineport.pl\/index.php?rest_route=%2Fwp%2Fv2%2Fcomments&post=13063"}],"wp:featuredmedia":[{"embeddable":true,"href":"http:\/\/delikatesy.wineport.pl\/index.php?rest_route=\/wp\/v2\/media\/13062"}],"wp:attachment":[{"href":"http:\/\/delikatesy.wineport.pl\/index.php?rest_route=%2Fwp%2Fv2%2Fmedia&parent=13063"}],"wp:term":[{"taxonomy":"product_cat","embeddable":true,"href":"http:\/\/delikatesy.wineport.pl\/index.php?rest_route=%2Fwp%2Fv2%2Fproduct_cat&post=13063"},{"taxonomy":"product_tag","embeddable":true,"href":"http:\/\/delikatesy.wineport.pl\/index.php?rest_route=%2Fwp%2Fv2%2Fproduct_tag&post=13063"}],"curies":[{"name":"wp","href":"https:\/\/api.w.org\/{rel}","templated":true}]}}