{"id":13085,"date":"2024-03-14T13:40:08","date_gmt":"2024-03-14T12:40:08","guid":{"rendered":"http:\/\/delikatesy.wineport.pl\/?product=brandy-de-jerez-solera-501-05l"},"modified":"2026-05-10T18:51:12","modified_gmt":"2026-05-10T16:51:12","slug":"brandy-de-jerez-solera-501-05l","status":"publish","type":"product","link":"http:\/\/delikatesy.wineport.pl\/?product=brandy-de-jerez-solera-501-05l","title":{"rendered":"Brandy de Jerez Solera 501 0,5L"},"content":{"rendered":"<p><span style=\"font-family: Calibri, sans-serif; font-size: 15px; background-color: #ffffff;\"><span style=\"color: #ff0000;\">UWAGA!!! NIE WYSY\u0141AMY ALKOHOLU KURIEREM W PRZYPADKU ZAM\u00d3WIE\u0143 OD OS\u00d3B PRYWATNYCH, TYLKO ODBI\u00d3R OSOBISTY NA UL. \u015aW. STANIS\u0141AWA 12 W WARSZAWIE!!! W przypadku op\u0142acenia zam\u00f3wienia alkoholu z wysy\u0142k\u0105, przy zwrocie pieni\u0119dzy zostanie potr\u0105cona prowizja\u00a0<\/span><strong style=\"color: #ff0000;\">DOTPAY<\/strong><span style=\"color: #ff0000;\">!<\/span><\/span><\/p>\n<p><span style=\"font-family: Calibri, sans-serif; font-size: 15px; background-color: #ffffff;\">Wyprodukowana na po\u0142udniu Hiszpanii w prowincji Cadiz przez za\u0142o\u017con\u0105 w 1783 roku Distribuidora 501 del Puerto wed\u0142ug starej tradycji &#8220;Criaderas y Soleras&#8221; z dobranych destylat\u00f3w winnych, d\u0142ugo le\u017cakowanych w beczkach z ameryka\u0144skiego d\u0119bu, wcze\u015bniej u\u017cywanych do proukcji Sherry. Wyr\u00f3\u017cnia si\u0119 bursztynowym kolorem, delikatn\u0105 mi\u0119kko\u015bci\u0105, lekkim aromatem z nut\u0105 suszonych owoc\u00f3w.<\/span><\/p>\n","protected":false},"excerpt":{"rendered":"<p>Wyprodukowana na po\u0142udniu Hiszpanii w prowincji Cadiz przez za\u0142o\u017con\u0105 w 1783 roku Distribuidora 501 del Puerto wed\u0142ug starej tradycji &#8220;Criaderas y Soleras&#8221; z dobranych destylat\u00f3w winnych, d\u0142ugo le\u017cakowanych w beczkach z ameryka\u0144skiego d\u0119bu, wcze\u015bniej &#8230;<\/p>\n","protected":false},"featured_media":13086,"comment_status":"open","ping_status":"closed","template":"","meta":[],"product_cat":[142,146,145,151],"product_tag":[],"class_list":{"0":"post-13085","1":"product","2":"type-product","3":"status-publish","4":"has-post-thumbnail","6":"product_cat-alkohole-mocne","7":"product_cat-armagnac-i-brandy","8":"product_cat-cognac","9":"product_cat-hiszpania-armagnac-i-brandy","11":"first","12":"instock","13":"shipping-taxable","14":"purchasable","15":"product-type-simple"},"_links":{"self":[{"href":"http:\/\/delikatesy.wineport.pl\/index.php?rest_route=\/wp\/v2\/product\/13085","targetHints":{"allow":["GET"]}}],"collection":[{"href":"http:\/\/delikatesy.wineport.pl\/index.php?rest_route=\/wp\/v2\/product"}],"about":[{"href":"http:\/\/delikatesy.wineport.pl\/index.php?rest_route=\/wp\/v2\/types\/product"}],"replies":[{"embeddable":true,"href":"http:\/\/delikatesy.wineport.pl\/index.php?rest_route=%2Fwp%2Fv2%2Fcomments&post=13085"}],"wp:featuredmedia":[{"embeddable":true,"href":"http:\/\/delikatesy.wineport.pl\/index.php?rest_route=\/wp\/v2\/media\/13086"}],"wp:attachment":[{"href":"http:\/\/delikatesy.wineport.pl\/index.php?rest_route=%2Fwp%2Fv2%2Fmedia&parent=13085"}],"wp:term":[{"taxonomy":"product_cat","embeddable":true,"href":"http:\/\/delikatesy.wineport.pl\/index.php?rest_route=%2Fwp%2Fv2%2Fproduct_cat&post=13085"},{"taxonomy":"product_tag","embeddable":true,"href":"http:\/\/delikatesy.wineport.pl\/index.php?rest_route=%2Fwp%2Fv2%2Fproduct_tag&post=13085"}],"curies":[{"name":"wp","href":"https:\/\/api.w.org\/{rel}","templated":true}]}}