{"id":13102,"date":"2024-03-14T13:40:11","date_gmt":"2024-03-14T12:40:11","guid":{"rendered":"http:\/\/delikatesy.wineport.pl\/?product=whisky-bushmills-black-bush-07-l-40"},"modified":"2026-05-10T18:51:17","modified_gmt":"2026-05-10T16:51:17","slug":"whisky-bushmills-black-bush-07-l-40","status":"publish","type":"product","link":"http:\/\/delikatesy.wineport.pl\/?product=whisky-bushmills-black-bush-07-l-40","title":{"rendered":"WHISKY BUSHMILLS BLACK BUSH 0,7 L 40%"},"content":{"rendered":"<p><span style=\"color: #ff0000; font-size: 16px; font-family: arial, helvetica, sans-serif;\">UWAGA!!! NIE WYSY\u0141AMY ALKOHOLU W PRZYPADKU ZAM\u00d3WIE\u0143 OD OS\u00d3B PRYWATNYCH, TYLKO ODBI\u00d3R OSOBISTY NA UL. \u015aW. STANIS\u0141AWA 12 W WARSZAWIE!!! W przypadku op\u0142acenia zam\u00f3wienia alkoholu z wysy\u0142k\u0105, przy zwrocie pieni\u0119dzy zostanie potr\u0105cona prowizja\u00a0DOTPAY!<\/span><\/p>\n<p><span style=\"color: #ff0000; font-size: 16px; font-family: arial, helvetica, sans-serif;\">\u00a0<\/span><\/p>\n<p class=\"MsoNormal\">Doskona\u0142a irlandzka whisky pochodz\u0105ca z destylarni Bushmills utworzonej na pocz\u0105tku XVII wieku. Black Bush sk\u0142ada si\u0119 w 80% z whisky j\u0119czmiennej (single malt) i w 20% z whisky zbo\u017cowej (grain). Alkohol jest potr\u00f3jnie destylowany, a ca\u0142y proces produkcji, czyli destylowanie, mieszanie, dojrzewanie i butelkowanie odbywa si\u0119 w jednym miejscu. Whisky j\u0119czmienna dojrzewa w beczkach po hiszpa\u0144skiej sherry Oloroso.\u00a0Black Bush ma g\u0142\u0119bok\u0105 bursztynow\u0105 barw\u0119 i intensywny bogaty aromat orzech\u00f3w i suszonych owoc\u00f3w. Dojrzewanie w beczkach zapewnia trunkowi s\u0142odkie nuty miodu i wanilii.\u00a0Do mi\u0142o\u015bnik\u00f3w tej whisky nale\u017cy Bono, kt\u00f3ry przyznaje, \u017ce nic tak nie koi nerw\u00f3w jak Black Bush.<\/p>\n","protected":false},"excerpt":{"rendered":"<p>Doskona\u0142a irlandzka whisky pochodz\u0105ca z destylarni Bushmills utworzonej na pocz\u0105tku XVII wieku. Black Bush sk\u0142ada si\u0119 w 80% z whisky j\u0119czmiennej (single malt) i w 20% z whisky zbo\u017cowej (grain). Alkohol jest potr\u00f3jnie destylowany, a ca\u0142y proces produk&#8230;<\/p>\n","protected":false},"featured_media":13101,"comment_status":"open","ping_status":"closed","template":"","meta":[],"product_cat":[142,193,143],"product_tag":[],"class_list":{"0":"post-13102","1":"product","2":"type-product","3":"status-publish","4":"has-post-thumbnail","6":"product_cat-alkohole-mocne","7":"product_cat-irlandia","8":"product_cat-whisky","10":"first","11":"instock","12":"shipping-taxable","13":"purchasable","14":"product-type-simple"},"_links":{"self":[{"href":"http:\/\/delikatesy.wineport.pl\/index.php?rest_route=\/wp\/v2\/product\/13102","targetHints":{"allow":["GET"]}}],"collection":[{"href":"http:\/\/delikatesy.wineport.pl\/index.php?rest_route=\/wp\/v2\/product"}],"about":[{"href":"http:\/\/delikatesy.wineport.pl\/index.php?rest_route=\/wp\/v2\/types\/product"}],"replies":[{"embeddable":true,"href":"http:\/\/delikatesy.wineport.pl\/index.php?rest_route=%2Fwp%2Fv2%2Fcomments&post=13102"}],"wp:featuredmedia":[{"embeddable":true,"href":"http:\/\/delikatesy.wineport.pl\/index.php?rest_route=\/wp\/v2\/media\/13101"}],"wp:attachment":[{"href":"http:\/\/delikatesy.wineport.pl\/index.php?rest_route=%2Fwp%2Fv2%2Fmedia&parent=13102"}],"wp:term":[{"taxonomy":"product_cat","embeddable":true,"href":"http:\/\/delikatesy.wineport.pl\/index.php?rest_route=%2Fwp%2Fv2%2Fproduct_cat&post=13102"},{"taxonomy":"product_tag","embeddable":true,"href":"http:\/\/delikatesy.wineport.pl\/index.php?rest_route=%2Fwp%2Fv2%2Fproduct_tag&post=13102"}],"curies":[{"name":"wp","href":"https:\/\/api.w.org\/{rel}","templated":true}]}}