{"id":13104,"date":"2024-03-14T13:40:12","date_gmt":"2024-03-14T12:40:12","guid":{"rendered":"http:\/\/delikatesy.wineport.pl\/?product=bourbon-jim-beam-red-07l-40"},"modified":"2026-05-17T20:58:54","modified_gmt":"2026-05-17T18:58:54","slug":"bourbon-jim-beam-red-07l-40","status":"publish","type":"product","link":"http:\/\/delikatesy.wineport.pl\/?product=bourbon-jim-beam-red-07l-40","title":{"rendered":"BOURBON JIM BEAM RED 0,7L 40%"},"content":{"rendered":"<p><span style=\"color: #ff0000; font-size: 16px; font-family: arial, helvetica, sans-serif;\">UWAGA!!! NIE WYSY\u0141AMY ALKOHOLU W PRZYPADKU ZAM\u00d3WIE\u0143 OD OS\u00d3B PRYWATNYCH, TYLKO ODBI\u00d3R OSOBISTY NA UL. \u015aW. STANIS\u0141AWA 12 W WARSZAWIE!!! W przypadku op\u0142acenia zam\u00f3wienia alkoholu z wysy\u0142k\u0105, przy zwrocie pieni\u0119dzy zostanie potr\u0105cona prowizja\u00a0DOTPAY!<\/span><\/p>\n<p><span style=\"color: #ff0000; font-size: 16px; font-family: arial, helvetica, sans-serif;\">\u00a0<\/span><\/p>\n<p class=\"MsoNormal\">Red Stag jest najnowszym dzie\u0142em destylarni Jim Beam. Prezentowana wersja wytwarzana jest na bazie podstawowego 4- letniego Jim Beam, do kt\u00f3rego stopniowo dodawany jest naturalny aromat czarnej wi\u015bni. Uzyskany trunek ma wyj\u0105tkowo \u0142agodny i niespotykany smak. Owocowa nuta pojawiaj\u0105ca si\u0119 dzi\u0119ki wprowadzeniu do produktu czarnej wi\u015bni nie przyt\u0142acza typowego dla bourbonu aromatu. Umiarkowanie s\u0142odki smak przeplata si\u0119 z \u0142agodnymi elementami d\u0119bu i nutami czarnej wi\u015bni. Finisz nies\u0142ychanie mi\u0119kki, g\u0142\u0119boki, pe\u0142ny prawdziwego ciep\u0142a tradycyjnego Jim Beam\u2019a.<\/p>\n","protected":false},"excerpt":{"rendered":"<p>Red Stag jest najnowszym dzie\u0142em destylarni Jim Beam. Prezentowana wersja wytwarzana jest na bazie podstawowego 4- letniego Jim Beam, do kt\u00f3rego stopniowo dodawany jest naturalny aromat czarnej wi\u015bni. Uzyskany trunek ma wyj\u0105tkowo \u0142agodny i niespotyka&#8230;<\/p>\n","protected":false},"featured_media":13103,"comment_status":"open","ping_status":"closed","template":"","meta":[],"product_cat":[142,144,143],"product_tag":[],"class_list":{"0":"post-13104","1":"product","2":"type-product","3":"status-publish","4":"has-post-thumbnail","6":"product_cat-alkohole-mocne","7":"product_cat-usa","8":"product_cat-whisky","10":"first","11":"instock","12":"shipping-taxable","13":"purchasable","14":"product-type-simple"},"_links":{"self":[{"href":"http:\/\/delikatesy.wineport.pl\/index.php?rest_route=\/wp\/v2\/product\/13104","targetHints":{"allow":["GET"]}}],"collection":[{"href":"http:\/\/delikatesy.wineport.pl\/index.php?rest_route=\/wp\/v2\/product"}],"about":[{"href":"http:\/\/delikatesy.wineport.pl\/index.php?rest_route=\/wp\/v2\/types\/product"}],"replies":[{"embeddable":true,"href":"http:\/\/delikatesy.wineport.pl\/index.php?rest_route=%2Fwp%2Fv2%2Fcomments&post=13104"}],"wp:featuredmedia":[{"embeddable":true,"href":"http:\/\/delikatesy.wineport.pl\/index.php?rest_route=\/wp\/v2\/media\/13103"}],"wp:attachment":[{"href":"http:\/\/delikatesy.wineport.pl\/index.php?rest_route=%2Fwp%2Fv2%2Fmedia&parent=13104"}],"wp:term":[{"taxonomy":"product_cat","embeddable":true,"href":"http:\/\/delikatesy.wineport.pl\/index.php?rest_route=%2Fwp%2Fv2%2Fproduct_cat&post=13104"},{"taxonomy":"product_tag","embeddable":true,"href":"http:\/\/delikatesy.wineport.pl\/index.php?rest_route=%2Fwp%2Fv2%2Fproduct_tag&post=13104"}],"curies":[{"name":"wp","href":"https:\/\/api.w.org\/{rel}","templated":true}]}}