{"id":13110,"date":"2024-03-14T13:40:13","date_gmt":"2024-03-14T12:40:13","guid":{"rendered":"http:\/\/delikatesy.wineport.pl\/?product=bourbon-four-roses-07l-2-szklanki"},"modified":"2026-05-17T20:58:55","modified_gmt":"2026-05-17T18:58:55","slug":"bourbon-four-roses-07l-2-szklanki","status":"publish","type":"product","link":"http:\/\/delikatesy.wineport.pl\/?product=bourbon-four-roses-07l-2-szklanki","title":{"rendered":"BOURBON FOUR ROSES 0,7L + 2 SZKLANKI"},"content":{"rendered":"<p><span style=\"color: #ff0000; font-size: 16px; font-family: arial, helvetica, sans-serif;\">UWAGA!!! NIE WYSY\u0141AMY ALKOHOLU W PRZYPADKU ZAM\u00d3WIE\u0143 OD OS\u00d3B PRYWATNYCH, TYLKO ODBI\u00d3R OSOBISTY NA UL. \u015aW. STANIS\u0141AWA 12 W WARSZAWIE!!! W przypadku op\u0142acenia zam\u00f3wienia alkoholu z wysy\u0142k\u0105, przy zwrocie pieni\u0119dzy zostanie potr\u0105cona prowizja\u00a0DOTPAY!<\/span><\/p>\n<p><span style=\"color: #ff0000; font-size: 16px; font-family: arial, helvetica, sans-serif;\">\u00a0<\/span><\/p>\n<p class=\"MsoNormal\">Whiskey typu Burbon, destylowana w Lawrenceburgu w stanie Kentucky(USA) od 1888. Jest to jeden z najpopularniejszych na \u015bwiecie bourbon\u00f3w klasy standard i by\u0107 mo\u017ce naj\u0142agodniejszy przedstawiciel swego gatunku. Bardzo delikatny, owocowy, i\u015bcie \u201ekobiecy\u201d trunek, do czego nawi\u0105zuj\u0105 r\u00f3wnie\u017c cztery r\u00f3\u017ce umieszczone na etykiecie butelki, b\u0119d\u0105ce logo Four Roses Distillery. Ze wspomnianymi czterema r\u00f3\u017cami wi\u0105\u017ce si\u0119 co najmniej kilka legend. Wed\u0142ug jednej z nich Paul Jones, fundator destylarni, zakochany w pewnej pi\u0119kno\u015bci z Po\u0142udnia, z\u0142o\u017cy\u0142 jej propozycj\u0119 matrymonialn\u0105. Znakiem jej zgody mia\u0142y by\u0107 w\u0142a\u015bnie owe cztery r\u00f3\u017ce, kt\u00f3rymi destylator nazwa\u0142 swoj\u0105 whiskey.Trunek ten le\u017cakuje w beczkach z nowego jasnego d\u0119bu i lany jest z jednej beczki. Bardzo delikatne i owocowe, wyczuwalne jest jab\u0142ko z posmakami miodu i przypraw. Dluga delikatna i do\u015b\u0107 wyrafinowana ko\u0144c\u00f3wka. Zdoby\u0142 nagrode w 2007 srebrny medal \u2013 Whiskies na \u015bwiecie.<\/p>\n","protected":false},"excerpt":{"rendered":"<p>Whiskey typu Burbon, destylowana w Lawrenceburgu w stanie Kentucky(USA) od 1888. Jest to jeden z najpopularniejszych na \u015bwiecie bourbon\u00f3w klasy standard i by\u0107 mo\u017ce naj\u0142agodniejszy przedstawiciel swego gatunku. Bardzo delikatny, owocowy, i\u015bcie \u201ekobiec&#8230;<\/p>\n","protected":false},"featured_media":13109,"comment_status":"open","ping_status":"closed","template":"","meta":[],"product_cat":[142,143],"product_tag":[],"class_list":{"0":"post-13110","1":"product","2":"type-product","3":"status-publish","4":"has-post-thumbnail","6":"product_cat-alkohole-mocne","7":"product_cat-whisky","9":"first","10":"instock","11":"shipping-taxable","12":"purchasable","13":"product-type-simple"},"_links":{"self":[{"href":"http:\/\/delikatesy.wineport.pl\/index.php?rest_route=\/wp\/v2\/product\/13110","targetHints":{"allow":["GET"]}}],"collection":[{"href":"http:\/\/delikatesy.wineport.pl\/index.php?rest_route=\/wp\/v2\/product"}],"about":[{"href":"http:\/\/delikatesy.wineport.pl\/index.php?rest_route=\/wp\/v2\/types\/product"}],"replies":[{"embeddable":true,"href":"http:\/\/delikatesy.wineport.pl\/index.php?rest_route=%2Fwp%2Fv2%2Fcomments&post=13110"}],"wp:featuredmedia":[{"embeddable":true,"href":"http:\/\/delikatesy.wineport.pl\/index.php?rest_route=\/wp\/v2\/media\/13109"}],"wp:attachment":[{"href":"http:\/\/delikatesy.wineport.pl\/index.php?rest_route=%2Fwp%2Fv2%2Fmedia&parent=13110"}],"wp:term":[{"taxonomy":"product_cat","embeddable":true,"href":"http:\/\/delikatesy.wineport.pl\/index.php?rest_route=%2Fwp%2Fv2%2Fproduct_cat&post=13110"},{"taxonomy":"product_tag","embeddable":true,"href":"http:\/\/delikatesy.wineport.pl\/index.php?rest_route=%2Fwp%2Fv2%2Fproduct_tag&post=13110"}],"curies":[{"name":"wp","href":"https:\/\/api.w.org\/{rel}","templated":true}]}}