{"id":13146,"date":"2024-03-14T13:40:21","date_gmt":"2024-03-14T12:40:21","guid":{"rendered":"http:\/\/delikatesy.wineport.pl\/?product=martini-rosato-1l"},"modified":"2026-05-10T18:52:09","modified_gmt":"2026-05-10T16:52:09","slug":"martini-rosato-1l","status":"publish","type":"product","link":"http:\/\/delikatesy.wineport.pl\/?product=martini-rosato-1l","title":{"rendered":"Martini Rosato 1L"},"content":{"rendered":"<p class=\"MsoNormal\"><span style=\"color: #ff0000;\">UWAGA!!! NIE WYSY\u0141AMY ALKOHOLU KURIEREM W PRZYPADKU ZAM\u00d3WIE\u0143 OD OS\u00d3B PRYWATNYCH, TYLKO ODBI\u00d3R OSOBISTY NA UL. \u015aW. STANIS\u0141AWA 12 W WARSZAWIE!!! W przypadku op\u0142acenia zam\u00f3wienia alkoholu z wysy\u0142k\u0105, przy zwrocie pieni\u0119dzy zostanie potr\u0105cona prowizja\u00a0<\/span><strong style=\"color: #ff0000;\">DOTPAY<\/strong><span style=\"color: #ff0000;\">!<\/span><\/p>\n<p class=\"MsoNormal\">Jedyny vermouth na bazie bia\u0142ego i czerwonego wina w\u0142oskiego. Martini Rose to niezwyk\u0142e aromaty o lekko s\u0142odkim charakterze i wyj\u0105tkowym r\u00f3\u017cowym kolorze, kt\u00f3ry niezwykle upi\u0119ksza ka\u017cdy koktajl. Martini, jedna z najbardziej cenionych przez koneser\u00f3w dobrych trunk\u00f3w marek na \u015bwiecie, od ponad 140 lat kojarzy si\u0119 z elegancj\u0105 i presti\u017cem. Teraz Martini to nie tylko doskona\u0142y smak, ale tak\u017ce nowe, innowacyjne opakowanie. Elegancki, smuk\u0142y kszta\u0142t nowej butelki Martini podkre\u015bla w\u0142oski styl trunku i rado\u015b\u0107 chwil sp\u0119dzonych z Martini.<\/p>\n","protected":false},"excerpt":{"rendered":"<p>Jedyny vermouth na bazie bia\u0142ego i czerwonego wina w\u0142oskiego. Martini Rose to niezwyk\u0142e aromaty o lekko s\u0142odkim charakterze i wyj\u0105tkowym r\u00f3\u017cowym kolorze, kt\u00f3ry niezwykle upi\u0119ksza ka\u017cdy koktajl. Martini, jedna z najbardziej cenionych przez koneser\u00f3w d&#8230;<\/p>\n","protected":false},"featured_media":13145,"comment_status":"open","ping_status":"closed","template":"","meta":[],"product_cat":[210,80],"product_tag":[],"class_list":{"0":"post-13146","1":"product","2":"type-product","3":"status-publish","4":"has-post-thumbnail","6":"product_cat-wermut","7":"product_cat-wina-swiata","9":"first","10":"instock","11":"shipping-taxable","12":"purchasable","13":"product-type-simple"},"_links":{"self":[{"href":"http:\/\/delikatesy.wineport.pl\/index.php?rest_route=\/wp\/v2\/product\/13146","targetHints":{"allow":["GET"]}}],"collection":[{"href":"http:\/\/delikatesy.wineport.pl\/index.php?rest_route=\/wp\/v2\/product"}],"about":[{"href":"http:\/\/delikatesy.wineport.pl\/index.php?rest_route=\/wp\/v2\/types\/product"}],"replies":[{"embeddable":true,"href":"http:\/\/delikatesy.wineport.pl\/index.php?rest_route=%2Fwp%2Fv2%2Fcomments&post=13146"}],"wp:featuredmedia":[{"embeddable":true,"href":"http:\/\/delikatesy.wineport.pl\/index.php?rest_route=\/wp\/v2\/media\/13145"}],"wp:attachment":[{"href":"http:\/\/delikatesy.wineport.pl\/index.php?rest_route=%2Fwp%2Fv2%2Fmedia&parent=13146"}],"wp:term":[{"taxonomy":"product_cat","embeddable":true,"href":"http:\/\/delikatesy.wineport.pl\/index.php?rest_route=%2Fwp%2Fv2%2Fproduct_cat&post=13146"},{"taxonomy":"product_tag","embeddable":true,"href":"http:\/\/delikatesy.wineport.pl\/index.php?rest_route=%2Fwp%2Fv2%2Fproduct_tag&post=13146"}],"curies":[{"name":"wp","href":"https:\/\/api.w.org\/{rel}","templated":true}]}}