{"id":13152,"date":"2024-03-14T13:40:22","date_gmt":"2024-03-14T12:40:22","guid":{"rendered":"http:\/\/delikatesy.wineport.pl\/?product=martini-750ml-royale-rosato"},"modified":"2026-05-10T18:52:10","modified_gmt":"2026-05-10T16:52:10","slug":"martini-750ml-royale-rosato","status":"publish","type":"product","link":"http:\/\/delikatesy.wineport.pl\/?product=martini-750ml-royale-rosato","title":{"rendered":"MARTINI 750ml Royale Rosato"},"content":{"rendered":"<p class=\"MsoNormal\"><span style=\"color: #ff0000;\">UWAGA!!! NIE WYSY\u0141AMY ALKOHOLU KURIEREM W PRZYPADKU ZAM\u00d3WIE\u0143 OD OS\u00d3B PRYWATNYCH, TYLKO ODBI\u00d3R OSOBISTY NA UL. \u015aW. STANIS\u0141AWA 12 W WARSZAWIE!!! W przypadku op\u0142acenia zam\u00f3wienia alkoholu z wysy\u0142k\u0105, przy zwrocie pieni\u0119dzy zostanie potr\u0105cona prowizja\u00a0<\/span><strong style=\"color: #ff0000;\">DOTPAY<\/strong><span style=\"color: #ff0000;\">!<\/span><\/p>\n<p class=\"MsoNormal\">Luksusowe orze\u017awienie, kt\u00f3re powsta\u0142o z\u00a0po\u0142\u0105czenia MARTINI\u00ae Rosato z MARTINI\u00aeProsecco. Podawany z lodem i cz\u0105stk\u0105 pomara\u0144czy to najbardziej elegancki spo\u015br\u00f3d wszystkich koktajli na bazie MARTINI\u00ae. \u0141\u0105czy w sobie g\u0142\u0119bi\u0119 korzenno-cytrusowego w\u0142oskiego r\u00f3\u017cowego wermutu ze\u00a0\u015bwie\u017co\u015bci\u0105 smaku\u00a0i orze\u017awiaj\u0105cym aromatem bia\u0142ego w\u0142oskiego wytrawnego wina musuj\u0105cego. Teraz dost\u0119pne jako gotowy drink.<\/p>\n","protected":false},"excerpt":{"rendered":"<p>Luksusowe orze\u017awienie, kt\u00f3re powsta\u0142o z po\u0142\u0105czenia MARTINI\u00ae Rosato z MARTINI\u00aeProsecco. Podawany z lodem i cz\u0105stk\u0105 pomara\u0144czy to najbardziej elegancki spo\u015br\u00f3d wszystkich koktajli na bazie MARTINI\u00ae. \u0141\u0105czy w sobie g\u0142\u0119bi\u0119 korzenno-cytrusowego w\u0142oskiego r&#8230;<\/p>\n","protected":false},"featured_media":13151,"comment_status":"open","ping_status":"closed","template":"","meta":[],"product_cat":[210,80],"product_tag":[],"class_list":{"0":"post-13152","1":"product","2":"type-product","3":"status-publish","4":"has-post-thumbnail","6":"product_cat-wermut","7":"product_cat-wina-swiata","9":"first","10":"instock","11":"shipping-taxable","12":"purchasable","13":"product-type-simple"},"_links":{"self":[{"href":"http:\/\/delikatesy.wineport.pl\/index.php?rest_route=\/wp\/v2\/product\/13152","targetHints":{"allow":["GET"]}}],"collection":[{"href":"http:\/\/delikatesy.wineport.pl\/index.php?rest_route=\/wp\/v2\/product"}],"about":[{"href":"http:\/\/delikatesy.wineport.pl\/index.php?rest_route=\/wp\/v2\/types\/product"}],"replies":[{"embeddable":true,"href":"http:\/\/delikatesy.wineport.pl\/index.php?rest_route=%2Fwp%2Fv2%2Fcomments&post=13152"}],"wp:featuredmedia":[{"embeddable":true,"href":"http:\/\/delikatesy.wineport.pl\/index.php?rest_route=\/wp\/v2\/media\/13151"}],"wp:attachment":[{"href":"http:\/\/delikatesy.wineport.pl\/index.php?rest_route=%2Fwp%2Fv2%2Fmedia&parent=13152"}],"wp:term":[{"taxonomy":"product_cat","embeddable":true,"href":"http:\/\/delikatesy.wineport.pl\/index.php?rest_route=%2Fwp%2Fv2%2Fproduct_cat&post=13152"},{"taxonomy":"product_tag","embeddable":true,"href":"http:\/\/delikatesy.wineport.pl\/index.php?rest_route=%2Fwp%2Fv2%2Fproduct_tag&post=13152"}],"curies":[{"name":"wp","href":"https:\/\/api.w.org\/{rel}","templated":true}]}}