{"id":13154,"date":"2024-03-14T13:40:22","date_gmt":"2024-03-14T12:40:22","guid":{"rendered":"http:\/\/delikatesy.wineport.pl\/?product=wodka-stock-prestige-40-0-5l"},"modified":"2026-05-10T18:52:10","modified_gmt":"2026-05-10T16:52:10","slug":"wodka-stock-prestige-40-0-5l","status":"publish","type":"product","link":"http:\/\/delikatesy.wineport.pl\/?product=wodka-stock-prestige-40-0-5l","title":{"rendered":"W\u00d3DKA STOCK PRESTIGE 40% 0.5L"},"content":{"rendered":"<div><span style=\"color: #575757; font-family: tahoma, helvetica, sans-serif; font-size: 11px; line-height: 17.59375px; background-color: #fdfaf9;\"><span style=\"color: #575757; font-family: tahoma, helvetica, sans-serif; font-size: 11px; line-height: 17.59375px; background-color: #fdfaf9;\">V<\/span><\/span>  <\/p>\n<p><span style=\"color: #ff0000; font-size: 16px; font-family: arial, helvetica, sans-serif;\">UWAGA!!! NIE WYSY\u0141AMY ALKOHOLU W PRZYPADKU ZAM\u00d3WIE\u0143 OD OS\u00d3B PRYWATNYCH, TYLKO ODBI\u00d3R OSOBISTY NA UL. \u015aW. STANIS\u0141AWA 12 W WARSZAWIE!!! W przypadku op\u0142acenia zam\u00f3wienia alkoholu z wysy\u0142k\u0105, przy zwrocie pieni\u0119dzy zostanie potr\u0105cona prowizja\u00a0DOTPAY!<\/span><\/p>\n<p><span style=\"color: #ff0000; font-size: 16px; font-family: arial, helvetica, sans-serif;\">\u00a0<\/span><\/p>\n<p>  <span style=\"color: #575757; font-family: tahoma, helvetica, sans-serif; font-size: 11px; line-height: 17.59375px; background-color: #fdfaf9;\">System Rabatowy:<\/span><\/div>\n<div><span style=\"color: #575757; font-family: tahoma, helvetica, sans-serif; font-size: 11px; line-height: 17.59375px; background-color: #fdfaf9;\"><br \/> <\/span><\/div>\n<p><span style=\"color: #575757; font-family: tahoma, helvetica, sans-serif; font-size: 11px; line-height: 17.59375px; background-color: #fdfaf9;\">3% Rabatu &#8211; przy zakupach powy\u017cej 500PLN Brutto<\/span><br style=\"color: #575757; font-family: tahoma, helvetica, sans-serif; font-size: 11px; line-height: 17.59375px; background-color: #fdfaf9;\" \/> <span style=\"color: #575757; font-family: tahoma, helvetica, sans-serif; font-size: 11px; line-height: 17.59375px; background-color: #fdfaf9;\">5% Rabatu &#8211; przy zakupach powy\u017cej 1000PLN Brutto<\/span><br style=\"color: #575757; font-family: tahoma, helvetica, sans-serif; font-size: 11px; line-height: 17.59375px; background-color: #fdfaf9;\" \/> <span style=\"color: #575757; font-family: tahoma, helvetica, sans-serif; font-size: 11px; line-height: 17.59375px; background-color: #fdfaf9;\">7% Rabatu &#8211; przy zakupach powy\u017cej 1500PLN Brutto<\/span><br style=\"color: #575757; font-family: tahoma, helvetica, sans-serif; font-size: 11px; line-height: 17.59375px; background-color: #fdfaf9;\" \/> <span style=\"color: #575757; font-family: tahoma, helvetica, sans-serif; font-size: 11px; line-height: 17.59375px; background-color: #fdfaf9;\">10% Rabatu &#8211; przy zakupach powyzej 4000PLN Brutto<\/span><br style=\"color: #575757; font-family: tahoma, helvetica, sans-serif; font-size: 11px; line-height: 17.59375px; background-color: #fdfaf9;\" \/> <br style=\"color: #575757; font-family: tahoma, helvetica, sans-serif; font-size: 11px; line-height: 17.59375px; background-color: #fdfaf9; font-weight: bold;\" \/> <span style=\"color: #575757; font-family: tahoma, helvetica, sans-serif; font-size: 11px; line-height: 17.59375px; background-color: #fdfaf9; font-weight: bold;\">Rabaty s\u0105 naliczane przez system automatycznie po przekroczeniu okre\u015blonego poziomu zam\u00f3wienia!<\/span><\/p>\n","protected":false},"excerpt":{"rendered":"<p>System Rabatowy: 3% Rabatu &#8211; przy zakupach powy\u017cej 500PLN Brutto 5% Rabatu &#8211; przy zakupach powy\u017cej 1000PLN Brutto 7% Rabatu &#8211; przy zakupach powy\u017cej 1500PLN Brutto 10% Rabatu &#8211; przy zakupach powyzej 4000PLN Brutto Rabaty s\u0105 naliczane przez system auto&#8230;<\/p>\n","protected":false},"featured_media":13153,"comment_status":"open","ping_status":"closed","template":"","meta":[],"product_cat":[190,142],"product_tag":[],"class_list":{"0":"post-13154","1":"product","2":"type-product","3":"status-publish","4":"has-post-thumbnail","6":"product_cat-wodka","7":"product_cat-alkohole-mocne","9":"first","10":"instock","11":"shipping-taxable","12":"purchasable","13":"product-type-simple"},"_links":{"self":[{"href":"http:\/\/delikatesy.wineport.pl\/index.php?rest_route=\/wp\/v2\/product\/13154","targetHints":{"allow":["GET"]}}],"collection":[{"href":"http:\/\/delikatesy.wineport.pl\/index.php?rest_route=\/wp\/v2\/product"}],"about":[{"href":"http:\/\/delikatesy.wineport.pl\/index.php?rest_route=\/wp\/v2\/types\/product"}],"replies":[{"embeddable":true,"href":"http:\/\/delikatesy.wineport.pl\/index.php?rest_route=%2Fwp%2Fv2%2Fcomments&post=13154"}],"wp:featuredmedia":[{"embeddable":true,"href":"http:\/\/delikatesy.wineport.pl\/index.php?rest_route=\/wp\/v2\/media\/13153"}],"wp:attachment":[{"href":"http:\/\/delikatesy.wineport.pl\/index.php?rest_route=%2Fwp%2Fv2%2Fmedia&parent=13154"}],"wp:term":[{"taxonomy":"product_cat","embeddable":true,"href":"http:\/\/delikatesy.wineport.pl\/index.php?rest_route=%2Fwp%2Fv2%2Fproduct_cat&post=13154"},{"taxonomy":"product_tag","embeddable":true,"href":"http:\/\/delikatesy.wineport.pl\/index.php?rest_route=%2Fwp%2Fv2%2Fproduct_tag&post=13154"}],"curies":[{"name":"wp","href":"https:\/\/api.w.org\/{rel}","templated":true}]}}