{"id":13164,"date":"2024-03-14T13:40:23","date_gmt":"2024-03-14T12:40:23","guid":{"rendered":"http:\/\/delikatesy.wineport.pl\/?product=wino-duas-quintas-douro-d-o-c-tinto-75cl"},"modified":"2026-05-10T18:52:11","modified_gmt":"2026-05-10T16:52:11","slug":"wino-duas-quintas-douro-d-o-c-tinto-75cl","status":"publish","type":"product","link":"http:\/\/delikatesy.wineport.pl\/?product=wino-duas-quintas-douro-d-o-c-tinto-75cl","title":{"rendered":"Wino Duas Quintas, Douro D.O.C. tinto 75cl"},"content":{"rendered":"<div><span style=\"color: #ff0000;\">UWAGA!!! NIE WYSY\u0141AMY ALKOHOLU KURIEREM W PRZYPADKU ZAM\u00d3WIE\u0143 OD OS\u00d3B PRYWATNYCH, TYLKO ODBI\u00d3R OSOBISTY NA UL. \u015aW. STANIS\u0141AWA 12 W WARSZAWIE!!! W przypadku op\u0142acenia zam\u00f3wienia alkoholu z wysy\u0142k\u0105, przy zwrocie pieni\u0119dzy zostanie potr\u0105cona prowizja\u00a0<\/span><strong style=\"color: #ff0000;\">DOTPAY<\/strong><span style=\"color: #ff0000;\">!<\/span><\/div>\n<div>25% wina dojrzewa we francuskich debowych beczkach przez 12 miesiecy,<\/div>\n<div>a pozosta\u0142a czesc w kadziach ze stali nierdzewnej. Zywy, kwiatowy aromat<\/div>\n<div>z czasem zastepuja czerwone owoce, truskawka, malina, fi ga z dodatkiem wanilii<\/div>\n<div>i ciemnej czekolady. W ustach bardzo swieze i delikatne z aksamitnymi taninami.<\/div>\n<div>Znakomite jako aperitif, a takze do codziennych posi\u0142k\u00f3w. Kompozycja: 40%<\/div>\n<div>Touriga Francesa, 40% Tinta Roriz, 20% Touriga Nacional.<\/div>\n","protected":false},"excerpt":{"rendered":"<p>25% wina dojrzewa we francuskich debowych beczkach przez 12 miesiecy, a pozosta\u0142a czesc w kadziach ze stali nierdzewnej. Zywy, kwiatowy aromat z czasem zastepuja czerwone owoce, truskawka, malina, fi ga z dodatkiem wanilii i ciemnej czekolady. W usta&#8230;<\/p>\n","protected":false},"featured_media":13163,"comment_status":"open","ping_status":"closed","template":"","meta":[],"product_cat":[94,80],"product_tag":[],"class_list":{"0":"post-13164","1":"product","2":"type-product","3":"status-publish","4":"has-post-thumbnail","6":"product_cat-portugalia","7":"product_cat-wina-swiata","9":"first","10":"instock","11":"shipping-taxable","12":"purchasable","13":"product-type-simple"},"_links":{"self":[{"href":"http:\/\/delikatesy.wineport.pl\/index.php?rest_route=\/wp\/v2\/product\/13164","targetHints":{"allow":["GET"]}}],"collection":[{"href":"http:\/\/delikatesy.wineport.pl\/index.php?rest_route=\/wp\/v2\/product"}],"about":[{"href":"http:\/\/delikatesy.wineport.pl\/index.php?rest_route=\/wp\/v2\/types\/product"}],"replies":[{"embeddable":true,"href":"http:\/\/delikatesy.wineport.pl\/index.php?rest_route=%2Fwp%2Fv2%2Fcomments&post=13164"}],"wp:featuredmedia":[{"embeddable":true,"href":"http:\/\/delikatesy.wineport.pl\/index.php?rest_route=\/wp\/v2\/media\/13163"}],"wp:attachment":[{"href":"http:\/\/delikatesy.wineport.pl\/index.php?rest_route=%2Fwp%2Fv2%2Fmedia&parent=13164"}],"wp:term":[{"taxonomy":"product_cat","embeddable":true,"href":"http:\/\/delikatesy.wineport.pl\/index.php?rest_route=%2Fwp%2Fv2%2Fproduct_cat&post=13164"},{"taxonomy":"product_tag","embeddable":true,"href":"http:\/\/delikatesy.wineport.pl\/index.php?rest_route=%2Fwp%2Fv2%2Fproduct_tag&post=13164"}],"curies":[{"name":"wp","href":"https:\/\/api.w.org\/{rel}","templated":true}]}}