{"id":13166,"date":"2024-03-14T13:40:24","date_gmt":"2024-03-14T12:40:24","guid":{"rendered":"http:\/\/delikatesy.wineport.pl\/?product=wino-grandarte-chardonnay-vinho-regional-estremadura-blanco-75cl"},"modified":"2026-05-10T18:52:11","modified_gmt":"2026-05-10T16:52:11","slug":"wino-grandarte-chardonnay-vinho-regional-estremadura-blanco-75cl","status":"publish","type":"product","link":"http:\/\/delikatesy.wineport.pl\/?product=wino-grandarte-chardonnay-vinho-regional-estremadura-blanco-75cl","title":{"rendered":"Wino Grand\u2019Arte Chardonnay, Vinho Regional Estremadura blanco 75cl"},"content":{"rendered":"<div><span style=\"color: #ff0000;\">UWAGA!!! NIE WYSY\u0141AMY ALKOHOLU KURIEREM W PRZYPADKU ZAM\u00d3WIE\u0143 OD OS\u00d3B PRYWATNYCH, TYLKO ODBI\u00d3R OSOBISTY NA UL. \u015aW. STANIS\u0141AWA 12 W WARSZAWIE!!! W przypadku op\u0142acenia zam\u00f3wienia alkoholu z wysy\u0142k\u0105, przy zwrocie pieni\u0119dzy zostanie potr\u0105cona prowizja\u00a0<\/span><strong style=\"color: #ff0000;\">DOTPAY<\/strong><span style=\"color: #ff0000;\">!<\/span><\/div>\n<div>Bardzo aromatyczne, owocowe, bogate, o perfekcyjnej kwasowosci. Znakomita<\/div>\n<div>swiezosc, przyjemnosc i trwa\u0142osc zakonczenia. Swietne jako aperitif, do ser\u00f3w,<\/div>\n<div>owoc\u00f3w morza i ryb. Szczep: Chardonnay.<\/div>\n","protected":false},"excerpt":{"rendered":"<p>Bardzo aromatyczne, owocowe, bogate, o perfekcyjnej kwasowosci. Znakomita swiezosc, przyjemnosc i trwa\u0142osc zakonczenia. Swietne jako aperitif, do ser\u00f3w, owoc\u00f3w morza i ryb. Szczep: Chardonnay.<\/p>\n","protected":false},"featured_media":13165,"comment_status":"open","ping_status":"closed","template":"","meta":[],"product_cat":[94,80],"product_tag":[],"class_list":{"0":"post-13166","1":"product","2":"type-product","3":"status-publish","4":"has-post-thumbnail","6":"product_cat-portugalia","7":"product_cat-wina-swiata","9":"first","10":"instock","11":"shipping-taxable","12":"purchasable","13":"product-type-simple"},"_links":{"self":[{"href":"http:\/\/delikatesy.wineport.pl\/index.php?rest_route=\/wp\/v2\/product\/13166","targetHints":{"allow":["GET"]}}],"collection":[{"href":"http:\/\/delikatesy.wineport.pl\/index.php?rest_route=\/wp\/v2\/product"}],"about":[{"href":"http:\/\/delikatesy.wineport.pl\/index.php?rest_route=\/wp\/v2\/types\/product"}],"replies":[{"embeddable":true,"href":"http:\/\/delikatesy.wineport.pl\/index.php?rest_route=%2Fwp%2Fv2%2Fcomments&post=13166"}],"wp:featuredmedia":[{"embeddable":true,"href":"http:\/\/delikatesy.wineport.pl\/index.php?rest_route=\/wp\/v2\/media\/13165"}],"wp:attachment":[{"href":"http:\/\/delikatesy.wineport.pl\/index.php?rest_route=%2Fwp%2Fv2%2Fmedia&parent=13166"}],"wp:term":[{"taxonomy":"product_cat","embeddable":true,"href":"http:\/\/delikatesy.wineport.pl\/index.php?rest_route=%2Fwp%2Fv2%2Fproduct_cat&post=13166"},{"taxonomy":"product_tag","embeddable":true,"href":"http:\/\/delikatesy.wineport.pl\/index.php?rest_route=%2Fwp%2Fv2%2Fproduct_tag&post=13166"}],"curies":[{"name":"wp","href":"https:\/\/api.w.org\/{rel}","templated":true}]}}