{"id":13202,"date":"2024-03-14T13:40:32","date_gmt":"2024-03-14T12:40:32","guid":{"rendered":"http:\/\/delikatesy.wineport.pl\/?product=costa-doro-oliwa-z-oliwek-extra-vergine-500-ml"},"modified":"2026-05-10T18:53:03","modified_gmt":"2026-05-10T16:53:03","slug":"costa-doro-oliwa-z-oliwek-extra-vergine-500-ml","status":"publish","type":"product","link":"http:\/\/delikatesy.wineport.pl\/?product=costa-doro-oliwa-z-oliwek-extra-vergine-500-ml","title":{"rendered":"Costa d&#8217;Oro Oliwa z oliwek extra vergine 500 ml"},"content":{"rendered":"<p class=\"MsoNormal\">Chatakteryzuje  j\u0105 najwy\u017csza jako\u015b\u0107, uzyskiwana w procesie t\u0142oczenia na zimno oraz  zielonkawo-\u017c\u00f3\u0142ty kolor. Przeznaczona jest do spo\u017cycia na surowo. Nie jest poddawana  procesowi filtracji. Brak filtracji sprawia, \u017ce zachowuje ona znacznie wi\u0119cej  cennych dla organizmu sk\u0142adnik\u00f3w naturalnych przeciwutleniaczy zwalczaj\u0105cych  wolne rodniki, zmniejszaj\u0105ce ryzyko chor\u00f3b serca, oraz op\u00f3\u017aniaj\u0105ce procesy  starzenia si\u0119. Jej cech\u0105 charakterystyczn\u0105 jest naturalna m\u0119tno\u015b\u0107 i osad  powstaj\u0105cy na dnie butelki.&nbsp;  \t<o:p><\/o:p><\/p>\n","protected":false},"excerpt":{"rendered":"<p>Chatakteryzuje j\u0105 najwy\u017csza jako\u015b\u0107, uzyskiwana w procesie t\u0142oczenia na zimno oraz zielonkawo-\u017c\u00f3\u0142ty kolor. Przeznaczona jest do spo\u017cycia na surowo. Nie jest poddawana procesowi filtracji. Brak filtracji sprawia, \u017ce zachowuje ona znacznie wi\u0119cej cennyc&#8230;<\/p>\n","protected":false},"featured_media":13201,"comment_status":"open","ping_status":"closed","template":"","meta":[],"product_cat":[173,175],"product_tag":[],"class_list":{"0":"post-13202","1":"product","2":"type-product","3":"status-publish","4":"has-post-thumbnail","6":"product_cat-artykuly-delikatesowe","7":"product_cat-oliwa-z-oliwek","9":"first","10":"instock","11":"shipping-taxable","12":"purchasable","13":"product-type-simple"},"_links":{"self":[{"href":"http:\/\/delikatesy.wineport.pl\/index.php?rest_route=\/wp\/v2\/product\/13202","targetHints":{"allow":["GET"]}}],"collection":[{"href":"http:\/\/delikatesy.wineport.pl\/index.php?rest_route=\/wp\/v2\/product"}],"about":[{"href":"http:\/\/delikatesy.wineport.pl\/index.php?rest_route=\/wp\/v2\/types\/product"}],"replies":[{"embeddable":true,"href":"http:\/\/delikatesy.wineport.pl\/index.php?rest_route=%2Fwp%2Fv2%2Fcomments&post=13202"}],"wp:featuredmedia":[{"embeddable":true,"href":"http:\/\/delikatesy.wineport.pl\/index.php?rest_route=\/wp\/v2\/media\/13201"}],"wp:attachment":[{"href":"http:\/\/delikatesy.wineport.pl\/index.php?rest_route=%2Fwp%2Fv2%2Fmedia&parent=13202"}],"wp:term":[{"taxonomy":"product_cat","embeddable":true,"href":"http:\/\/delikatesy.wineport.pl\/index.php?rest_route=%2Fwp%2Fv2%2Fproduct_cat&post=13202"},{"taxonomy":"product_tag","embeddable":true,"href":"http:\/\/delikatesy.wineport.pl\/index.php?rest_route=%2Fwp%2Fv2%2Fproduct_tag&post=13202"}],"curies":[{"name":"wp","href":"https:\/\/api.w.org\/{rel}","templated":true}]}}