{"id":13210,"date":"2024-03-14T13:40:34","date_gmt":"2024-03-14T12:40:34","guid":{"rendered":"http:\/\/delikatesy.wineport.pl\/?product=basso-oliwa-z-oliwek-extra-vergine-500-ml"},"modified":"2026-05-10T18:53:04","modified_gmt":"2026-05-10T16:53:04","slug":"basso-oliwa-z-oliwek-extra-vergine-500-ml","status":"publish","type":"product","link":"http:\/\/delikatesy.wineport.pl\/?product=basso-oliwa-z-oliwek-extra-vergine-500-ml","title":{"rendered":"Basso Oliwa z oliwek extra vergine 500 ml"},"content":{"rendered":"<p class=\"MsoNormal\">BASSO  Oliwa z oliwek Extra Vergine &nbsp;z  pierwszego t\u0142oczenia dobre \u017ar\u00f3d\u0142o nienasyconych kwas\u00f3w t\u0142uszczowych. Oliwa z  oliwek Extra Vergine doskonale nadaje si\u0119 do sa\u0142atek i da\u0144 na zimno, ale te\u017c \u015bwietnie  si\u0119 na niej sma\u017cy. Zielonkawo-\u017c\u00f3\u0142ty kolor to oznaka najwy\u017cszej jako\u015bci i  wspania\u0142ego aromatu.  \t<o:p><\/o:p><\/p>\n","protected":false},"excerpt":{"rendered":"<p>BASSO Oliwa z oliwek Extra Vergine z pierwszego t\u0142oczenia dobre \u017ar\u00f3d\u0142o nienasyconych kwas\u00f3w t\u0142uszczowych. Oliwa z oliwek Extra Vergine doskonale nadaje si\u0119 do sa\u0142atek i da\u0144 na zimno, ale te\u017c \u015bwietnie si\u0119 na niej sma\u017cy. Zielonkawo-\u017c\u00f3\u0142ty kolor to oznak&#8230;<\/p>\n","protected":false},"featured_media":13209,"comment_status":"open","ping_status":"closed","template":"","meta":[],"product_cat":[173,175],"product_tag":[],"class_list":{"0":"post-13210","1":"product","2":"type-product","3":"status-publish","4":"has-post-thumbnail","6":"product_cat-artykuly-delikatesowe","7":"product_cat-oliwa-z-oliwek","9":"first","10":"instock","11":"shipping-taxable","12":"purchasable","13":"product-type-simple"},"_links":{"self":[{"href":"http:\/\/delikatesy.wineport.pl\/index.php?rest_route=\/wp\/v2\/product\/13210","targetHints":{"allow":["GET"]}}],"collection":[{"href":"http:\/\/delikatesy.wineport.pl\/index.php?rest_route=\/wp\/v2\/product"}],"about":[{"href":"http:\/\/delikatesy.wineport.pl\/index.php?rest_route=\/wp\/v2\/types\/product"}],"replies":[{"embeddable":true,"href":"http:\/\/delikatesy.wineport.pl\/index.php?rest_route=%2Fwp%2Fv2%2Fcomments&post=13210"}],"wp:featuredmedia":[{"embeddable":true,"href":"http:\/\/delikatesy.wineport.pl\/index.php?rest_route=\/wp\/v2\/media\/13209"}],"wp:attachment":[{"href":"http:\/\/delikatesy.wineport.pl\/index.php?rest_route=%2Fwp%2Fv2%2Fmedia&parent=13210"}],"wp:term":[{"taxonomy":"product_cat","embeddable":true,"href":"http:\/\/delikatesy.wineport.pl\/index.php?rest_route=%2Fwp%2Fv2%2Fproduct_cat&post=13210"},{"taxonomy":"product_tag","embeddable":true,"href":"http:\/\/delikatesy.wineport.pl\/index.php?rest_route=%2Fwp%2Fv2%2Fproduct_tag&post=13210"}],"curies":[{"name":"wp","href":"https:\/\/api.w.org\/{rel}","templated":true}]}}