{"id":13248,"date":"2024-03-14T13:40:47","date_gmt":"2024-03-14T12:40:47","guid":{"rendered":"http:\/\/delikatesy.wineport.pl\/?product=whisky-single-malt-glenfarclas-10-yo"},"modified":"2026-05-10T18:53:08","modified_gmt":"2026-05-10T16:53:08","slug":"whisky-single-malt-glenfarclas-10-yo","status":"publish","type":"product","link":"http:\/\/delikatesy.wineport.pl\/?product=whisky-single-malt-glenfarclas-10-yo","title":{"rendered":"Whisky Single Malt Glenfarclas 10 YO"},"content":{"rendered":"<p><span style=\"color: #ff0000; font-size: 16px; font-family: arial, helvetica, sans-serif;\">UWAGA!!! NIE WYSY\u0141AMY ALKOHOLU W PRZYPADKU ZAM\u00d3WIE\u0143 OD OS\u00d3B PRYWATNYCH, TYLKO ODBI\u00d3R OSOBISTY NA UL. \u015aW. STANIS\u0141AWA 12 W WARSZAWIE!!! W przypadku op\u0142acenia zam\u00f3wienia alkoholu z wysy\u0142k\u0105, przy zwrocie pieni\u0119dzy zostanie potr\u0105cona prowizja\u00a0DOTPAY!<\/span><\/p>\n<p><span style=\"color: #ff0000; font-size: 16px; font-family: arial, helvetica, sans-serif;\">\u00a0<\/span><\/p>\n<p class=\"MsoNormal\">Whisky ze Speyside ,bardzo kremowa, pachn\u0105ca biszkoptem, ogrzana d\u0142o\u0144mi otwiera si\u0119 miodem, wanili\u0105 i sokiem gruszki. W smaku wyczuwalne przyprawy, g\u0142\u00f3wnie cynamon i go\u017adziki. D\u0142ugi , g\u0142adki i delikatny z trwaj\u0105cym posmakiem dymu finisz.<\/p>\n","protected":false},"excerpt":{"rendered":"<p>Whisky ze Speyside ,bardzo kremowa, pachn\u0105ca biszkoptem, ogrzana d\u0142o\u0144mi otwiera si\u0119 miodem, wanili\u0105 i sokiem gruszki. W smaku wyczuwalne przyprawy, g\u0142\u00f3wnie cynamon i go\u017adziki. D\u0142ugi , g\u0142adki i delikatny z trwaj\u0105cym posmakiem dymu finisz.<\/p>\n","protected":false},"featured_media":13247,"comment_status":"open","ping_status":"closed","template":"","meta":[],"product_cat":[142,154,143],"product_tag":[],"class_list":{"0":"post-13248","1":"product","2":"type-product","3":"status-publish","4":"has-post-thumbnail","6":"product_cat-alkohole-mocne","7":"product_cat-szkocja","8":"product_cat-whisky","10":"first","11":"instock","12":"shipping-taxable","13":"purchasable","14":"product-type-simple"},"_links":{"self":[{"href":"http:\/\/delikatesy.wineport.pl\/index.php?rest_route=\/wp\/v2\/product\/13248","targetHints":{"allow":["GET"]}}],"collection":[{"href":"http:\/\/delikatesy.wineport.pl\/index.php?rest_route=\/wp\/v2\/product"}],"about":[{"href":"http:\/\/delikatesy.wineport.pl\/index.php?rest_route=\/wp\/v2\/types\/product"}],"replies":[{"embeddable":true,"href":"http:\/\/delikatesy.wineport.pl\/index.php?rest_route=%2Fwp%2Fv2%2Fcomments&post=13248"}],"wp:featuredmedia":[{"embeddable":true,"href":"http:\/\/delikatesy.wineport.pl\/index.php?rest_route=\/wp\/v2\/media\/13247"}],"wp:attachment":[{"href":"http:\/\/delikatesy.wineport.pl\/index.php?rest_route=%2Fwp%2Fv2%2Fmedia&parent=13248"}],"wp:term":[{"taxonomy":"product_cat","embeddable":true,"href":"http:\/\/delikatesy.wineport.pl\/index.php?rest_route=%2Fwp%2Fv2%2Fproduct_cat&post=13248"},{"taxonomy":"product_tag","embeddable":true,"href":"http:\/\/delikatesy.wineport.pl\/index.php?rest_route=%2Fwp%2Fv2%2Fproduct_tag&post=13248"}],"curies":[{"name":"wp","href":"https:\/\/api.w.org\/{rel}","templated":true}]}}