{"id":13252,"date":"2024-03-14T13:40:48","date_gmt":"2024-03-14T12:40:48","guid":{"rendered":"http:\/\/delikatesy.wineport.pl\/?product=wild-geese-classic-blend-single-malt-07l"},"modified":"2026-05-10T18:53:09","modified_gmt":"2026-05-10T16:53:09","slug":"wild-geese-classic-blend-single-malt-07l","status":"publish","type":"product","link":"http:\/\/delikatesy.wineport.pl\/?product=wild-geese-classic-blend-single-malt-07l","title":{"rendered":"Wild Geese Classic Blend Single Malt 0,7l"},"content":{"rendered":"<p><span style=\"color: #ff0000; font-size: 16px; font-family: arial, helvetica, sans-serif;\">UWAGA!!! NIE WYSY\u0141AMY ALKOHOLU W PRZYPADKU ZAM\u00d3WIE\u0143 OD OS\u00d3B PRYWATNYCH, TYLKO ODBI\u00d3R OSOBISTY NA UL. \u015aW. STANIS\u0141AWA 12 W WARSZAWIE!!! W przypadku op\u0142acenia zam\u00f3wienia alkoholu z wysy\u0142k\u0105, przy zwrocie pieni\u0119dzy zostanie potr\u0105cona prowizja\u00a0DOTPAY!<\/span><\/p>\n<p><span style=\"color: #ff0000; font-size: 16px; font-family: arial, helvetica, sans-serif;\">\u00a0<\/span><\/p>\n<p class=\"MsoNormal\">Wild Geese\u00a0\u2013 whiskey irlandzka nale\u017c\u0105ca do Avalon Group, a prawa do jej dystrybucji posiada firma Prot\u00e9g\u00e9 International. W sk\u0142ad pierwszego klucza \u201cDzikich G\u0119si\u201d wesz\u0142y cztery whiskey \u2013 Classic Blend, Single Malt, Rare oraz Fourth Century Edition. Whiskey pochodzi z gorzelni Cooley i oferowana jest w eleganckich, butelkach z grubym dnem. Nazwa Wild Geese odnosi si\u0119 do \u017co\u0142nierzy i notabli irladzkich, kt\u00f3rzy po przgranej bitwie z Anglikami w 1608 roku s\u0142u\u017cyli w armiach europejskich przez kolejne 3 stulecia.\u00a0<\/p>\n","protected":false},"excerpt":{"rendered":"<p>Wild Geese \u2013 whiskey irlandzka nale\u017c\u0105ca do Avalon Group, a prawa do jej dystrybucji posiada firma Prot\u00e9g\u00e9 International. W sk\u0142ad pierwszego klucza \u201cDzikich G\u0119si\u201d wesz\u0142y cztery whiskey \u2013 Classic Blend, Single Malt, Rare oraz Fourth Century Edition. Wh&#8230;<\/p>\n","protected":false},"featured_media":13251,"comment_status":"open","ping_status":"closed","template":"","meta":[],"product_cat":[142,193,143],"product_tag":[],"class_list":{"0":"post-13252","1":"product","2":"type-product","3":"status-publish","4":"has-post-thumbnail","6":"product_cat-alkohole-mocne","7":"product_cat-irlandia","8":"product_cat-whisky","10":"first","11":"instock","12":"shipping-taxable","13":"purchasable","14":"product-type-simple"},"_links":{"self":[{"href":"http:\/\/delikatesy.wineport.pl\/index.php?rest_route=\/wp\/v2\/product\/13252","targetHints":{"allow":["GET"]}}],"collection":[{"href":"http:\/\/delikatesy.wineport.pl\/index.php?rest_route=\/wp\/v2\/product"}],"about":[{"href":"http:\/\/delikatesy.wineport.pl\/index.php?rest_route=\/wp\/v2\/types\/product"}],"replies":[{"embeddable":true,"href":"http:\/\/delikatesy.wineport.pl\/index.php?rest_route=%2Fwp%2Fv2%2Fcomments&post=13252"}],"wp:featuredmedia":[{"embeddable":true,"href":"http:\/\/delikatesy.wineport.pl\/index.php?rest_route=\/wp\/v2\/media\/13251"}],"wp:attachment":[{"href":"http:\/\/delikatesy.wineport.pl\/index.php?rest_route=%2Fwp%2Fv2%2Fmedia&parent=13252"}],"wp:term":[{"taxonomy":"product_cat","embeddable":true,"href":"http:\/\/delikatesy.wineport.pl\/index.php?rest_route=%2Fwp%2Fv2%2Fproduct_cat&post=13252"},{"taxonomy":"product_tag","embeddable":true,"href":"http:\/\/delikatesy.wineport.pl\/index.php?rest_route=%2Fwp%2Fv2%2Fproduct_tag&post=13252"}],"curies":[{"name":"wp","href":"https:\/\/api.w.org\/{rel}","templated":true}]}}