{"id":13293,"date":"2024-03-14T13:41:00","date_gmt":"2024-03-14T12:41:00","guid":{"rendered":"http:\/\/delikatesy.wineport.pl\/?product=wino-aoc-buzet-cour-dalbert-075l"},"modified":"2026-05-10T18:54:19","modified_gmt":"2026-05-10T16:54:19","slug":"wino-aoc-buzet-cour-dalbert-075l","status":"publish","type":"product","link":"http:\/\/delikatesy.wineport.pl\/?product=wino-aoc-buzet-cour-dalbert-075l","title":{"rendered":"Wino AOC Buzet Cour D&#8217;Albert 0,75L"},"content":{"rendered":"<p class=\"MsoNormal\"><span style=\"color: #ff0000;\">UWAGA!!! NIE WYSY\u0141AMY ALKOHOLU KURIEREM W PRZYPADKU ZAM\u00d3WIE\u0143 OD OS\u00d3B PRYWATNYCH, TYLKO ODBI\u00d3R OSOBISTY NA UL. \u015aW. STANIS\u0141AWA 12 W WARSZAWIE!!! W przypadku op\u0142acenia zam\u00f3wienia alkoholu z wysy\u0142k\u0105, przy zwrocie pieni\u0119dzy zostanie potr\u0105cona prowizja\u00a0<\/span><strong style=\"color: #ff0000;\">DOTPAY<\/strong><span style=\"color: #ff0000;\">!<\/span><\/p>\n<p class=\"MsoNormal\">Wino wytrawne z apelaci AOC Buzet, czerwone; zr\u00f3wmowa\u017cone i harmonijne z delikatnymi taninami. Powsta\u0142o z odmian: Merlot 50%, Cabernet France 25%, Cabernet Sauvignon 25%. Podawa\u0107 w temperaturze 17st. C do mi\u0119s, ser\u00f3w i ciep\u0142ych przystawek. Bardzo dobra relacja jakosci do ceny wino otrzymalo zloty medal zloty od francuskiego ministerstwa rolnictwa i lowiectwa. Co istotne wino zostalo rozlane w winnicy.<\/p>\n","protected":false},"excerpt":{"rendered":"<p>Wino wytrawne z apelaci AOC Buzet, czerwone; zr\u00f3wmowa\u017cone i harmonijne z delikatnymi taninami. Powsta\u0142o z odmian: Merlot 50%, Cabernet France 25%, Cabernet Sauvignon 25%. Podawa\u0107 w temperaturze 17st. C do mi\u0119s, ser\u00f3w i ciep\u0142ych przystawek. Bardzo dob&#8230;<\/p>\n","protected":false},"featured_media":13292,"comment_status":"open","ping_status":"closed","template":"","meta":[],"product_cat":[83,88,80],"product_tag":[],"class_list":{"0":"post-13293","1":"product","2":"type-product","3":"status-publish","4":"has-post-thumbnail","6":"product_cat-francja","7":"product_cat-francja-langwedocja-roussillion","8":"product_cat-wina-swiata","10":"first","11":"instock","12":"shipping-taxable","13":"purchasable","14":"product-type-simple"},"_links":{"self":[{"href":"http:\/\/delikatesy.wineport.pl\/index.php?rest_route=\/wp\/v2\/product\/13293","targetHints":{"allow":["GET"]}}],"collection":[{"href":"http:\/\/delikatesy.wineport.pl\/index.php?rest_route=\/wp\/v2\/product"}],"about":[{"href":"http:\/\/delikatesy.wineport.pl\/index.php?rest_route=\/wp\/v2\/types\/product"}],"replies":[{"embeddable":true,"href":"http:\/\/delikatesy.wineport.pl\/index.php?rest_route=%2Fwp%2Fv2%2Fcomments&post=13293"}],"wp:featuredmedia":[{"embeddable":true,"href":"http:\/\/delikatesy.wineport.pl\/index.php?rest_route=\/wp\/v2\/media\/13292"}],"wp:attachment":[{"href":"http:\/\/delikatesy.wineport.pl\/index.php?rest_route=%2Fwp%2Fv2%2Fmedia&parent=13293"}],"wp:term":[{"taxonomy":"product_cat","embeddable":true,"href":"http:\/\/delikatesy.wineport.pl\/index.php?rest_route=%2Fwp%2Fv2%2Fproduct_cat&post=13293"},{"taxonomy":"product_tag","embeddable":true,"href":"http:\/\/delikatesy.wineport.pl\/index.php?rest_route=%2Fwp%2Fv2%2Fproduct_tag&post=13293"}],"curies":[{"name":"wp","href":"https:\/\/api.w.org\/{rel}","templated":true}]}}