{"id":13295,"date":"2024-03-14T13:41:00","date_gmt":"2024-03-14T12:41:00","guid":{"rendered":"http:\/\/delikatesy.wineport.pl\/?product=wino-chateau-la-legue-aoc-cotes-de-duras-075l"},"modified":"2026-05-10T18:54:20","modified_gmt":"2026-05-10T16:54:20","slug":"wino-chateau-la-legue-aoc-cotes-de-duras-075l","status":"publish","type":"product","link":"http:\/\/delikatesy.wineport.pl\/?product=wino-chateau-la-legue-aoc-cotes-de-duras-075l","title":{"rendered":"Wino Chateau La Legue AOC Cotes De Duras 0,75L"},"content":{"rendered":"<p class=\"MsoNormal\"><span style=\"color: #ff0000;\">UWAGA!!! NIE WYSY\u0141AMY ALKOHOLU KURIEREM W PRZYPADKU ZAM\u00d3WIE\u0143 OD OS\u00d3B PRYWATNYCH, TYLKO ODBI\u00d3R OSOBISTY NA UL. \u015aW. STANIS\u0141AWA 12 W WARSZAWIE!!! W przypadku op\u0142acenia zam\u00f3wienia alkoholu z wysy\u0142k\u0105, przy zwrocie pieni\u0119dzy zostanie potr\u0105cona prowizja\u00a0<\/span><strong style=\"color: #ff0000;\">DOTPAY<\/strong><span style=\"color: #ff0000;\">!<\/span><\/p>\n<p class=\"MsoNormal\">G\u0142\u0119boko rubinowy kolor o wysokiej intensywno\u015bci.\u00a0 Aromatyczny smak z odcieniem czarnych jag\u00f3d, pierwsze wra\u017cenie jest pe\u0142ne, o wspania\u0142ej r\u00f3wnowadze pomi\u0119dzy taninami i owocami. Posmak pozostaje w ustach z nutami dojrza\u0142ych, czerwonych jag\u00f3d.\u00a0Wino jest wy\u015bmienite zar\u00f3wno do czerwonego jak i bia\u0142ego mi\u0119sa, dziczyzny i ser\u00f3w.\u00a0Sugerujemy spo\u017cywanie w temperaturze od 16\u00b0 do 18\u00b0C w czasie oko\u0142o godziny po otwarciu. <span style=\"font-size: 8pt; font-family: Verdana, sans-serif;\">\u00a0<\/span><\/p>\n","protected":false},"excerpt":{"rendered":"<p>G\u0142\u0119boko rubinowy kolor o wysokiej intensywno\u015bci. Aromatyczny smak z odcieniem czarnych jag\u00f3d, pierwsze wra\u017cenie jest pe\u0142ne, o wspania\u0142ej r\u00f3wnowadze pomi\u0119dzy taninami i owocami. Posmak pozostaje w ustach z nutami dojrza\u0142ych, czerwonych jag\u00f3d. Wino jes&#8230;<\/p>\n","protected":false},"featured_media":13294,"comment_status":"open","ping_status":"closed","template":"","meta":[],"product_cat":[83,88,80],"product_tag":[],"class_list":{"0":"post-13295","1":"product","2":"type-product","3":"status-publish","4":"has-post-thumbnail","6":"product_cat-francja","7":"product_cat-francja-langwedocja-roussillion","8":"product_cat-wina-swiata","10":"first","11":"instock","12":"shipping-taxable","13":"purchasable","14":"product-type-simple"},"_links":{"self":[{"href":"http:\/\/delikatesy.wineport.pl\/index.php?rest_route=\/wp\/v2\/product\/13295","targetHints":{"allow":["GET"]}}],"collection":[{"href":"http:\/\/delikatesy.wineport.pl\/index.php?rest_route=\/wp\/v2\/product"}],"about":[{"href":"http:\/\/delikatesy.wineport.pl\/index.php?rest_route=\/wp\/v2\/types\/product"}],"replies":[{"embeddable":true,"href":"http:\/\/delikatesy.wineport.pl\/index.php?rest_route=%2Fwp%2Fv2%2Fcomments&post=13295"}],"wp:featuredmedia":[{"embeddable":true,"href":"http:\/\/delikatesy.wineport.pl\/index.php?rest_route=\/wp\/v2\/media\/13294"}],"wp:attachment":[{"href":"http:\/\/delikatesy.wineport.pl\/index.php?rest_route=%2Fwp%2Fv2%2Fmedia&parent=13295"}],"wp:term":[{"taxonomy":"product_cat","embeddable":true,"href":"http:\/\/delikatesy.wineport.pl\/index.php?rest_route=%2Fwp%2Fv2%2Fproduct_cat&post=13295"},{"taxonomy":"product_tag","embeddable":true,"href":"http:\/\/delikatesy.wineport.pl\/index.php?rest_route=%2Fwp%2Fv2%2Fproduct_tag&post=13295"}],"curies":[{"name":"wp","href":"https:\/\/api.w.org\/{rel}","templated":true}]}}