{"id":13299,"date":"2024-03-14T13:41:07","date_gmt":"2024-03-14T12:41:07","guid":{"rendered":"http:\/\/delikatesy.wineport.pl\/?product=wino-marquis-monte-cristo-rouge-sec-appellation-bordeaux-protegee-075l"},"modified":"2026-05-10T18:54:20","modified_gmt":"2026-05-10T16:54:20","slug":"wino-marquis-monte-cristo-rouge-sec-appellation-bordeaux-protegee-075l","status":"publish","type":"product","link":"http:\/\/delikatesy.wineport.pl\/?product=wino-marquis-monte-cristo-rouge-sec-appellation-bordeaux-protegee-075l","title":{"rendered":"Wino Marquis Monte Cristo Rouge Sec, Appellation Bordeaux Prot\u00e9g\u00e9e 0,75L"},"content":{"rendered":"<p class=\"MsoNormal\"><span style=\"color: #ff0000;\">UWAGA!!! NIE WYSY\u0141AMY ALKOHOLU KURIEREM W PRZYPADKU ZAM\u00d3WIE\u0143 OD OS\u00d3B PRYWATNYCH, TYLKO ODBI\u00d3R OSOBISTY NA UL. \u015aW. STANIS\u0141AWA 12 W WARSZAWIE!!! W przypadku op\u0142acenia zam\u00f3wienia alkoholu z wysy\u0142k\u0105, przy zwrocie pieni\u0119dzy zostanie potr\u0105cona prowizja\u00a0<\/span><strong style=\"color: #ff0000;\">DOTPAY<\/strong><span style=\"color: #ff0000;\">!<\/span><\/p>\n<p class=\"MsoNormal\">Wyborne czerwone, wytrawne wino, klasy Appellation Bordeaux Prot\u00e9g\u00e9e powsta\u0142e z wyselekcjonowanych gron szczep\u00f3w Merlot, Cabernet Franc i Cabernet Sauvignon. Dobrze zbudowane i pe\u0142ne. Ujmuje wybornym smakiem oraz owocowym bukietem z nutami czerwonych, dojrza\u0142ych jag\u00f3d oraz delikatnie tanicznym finiszem. Przeznaczone g\u0142\u00f3wnie do grillowanego czerwonego mi\u0119sa oraz \u0142agodnych ser\u00f3w. Podawa\u0107 w temperaturze 16-18\u00b0C<\/p>\n<p class=\"MsoNormal\">\u00a0<\/p>\n","protected":false},"excerpt":{"rendered":"<p>Wyborne czerwone, wytrawne wino, klasy Appellation Bordeaux Prot\u00e9g\u00e9e powsta\u0142e z wyselekcjonowanych gron szczep\u00f3w Merlot, Cabernet Franc i Cabernet Sauvignon. Dobrze zbudowane i pe\u0142ne. Ujmuje wybornym smakiem oraz owocowym bukietem z nutami czerwonych&#8230;<\/p>\n","protected":false},"featured_media":13298,"comment_status":"open","ping_status":"closed","template":"","meta":[],"product_cat":[83,85,80],"product_tag":[],"class_list":{"0":"post-13299","1":"product","2":"type-product","3":"status-publish","4":"has-post-thumbnail","6":"product_cat-francja","7":"product_cat-francja-bordeaux","8":"product_cat-wina-swiata","10":"first","11":"instock","12":"shipping-taxable","13":"purchasable","14":"product-type-simple"},"_links":{"self":[{"href":"http:\/\/delikatesy.wineport.pl\/index.php?rest_route=\/wp\/v2\/product\/13299","targetHints":{"allow":["GET"]}}],"collection":[{"href":"http:\/\/delikatesy.wineport.pl\/index.php?rest_route=\/wp\/v2\/product"}],"about":[{"href":"http:\/\/delikatesy.wineport.pl\/index.php?rest_route=\/wp\/v2\/types\/product"}],"replies":[{"embeddable":true,"href":"http:\/\/delikatesy.wineport.pl\/index.php?rest_route=%2Fwp%2Fv2%2Fcomments&post=13299"}],"wp:featuredmedia":[{"embeddable":true,"href":"http:\/\/delikatesy.wineport.pl\/index.php?rest_route=\/wp\/v2\/media\/13298"}],"wp:attachment":[{"href":"http:\/\/delikatesy.wineport.pl\/index.php?rest_route=%2Fwp%2Fv2%2Fmedia&parent=13299"}],"wp:term":[{"taxonomy":"product_cat","embeddable":true,"href":"http:\/\/delikatesy.wineport.pl\/index.php?rest_route=%2Fwp%2Fv2%2Fproduct_cat&post=13299"},{"taxonomy":"product_tag","embeddable":true,"href":"http:\/\/delikatesy.wineport.pl\/index.php?rest_route=%2Fwp%2Fv2%2Fproduct_tag&post=13299"}],"curies":[{"name":"wp","href":"https:\/\/api.w.org\/{rel}","templated":true}]}}