{"id":13323,"date":"2024-03-14T13:41:18","date_gmt":"2024-03-14T12:41:18","guid":{"rendered":"http:\/\/delikatesy.wineport.pl\/?product=wino-dadivas-merlot-cabernet-sauvignon-075l"},"modified":"2026-05-10T18:54:57","modified_gmt":"2026-05-10T16:54:57","slug":"wino-dadivas-merlot-cabernet-sauvignon-075l","status":"publish","type":"product","link":"http:\/\/delikatesy.wineport.pl\/?product=wino-dadivas-merlot-cabernet-sauvignon-075l","title":{"rendered":"Wino Da&#8217;Divas Merlot Cabernet Sauvignon 0,75L"},"content":{"rendered":"<p style=\"margin: 0cm; margin-bottom: .0001pt; line-height: 19.2pt; background: white;\"><span style=\"font-size: 11.0pt;\"><span style=\"color: #ff0000;\">UWAGA!!! NIE WYSY\u0141AMY ALKOHOLU KURIEREM W PRZYPADKU ZAM\u00d3WIE\u0143 OD OS\u00d3B PRYWATNYCH, TYLKO ODBI\u00d3R OSOBISTY NA UL. \u015aW. STANIS\u0141AWA 12 W WARSZAWIE!!! W przypadku op\u0142acenia zam\u00f3wienia alkoholu z wysy\u0142k\u0105, przy zwrocie pieni\u0119dzy zostanie potr\u0105cona prowizja\u00a0<\/span><strong style=\"color: #ff0000;\">DOTPAY<\/strong><span style=\"color: #ff0000;\">!<\/span><\/span><\/p>\n<p style=\"margin: 0cm; margin-bottom: .0001pt; line-height: 19.2pt; background: white;\"><span style=\"font-size: 11.0pt;\">&#8211; Wino czerwone wytrawne, struktura \u015brednio ci\u0119\u017cka <\/span><\/p>\n<p style=\"margin: 0cm 0cm 0.0001pt; line-height: 19.2pt; background-color: white; background-position: initial initial; background-repeat: initial initial;\"><span style=\"font-size: 11.0pt;\">&#8211; Odmiana winogron: Merlot, Cabernet Sauvignon <\/span><\/p>\n<p style=\"margin: 0cm 0cm 0.0001pt; line-height: 19.2pt; background-color: white; background-position: initial initial; background-repeat: initial initial;\"><span style=\"font-size: 11.0pt;\">&#8211; Temperatura podania: 18\u00b0 C <\/span><\/p>\n<p style=\"margin: 0cm 0cm 0.0001pt; line-height: 19.2pt; background-color: white; background-position: initial initial; background-repeat: initial initial;\"><span style=\"font-size: 11.0pt;\">&#8211; Alkohol: 13% <\/span><\/p>\n<p style=\"margin: 0cm 0cm 0.0001pt; line-height: 19.2pt; background-color: white; background-position: initial initial; background-repeat: initial initial;\"><span style=\"font-size: 11pt; line-height: 19.2pt;\">&#8211; Polecane do: makaron z sosem mi\u0119snym, wieprzowina, gotowana wo\u0142owina.<\/span><\/p>\n<p style=\"margin: 0cm 0cm 0.0001pt; line-height: 19.2pt; background-color: white; background-position: initial initial; background-repeat: initial initial;\"><span style=\"font-size: 11.0pt;\">\u00a0 <\/span><\/p>\n<p style=\"margin: 0cm 0cm 0.0001pt; line-height: 19.2pt; background-color: white; background-position: initial initial; background-repeat: initial initial;\"><span style=\"font-size: 11.0pt;\">Wino o barwie \u015brednio intensywnej, \u015bliwkowo rubinowej. Jest przejrzyste i b\u0142yszcz\u0105ce. Pier\u015bcie\u0144 wskazuje na dojrza\u0142o\u015b\u0107 wina. \u0141zy pojawiaj\u0105 si\u0119 powoli, informuj\u0105 o \u015brednio ci\u0119\u017ckiej budowie wina. W zapachu aromaty s\u0105 \u0142agodne, typowe dla wina bardzo dojrza\u0142ego. Po zamieszaniu nabieraj\u0105 mocy, si\u0119gaj\u0105c do poziomu \u015bredniej intensywno\u015bci. Dominuj\u0105 bardzo dojrza\u0142e owoce i zapachy lasu. Najsilniej czu\u0107 czarn\u0105 porzeczk\u0119, wi\u015bni\u0119, suszone kwiaty i le\u015bn\u0105 \u015bci\u00f3\u0142k\u0119 po deszczu. W smaku przyjemna r\u00f3wnowaga, wino jest mi\u0119kkie i \u0142atwo rozp\u0142ywa si\u0119 w ustach. \u017baden z element\u00f3w nie dominuje. Wino w pe\u0142ni zr\u00f3wnowa\u017cone. Kwasowo\u015b\u0107 przyjemnie wsp\u00f3\u0142gra z umiarkowan\u0105 cierpko\u015bci\u0105 i ciep\u0142ym alkoholem. W ustach aromaty przypominaj\u0105 doznania nosowe, s\u0105 silne i bardzo przyjemne. Daj\u0105 si\u0119 odczu\u0107 dojrza\u0142e wi\u015bnie i wi\u015bniowa konfitura, porzeczka, delikatnie dym i ziemniaki pieczone w sk\u00f3rkach. Pozostaje stosunkowo d\u0142ugi posmak, co zaskakuje na tym poziomie cenowym. <\/span><\/p>\n<p style=\"margin: 0cm 0cm 0.0001pt; line-height: 19.2pt; background-color: white; background-position: initial initial; background-repeat: initial initial;\"><span style=\"font-size: 11.0pt;\">Wino wytrawne, zr\u00f3wnowa\u017cone, dojrza\u0142e. Przy niew\u0105tpliwie wysokiej jako\u015bci, prezentuje nieskomplikowan\u0105 struktur\u0119, co sprawia przyjemno\u015b\u0107 dzi\u0119ki \u0142atwo\u015bci rozpoznawania aromat\u00f3w. Polecamy Polecane w temperaturze 18 stopni.\u00a0 <\/span><\/p>\n<p style=\"margin: 0cm 0cm 0.0001pt; line-height: 19.2pt; background-color: white; background-position: initial initial; background-repeat: initial initial;\"><span style=\"font-size: 11.0pt;\">Wino polecane na co dzie\u0144 do potraw typu makaron z sosem mi\u0119snym, wieprzowina lub gotowana wo\u0142owina. <\/span><\/p>\n","protected":false},"excerpt":{"rendered":"<p>&#8211; Wino czerwone wytrawne, struktura \u015brednio ci\u0119\u017cka &#8211; Odmiana winogron: Merlot, Cabernet Sauvignon &#8211; Temperatura podania: 18\u00b0 C &#8211; Alkohol: 13% &#8211; Polecane do: makaron z sosem mi\u0119snym, wieprzowina, gotowana wo\u0142owina. Wino o barwie \u015brednio intensywnej,<\/p>\n","protected":false},"featured_media":13322,"comment_status":"open","ping_status":"closed","template":"","meta":[],"product_cat":[127,80],"product_tag":[],"class_list":{"0":"post-13323","1":"product","2":"type-product","3":"status-publish","4":"has-post-thumbnail","6":"product_cat-brazylia","7":"product_cat-wina-swiata","9":"first","10":"instock","11":"shipping-taxable","12":"purchasable","13":"product-type-simple"},"_links":{"self":[{"href":"http:\/\/delikatesy.wineport.pl\/index.php?rest_route=\/wp\/v2\/product\/13323","targetHints":{"allow":["GET"]}}],"collection":[{"href":"http:\/\/delikatesy.wineport.pl\/index.php?rest_route=\/wp\/v2\/product"}],"about":[{"href":"http:\/\/delikatesy.wineport.pl\/index.php?rest_route=\/wp\/v2\/types\/product"}],"replies":[{"embeddable":true,"href":"http:\/\/delikatesy.wineport.pl\/index.php?rest_route=%2Fwp%2Fv2%2Fcomments&post=13323"}],"wp:featuredmedia":[{"embeddable":true,"href":"http:\/\/delikatesy.wineport.pl\/index.php?rest_route=\/wp\/v2\/media\/13322"}],"wp:attachment":[{"href":"http:\/\/delikatesy.wineport.pl\/index.php?rest_route=%2Fwp%2Fv2%2Fmedia&parent=13323"}],"wp:term":[{"taxonomy":"product_cat","embeddable":true,"href":"http:\/\/delikatesy.wineport.pl\/index.php?rest_route=%2Fwp%2Fv2%2Fproduct_cat&post=13323"},{"taxonomy":"product_tag","embeddable":true,"href":"http:\/\/delikatesy.wineport.pl\/index.php?rest_route=%2Fwp%2Fv2%2Fproduct_tag&post=13323"}],"curies":[{"name":"wp","href":"https:\/\/api.w.org\/{rel}","templated":true}]}}