{"id":13377,"date":"2024-03-14T13:42:56","date_gmt":"2024-03-14T12:42:56","guid":{"rendered":"http:\/\/delikatesy.wineport.pl\/?product=kawa-coffeeport-dominikana-jednorodna-1kg-mielona"},"modified":"2026-05-10T18:56:04","modified_gmt":"2026-05-10T16:56:04","slug":"kawa-coffeeport-dominikana-jednorodna-1kg-mielona","status":"publish","type":"product","link":"http:\/\/delikatesy.wineport.pl\/?product=kawa-coffeeport-dominikana-jednorodna-1kg-mielona","title":{"rendered":"KAWA COFFEEPORT Dominikana (jednorodna) 1kg &#8211; MIELONA"},"content":{"rendered":"<p>Kawy COFFEEPORT to najwy\u017cszej jako\u015bci gatunki kaw \u015bwie\u017co palonych z ca\u0142ego \u015bwiata. Selekcja kaw i dob\u00f3r mieszanek odbywa si\u0119 pod okiem grupy utytu\u0142owanych specjalist\u00f3w. Kawy s\u0105 wypalane w naszej manufakturze przez wybitnego specjalist\u0119 w ma\u0142ych piecach kultowej firmy Probat, kt\u00f3r\u0105 mo\u017cna przyr\u00f3wna\u0107 do Rolls Royce\u2019a w \u015bwiecie manufakturowych piec\u00f3w do kawy. Za jednym razem mo\u017cna w nim wypali\u0107 jedynie 100 kg ziaren. Po wypaleniu kawa ch\u0142odzona jest powietrzem, a nie wod\u0105, jak w przypadku procesu przemys\u0142owego. Pozwala to zachowa\u0107 pe\u0142ni\u0119 walor\u00f3w produktu. Ca\u0142a procedura ma miejsce tu\u017c przed wysy\u0142k\u0105- kawa zawsze dotrze do Pa\u0144stwa \u015bwie\u017ca. Nasze kawy s\u0105 pakowane w opakowania ze specjalnym wentylem umo\u017cliwiaj\u0105cym pozbycie si\u0119 nadmiaru gaz\u00f3w a zarazem zapobiegaj\u0105cym dostaniu si\u0119 tlenu do opakowania, co zapobiega zakwaszaniu si\u0119 kawy.<\/p>\n<p>\u00a0 \u00a0\u00a0\u00a0<strong><span>Dominikana (jednorodna)<\/span><\/strong><\/p>\n<p><span>Kawa o subtelnym, ale wyra\u017anym aromacie i pe\u0142nym, bogatym smaku z do\u015b\u0107 wyra\u017an\u0105\u00a0kwasowo\u015bci\u0105\u00a0i bardzo mi\u0142ym owocowo-pomara\u0144czowym akcentem. Jest kaw\u0105 bardzo warto\u015bciow\u0105. Poddawana jest obr\u00f3bce &#8220;na mokro&#8221;, co potwierdza jej wysok\u0105 jako\u015b\u0107.\u00a0<\/span><\/p>\n","protected":false},"excerpt":{"rendered":"<p>Kawy COFFEEPORT to najwy\u017cszej jako\u015bci gatunki kaw \u015bwie\u017co palonych z ca\u0142ego \u015bwiata. Selekcja kaw i dob\u00f3r mieszanek odbywa si\u0119 pod okiem grupy utytu\u0142owanych specjalist\u00f3w. Kawy s\u0105 wypalane w naszej manufakturze przez wybitnego specjalist\u0119 w ma\u0142ych piecach kultowej firmy Probat, kt\u00f3r\u0105 mo\u017cna przyr\u00f3wna\u0107 do Rolls Royce\u2019a w \u015bwiecie manufakturowych piec\u00f3w do kawy. Za jednym razem mo\u017cna w nim wypali\u0107 jedynie 100 kg ziaren. Po wypaleniu kawa ch\u0142odzona jest powietrzem, a nie wod\u0105, jak w przypadku procesu przemys\u0142owego. Pozwala to zachowa\u0107 pe\u0142ni\u0119 walor\u00f3w produktu. Ca\u0142a procedura ma miejsce tu\u017c przed wysy\u0142k\u0105- kawa zawsze dotrze do Pa\u0144stwa \u015bwie\u017ca. Nasze kawy s\u0105 pakowane w opakowania ze specjalnym wentylem umo\u017cliwiaj\u0105cym pozbycie si\u0119 nadmiaru gaz\u00f3w a zarazem zapobiegaj\u0105cym dostaniu si\u0119 tlenu do opakowania, co zapobiega zakwaszaniu si\u0119 kawy.<\/p>\n<p>\u00a0 \u00a0\u00a0\u00a0<strong><span>Dominikana (jednorodna)<\/span><\/strong><\/p>\n<p><span>Kawa o subtelnym, ale wyra\u017anym aromacie i pe\u0142nym, bogatym smaku z do\u015b\u0107 wyra\u017an\u0105\u00a0kwasowo\u015bci\u0105\u00a0i bardzo mi\u0142ym owocowo-pomara\u0144czowym akcentem. Jest kaw\u0105 bardzo warto\u015bciow\u0105. Poddawana jest obr\u00f3bce &#8220;na mokro&#8221;, co potwierdza jej wysok\u0105 jako\u015b\u0107.\u00a0<\/span><\/p>\n","protected":false},"featured_media":13376,"comment_status":"open","ping_status":"closed","template":"","meta":[],"product_cat":[216],"product_tag":[],"class_list":{"0":"post-13377","1":"product","2":"type-product","3":"status-publish","4":"has-post-thumbnail","6":"product_cat-kawa-swiezo-palona","8":"first","9":"instock","10":"shipping-taxable","11":"purchasable","12":"product-type-simple"},"_links":{"self":[{"href":"http:\/\/delikatesy.wineport.pl\/index.php?rest_route=\/wp\/v2\/product\/13377","targetHints":{"allow":["GET"]}}],"collection":[{"href":"http:\/\/delikatesy.wineport.pl\/index.php?rest_route=\/wp\/v2\/product"}],"about":[{"href":"http:\/\/delikatesy.wineport.pl\/index.php?rest_route=\/wp\/v2\/types\/product"}],"replies":[{"embeddable":true,"href":"http:\/\/delikatesy.wineport.pl\/index.php?rest_route=%2Fwp%2Fv2%2Fcomments&post=13377"}],"wp:featuredmedia":[{"embeddable":true,"href":"http:\/\/delikatesy.wineport.pl\/index.php?rest_route=\/wp\/v2\/media\/13376"}],"wp:attachment":[{"href":"http:\/\/delikatesy.wineport.pl\/index.php?rest_route=%2Fwp%2Fv2%2Fmedia&parent=13377"}],"wp:term":[{"taxonomy":"product_cat","embeddable":true,"href":"http:\/\/delikatesy.wineport.pl\/index.php?rest_route=%2Fwp%2Fv2%2Fproduct_cat&post=13377"},{"taxonomy":"product_tag","embeddable":true,"href":"http:\/\/delikatesy.wineport.pl\/index.php?rest_route=%2Fwp%2Fv2%2Fproduct_tag&post=13377"}],"curies":[{"name":"wp","href":"https:\/\/api.w.org\/{rel}","templated":true}]}}