{"id":13379,"date":"2024-03-14T13:42:57","date_gmt":"2024-03-14T12:42:57","guid":{"rendered":"http:\/\/delikatesy.wineport.pl\/?product=whisky-glenmorangie-18-yo-07-l"},"modified":"2026-05-17T21:03:01","modified_gmt":"2026-05-17T19:03:01","slug":"whisky-glenmorangie-18-yo-07-l","status":"publish","type":"product","link":"http:\/\/delikatesy.wineport.pl\/?product=whisky-glenmorangie-18-yo-07-l","title":{"rendered":"Whisky Glenmorangie 18 YO 0,7 l"},"content":{"rendered":"<p style=\"background: white; margin: 0cm 0cm 12.0pt 0cm;\">\u00a0<\/p>\n<p><span style=\"color: #ff0000; font-size: 16px; font-family: arial, helvetica, sans-serif;\">UWAGA!!! NIE WYSY\u0141AMY ALKOHOLU W PRZYPADKU ZAM\u00d3WIE\u0143 OD OS\u00d3B PRYWATNYCH, TYLKO ODBI\u00d3R OSOBISTY NA UL. \u015aW. STANIS\u0141AWA 12 W WARSZAWIE!!! W przypadku op\u0142acenia zam\u00f3wienia alkoholu z wysy\u0142k\u0105, przy zwrocie pieni\u0119dzy zostanie potr\u0105cona prowizja\u00a0DOTPAY!<\/span><\/p>\n<p style=\"background: white; margin: 0cm 0cm 12.0pt 0cm;\">\u00a0<\/p>\n<p><span style=\"color: #ff0000; font-size: 16px; font-family: arial, helvetica, sans-serif;\">\u00a0<\/span><\/p>\n<p style=\"background: white; margin: 0cm 0cm 12.0pt 0cm;\"><span style=\"font-size: 11.0pt;\">Osiemnastoletnia szkocka whisky z regionu Highland. Po 15 latach maturacji w beczkach po bourbonie ok. 30% destylatu jest przelewane do beczek po sherry. Po kolejnych trzech latach ca\u0142o\u015b\u0107 jest mieszana, rozcie\u0144czana i butelkowana. Zapach: bogaty, s\u0142odki, z nutami owocowymi i kwiatowymi, smak: r\u00f3wnowaga miodu, s\u0142odu i kwiat\u00f3w. Nuty fig i dymu, finisz: d\u0142ugi, s\u0142odkie owocowe nuty i delikatna, orzechowa wytrawno\u015b\u0107 sherry. <\/span><\/p>\n","protected":false},"excerpt":{"rendered":"<p>Osiemnastoletnia szkocka whisky z regionu Highland. Po 15 latach maturacji w beczkach po bourbonie ok. 30% destylatu jest przelewane do beczek po sherry. Po kolejnych trzech latach ca\u0142o\u015b\u0107 jest mieszana, rozcie\u0144czana i butelkowana. Zapach: bogaty, s\u0142o&#8230;<\/p>\n","protected":false},"featured_media":13378,"comment_status":"open","ping_status":"closed","template":"","meta":[],"product_cat":[142,154,143],"product_tag":[],"class_list":{"0":"post-13379","1":"product","2":"type-product","3":"status-publish","4":"has-post-thumbnail","6":"product_cat-alkohole-mocne","7":"product_cat-szkocja","8":"product_cat-whisky","10":"first","11":"instock","12":"shipping-taxable","13":"purchasable","14":"product-type-simple"},"_links":{"self":[{"href":"http:\/\/delikatesy.wineport.pl\/index.php?rest_route=\/wp\/v2\/product\/13379","targetHints":{"allow":["GET"]}}],"collection":[{"href":"http:\/\/delikatesy.wineport.pl\/index.php?rest_route=\/wp\/v2\/product"}],"about":[{"href":"http:\/\/delikatesy.wineport.pl\/index.php?rest_route=\/wp\/v2\/types\/product"}],"replies":[{"embeddable":true,"href":"http:\/\/delikatesy.wineport.pl\/index.php?rest_route=%2Fwp%2Fv2%2Fcomments&post=13379"}],"wp:featuredmedia":[{"embeddable":true,"href":"http:\/\/delikatesy.wineport.pl\/index.php?rest_route=\/wp\/v2\/media\/13378"}],"wp:attachment":[{"href":"http:\/\/delikatesy.wineport.pl\/index.php?rest_route=%2Fwp%2Fv2%2Fmedia&parent=13379"}],"wp:term":[{"taxonomy":"product_cat","embeddable":true,"href":"http:\/\/delikatesy.wineport.pl\/index.php?rest_route=%2Fwp%2Fv2%2Fproduct_cat&post=13379"},{"taxonomy":"product_tag","embeddable":true,"href":"http:\/\/delikatesy.wineport.pl\/index.php?rest_route=%2Fwp%2Fv2%2Fproduct_tag&post=13379"}],"curies":[{"name":"wp","href":"https:\/\/api.w.org\/{rel}","templated":true}]}}