{"id":13399,"date":"2024-03-14T13:43:55","date_gmt":"2024-03-14T12:43:55","guid":{"rendered":"http:\/\/delikatesy.wineport.pl\/?product=kawa-coffeeport-black-diamond-blend-100-arabika-mieszanka-250g-ziarna"},"modified":"2026-05-10T18:56:07","modified_gmt":"2026-05-10T16:56:07","slug":"kawa-coffeeport-black-diamond-blend-100-arabika-mieszanka-250g-ziarna","status":"publish","type":"product","link":"http:\/\/delikatesy.wineport.pl\/?product=kawa-coffeeport-black-diamond-blend-100-arabika-mieszanka-250g-ziarna","title":{"rendered":"KAWA COFFEEPORT BLACK DIAMOND blend 100% arabika (mieszanka) 250g &#8211; ZIARNA"},"content":{"rendered":"<p>Kawy COFFEEPORT to najwy\u017cszej jako\u015bci gatunki kaw \u015bwie\u017co palonych z ca\u0142ego \u015bwiata. Selekcja kaw i dob\u00f3r mieszanek odbywa si\u0119 pod okiem grupy utytu\u0142owanych specjalist\u00f3w. Kawy s\u0105 wypalane w naszej manufakturze przez wybitnego specjalist\u0119 w ma\u0142ych piecach kultowej firmy Probat, kt\u00f3r\u0105 mo\u017cna przyr\u00f3wna\u0107 do Rolls Royce\u2019a w \u015bwiecie manufakturowych piec\u00f3w do kawy. Za jednym razem mo\u017cna w nim wypali\u0107 jedynie 100 kg ziaren. Po wypaleniu kawa ch\u0142odzona jest powietrzem, a nie wod\u0105, jak w przypadku procesu przemys\u0142owego. Pozwala to zachowa\u0107 pe\u0142ni\u0119 walor\u00f3w produktu. Ca\u0142a procedura ma miejsce tu\u017c przed wysy\u0142k\u0105- kawa zawsze dotrze do Pa\u0144stwa \u015bwie\u017ca. Nasze kawy s\u0105 pakowane w opakowania ze specjalnym wentylem umo\u017cliwiaj\u0105cym pozbycie si\u0119 nadmiaru gaz\u00f3w a zarazem zapobiegaj\u0105cym dostaniu si\u0119 tlenu do opakowania, co zapobiega zakwaszaniu si\u0119 kawy.<\/p>\n<p><strong>BLACK DIAMOND blend 100% arabika (mieszanka)\u00a0250g\u00a0<\/strong><\/p>\n<p>Mieszanka 4 ziaren oparta na kawie z Indii oraz Ameryki \u015arodkowej. Wypalana jest w dw\u00f3ch etapach: osobno kawa indyjska i razem trzy pozosta\u0142e arabiki a nast\u0119pnie tworzona jest ostateczna mieszanka. Stopie\u0144 palenia \u015bredni. Jest idealnie wywa\u017cona- czu\u0107 pe\u0142en balans smak\u00f3w: delikatnie cytrusowa s\u0142odycz, z\u0142amana goryczk\u0105 czekoladow\u0105. Bardzo d\u0142ugo pozostaje jej mocny posmak.<\/p>\n<p>\u00a0<\/p>\n","protected":false},"excerpt":{"rendered":"<p>Kawy COFFEEPORT to najwy\u017cszej jako\u015bci gatunki kaw \u015bwie\u017co palonych z ca\u0142ego \u015bwiata. Selekcja kaw i dob\u00f3r mieszanek odbywa si\u0119 pod okiem grupy utytu\u0142owanych specjalist\u00f3w. Kawy s\u0105 wypalane w naszej manufakturze przez wybitnego specjalist\u0119 w ma\u0142ych piecach kultowej firmy Probat, kt\u00f3r\u0105 mo\u017cna przyr\u00f3wna\u0107 do Rolls Royce\u2019a w \u015bwiecie manufakturowych piec\u00f3w do kawy. Za jednym razem mo\u017cna w nim wypali\u0107 jedynie 100 kg ziaren. Po wypaleniu kawa ch\u0142odzona jest powietrzem, a nie wod\u0105, jak w przypadku procesu przemys\u0142owego. Pozwala to zachowa\u0107 pe\u0142ni\u0119 walor\u00f3w produktu. Ca\u0142a procedura ma miejsce tu\u017c przed wysy\u0142k\u0105- kawa zawsze dotrze do Pa\u0144stwa \u015bwie\u017ca. Nasze kawy s\u0105 pakowane w opakowania ze specjalnym wentylem umo\u017cliwiaj\u0105cym pozbycie si\u0119 nadmiaru gaz\u00f3w a zarazem zapobiegaj\u0105cym dostaniu si\u0119 tlenu do opakowania, co zapobiega zakwaszaniu si\u0119 kawy.<\/p>\n<p><strong>BLACK DIAMOND blend 100% arabika (mieszanka)\u00a0250g\u00a0<\/strong><\/p>\n<p>Mieszanka 4 ziaren oparta na kawie z Indii oraz Ameryki \u015arodkowej. Wypalana jest w dw\u00f3ch etapach: osobno kawa indyjska i razem trzy pozosta\u0142e arabiki a nast\u0119pnie tworzona jest ostateczna mieszanka. Stopie\u0144 palenia \u015bredni. Jest idealnie wywa\u017cona- czu\u0107 pe\u0142en balans smak\u00f3w: delikatnie cytrusowa s\u0142odycz, z\u0142amana goryczk\u0105 czekoladow\u0105. Bardzo d\u0142ugo pozostaje jej mocny posmak.<\/p>\n<p>\u00a0<\/p>\n","protected":false},"featured_media":13398,"comment_status":"open","ping_status":"closed","template":"","meta":[],"product_cat":[216],"product_tag":[],"class_list":{"0":"post-13399","1":"product","2":"type-product","3":"status-publish","4":"has-post-thumbnail","6":"product_cat-kawa-swiezo-palona","8":"first","9":"instock","10":"shipping-taxable","11":"purchasable","12":"product-type-simple"},"_links":{"self":[{"href":"http:\/\/delikatesy.wineport.pl\/index.php?rest_route=\/wp\/v2\/product\/13399","targetHints":{"allow":["GET"]}}],"collection":[{"href":"http:\/\/delikatesy.wineport.pl\/index.php?rest_route=\/wp\/v2\/product"}],"about":[{"href":"http:\/\/delikatesy.wineport.pl\/index.php?rest_route=\/wp\/v2\/types\/product"}],"replies":[{"embeddable":true,"href":"http:\/\/delikatesy.wineport.pl\/index.php?rest_route=%2Fwp%2Fv2%2Fcomments&post=13399"}],"wp:featuredmedia":[{"embeddable":true,"href":"http:\/\/delikatesy.wineport.pl\/index.php?rest_route=\/wp\/v2\/media\/13398"}],"wp:attachment":[{"href":"http:\/\/delikatesy.wineport.pl\/index.php?rest_route=%2Fwp%2Fv2%2Fmedia&parent=13399"}],"wp:term":[{"taxonomy":"product_cat","embeddable":true,"href":"http:\/\/delikatesy.wineport.pl\/index.php?rest_route=%2Fwp%2Fv2%2Fproduct_cat&post=13399"},{"taxonomy":"product_tag","embeddable":true,"href":"http:\/\/delikatesy.wineport.pl\/index.php?rest_route=%2Fwp%2Fv2%2Fproduct_tag&post=13399"}],"curies":[{"name":"wp","href":"https:\/\/api.w.org\/{rel}","templated":true}]}}