{"id":13435,"date":"2024-03-14T13:44:49","date_gmt":"2024-03-14T12:44:49","guid":{"rendered":"http:\/\/delikatesy.wineport.pl\/?product=armagnac-cles-de-ducs-vsop-07l-40"},"modified":"2026-05-10T18:57:11","modified_gmt":"2026-05-10T16:57:11","slug":"armagnac-cles-de-ducs-vsop-07l-40","status":"publish","type":"product","link":"http:\/\/delikatesy.wineport.pl\/?product=armagnac-cles-de-ducs-vsop-07l-40","title":{"rendered":"ARMAGNAC CLES DE DUCS VSOP 0,7L 40%"},"content":{"rendered":"<p class=\"MsoNormal\"><span style=\"color: #ff0000;\">UWAGA!!! NIE WYSY\u0141AMY ALKOHOLU KURIEREM W PRZYPADKU ZAM\u00d3WIE\u0143 OD OS\u00d3B PRYWATNYCH, TYLKO ODBI\u00d3R OSOBISTY NA UL. \u015aW. STANIS\u0141AWA 12 W WARSZAWIE!!! W przypadku op\u0142acenia zam\u00f3wienia alkoholu z wysy\u0142k\u0105, przy zwrocie pieni\u0119dzy zostanie potr\u0105cona prowizja\u00a0<\/span><strong style=\"color: #ff0000;\">DOTPAY<\/strong><span style=\"color: #ff0000;\">!<\/span><\/p>\n<p class=\"MsoNormal\">Ten trunek o lekko zio\u0142owym posmaku produkuje si\u0119 w wyj\u0105tkowy spos\u00f3b dla wyj\u0105tkowych smakoszy.\u00a0Tylko niekt\u00f3re bia\u0142e odmiany winogron z rejonu Haut-Armagnac, Tenareze i Bas-Armagnac mo\u017cna podda\u0107 destylacji i to tylko zebrane w okresie od pa\u017adziernika do kwietnia. W przeciwie\u0144stwie do koniaku wystarczy tu jednokrotna destylacja. Od niedawna jednak destyluje si\u0119 go dwukrotnie.\u00a0Armagnac ten dojrzewa\u0142 minimum 4 lata w beczce.<\/p>\n","protected":false},"excerpt":{"rendered":"<p>Ten trunek o lekko zio\u0142owym posmaku produkuje si\u0119 w wyj\u0105tkowy spos\u00f3b dla wyj\u0105tkowych smakoszy. Tylko niekt\u00f3re bia\u0142e odmiany winogron z rejonu Haut-Armagnac, Tenareze i Bas-Armagnac mo\u017cna podda\u0107 destylacji i to tylko zebrane w okresie od pa\u017adziernika &#8230;<\/p>\n","protected":false},"featured_media":13434,"comment_status":"open","ping_status":"closed","template":"","meta":[],"product_cat":[142,217,146,145,149],"product_tag":[],"class_list":{"0":"post-13435","1":"product","2":"type-product","3":"status-publish","4":"has-post-thumbnail","6":"product_cat-alkohole-mocne","7":"product_cat-armagnac","8":"product_cat-armagnac-i-brandy","9":"product_cat-cognac","10":"product_cat-francja-armagnac-i-brandy","12":"first","13":"instock","14":"shipping-taxable","15":"purchasable","16":"product-type-simple"},"_links":{"self":[{"href":"http:\/\/delikatesy.wineport.pl\/index.php?rest_route=\/wp\/v2\/product\/13435","targetHints":{"allow":["GET"]}}],"collection":[{"href":"http:\/\/delikatesy.wineport.pl\/index.php?rest_route=\/wp\/v2\/product"}],"about":[{"href":"http:\/\/delikatesy.wineport.pl\/index.php?rest_route=\/wp\/v2\/types\/product"}],"replies":[{"embeddable":true,"href":"http:\/\/delikatesy.wineport.pl\/index.php?rest_route=%2Fwp%2Fv2%2Fcomments&post=13435"}],"wp:featuredmedia":[{"embeddable":true,"href":"http:\/\/delikatesy.wineport.pl\/index.php?rest_route=\/wp\/v2\/media\/13434"}],"wp:attachment":[{"href":"http:\/\/delikatesy.wineport.pl\/index.php?rest_route=%2Fwp%2Fv2%2Fmedia&parent=13435"}],"wp:term":[{"taxonomy":"product_cat","embeddable":true,"href":"http:\/\/delikatesy.wineport.pl\/index.php?rest_route=%2Fwp%2Fv2%2Fproduct_cat&post=13435"},{"taxonomy":"product_tag","embeddable":true,"href":"http:\/\/delikatesy.wineport.pl\/index.php?rest_route=%2Fwp%2Fv2%2Fproduct_tag&post=13435"}],"curies":[{"name":"wp","href":"https:\/\/api.w.org\/{rel}","templated":true}]}}