{"id":13439,"date":"2024-03-14T13:44:50","date_gmt":"2024-03-14T12:44:50","guid":{"rendered":"http:\/\/delikatesy.wineport.pl\/?product=cachaca-51-pirassuninga-1l"},"modified":"2026-05-10T18:57:11","modified_gmt":"2026-05-10T16:57:11","slug":"cachaca-51-pirassuninga-1l","status":"publish","type":"product","link":"http:\/\/delikatesy.wineport.pl\/?product=cachaca-51-pirassuninga-1l","title":{"rendered":"CACHACA 51 PIRASSUNINGA 1L"},"content":{"rendered":"<p>\u00a0<\/p>\n<p><span style=\"color: #ff0000; font-size: 16px; font-family: arial, helvetica, sans-serif;\">UWAGA!!! NIE WYSY\u0141AMY ALKOHOLU W PRZYPADKU ZAM\u00d3WIE\u0143 OD OS\u00d3B PRYWATNYCH, TYLKO ODBI\u00d3R OSOBISTY NA UL. \u015aW. STANIS\u0141AWA 12 W WARSZAWIE!!! W przypadku op\u0142acenia zam\u00f3wienia alkoholu z wysy\u0142k\u0105, przy zwrocie pieni\u0119dzy zostanie potr\u0105cona prowizja\u00a0DOTPAY!<\/span><\/p>\n<p>\u00a0<\/p>\n<p><span style=\"color: #ff0000; font-size: 16px; font-family: arial, helvetica, sans-serif;\">\u00a0<\/span><\/p>\n<p><span style=\"text-decoration: underline;\">Cachaca\u00a0<\/span>51 jest najbardziej znan\u0105, tradycyjn\u0105 mark\u0105 brazylijsk\u0105. To lider na rynku od kilkudziesi\u0119ciu lat. Mo\u017cna zachwyca\u0107 si\u0119 jej smakiem i aromatem zar\u00f3wno w czystej postaci, w drinku jak i w gamie r\u00f3\u017cnych koktajli owocowych.\u00a0\u00a0 <span style=\"text-decoration: underline;\">Cachaca\u00a0<\/span>51 przyniesie Ci wspania\u0142ego ducha Brazylii. Rodowici Brazylijczycy pij\u0105 t\u0119 w\u00f3dk\u0119 w czystej postaci, niczym jej nie rozcie\u0144czaj\u0105c. Zgodnie ze starym obyczajem w barze nale\u017cy zam\u00f3wi\u0107 od razu dwa kieliszki cachacy: dla siebie i brata (przyjaciela) &#8211; oczywi\u015bcie nieobecnego.<\/p>\n","protected":false},"excerpt":{"rendered":"<p>Cachaca 51 jest najbardziej znan\u0105, tradycyjn\u0105 mark\u0105 brazylijsk\u0105. To lider na rynku od kilkudziesi\u0119ciu lat. Mo\u017cna zachwyca\u0107 si\u0119 jej smakiem i aromatem zar\u00f3wno w czystej postaci, w drinku jak i w gamie r\u00f3\u017cnych koktajli owocowych. Cachaca 51 przyniesie &#8230;<\/p>\n","protected":false},"featured_media":13438,"comment_status":"open","ping_status":"closed","template":"","meta":[],"product_cat":[142,218],"product_tag":[],"class_list":{"0":"post-13439","1":"product","2":"type-product","3":"status-publish","4":"has-post-thumbnail","6":"product_cat-alkohole-mocne","7":"product_cat-cachaca-kaszasa","9":"first","10":"instock","11":"shipping-taxable","12":"purchasable","13":"product-type-simple"},"_links":{"self":[{"href":"http:\/\/delikatesy.wineport.pl\/index.php?rest_route=\/wp\/v2\/product\/13439","targetHints":{"allow":["GET"]}}],"collection":[{"href":"http:\/\/delikatesy.wineport.pl\/index.php?rest_route=\/wp\/v2\/product"}],"about":[{"href":"http:\/\/delikatesy.wineport.pl\/index.php?rest_route=\/wp\/v2\/types\/product"}],"replies":[{"embeddable":true,"href":"http:\/\/delikatesy.wineport.pl\/index.php?rest_route=%2Fwp%2Fv2%2Fcomments&post=13439"}],"wp:featuredmedia":[{"embeddable":true,"href":"http:\/\/delikatesy.wineport.pl\/index.php?rest_route=\/wp\/v2\/media\/13438"}],"wp:attachment":[{"href":"http:\/\/delikatesy.wineport.pl\/index.php?rest_route=%2Fwp%2Fv2%2Fmedia&parent=13439"}],"wp:term":[{"taxonomy":"product_cat","embeddable":true,"href":"http:\/\/delikatesy.wineport.pl\/index.php?rest_route=%2Fwp%2Fv2%2Fproduct_cat&post=13439"},{"taxonomy":"product_tag","embeddable":true,"href":"http:\/\/delikatesy.wineport.pl\/index.php?rest_route=%2Fwp%2Fv2%2Fproduct_tag&post=13439"}],"curies":[{"name":"wp","href":"https:\/\/api.w.org\/{rel}","templated":true}]}}