{"id":13473,"date":"2024-03-14T13:44:57","date_gmt":"2024-03-14T12:44:57","guid":{"rendered":"http:\/\/delikatesy.wineport.pl\/?product=grappa-cellini-barricata-10y-07l-38-wlochy"},"modified":"2026-05-10T18:57:14","modified_gmt":"2026-05-10T16:57:14","slug":"grappa-cellini-barricata-10y-07l-38-wlochy","status":"publish","type":"product","link":"http:\/\/delikatesy.wineport.pl\/?product=grappa-cellini-barricata-10y-07l-38-wlochy","title":{"rendered":"GRAPPA CELLINI BARRICATA 10Y 0,7L 38% (W\u0142ochy)"},"content":{"rendered":"<p><span style=\"color: #ff0000; font-size: 16px; font-family: arial, helvetica, sans-serif;\">UWAGA!!! NIE WYSY\u0141AMY ALKOHOLU W PRZYPADKU ZAM\u00d3WIE\u0143 OD OS\u00d3B PRYWATNYCH, TYLKO ODBI\u00d3R OSOBISTY NA UL. \u015aW. STANIS\u0141AWA 12 W WARSZAWIE!!! W przypadku op\u0142acenia zam\u00f3wienia alkoholu z wysy\u0142k\u0105, przy zwrocie pieni\u0119dzy zostanie potr\u0105cona prowizja\u00a0DOTPAY!<\/span><\/p>\n<p><span style=\"color: #ff0000; font-size: 16px; font-family: arial, helvetica, sans-serif;\">\u00a0<\/span><\/p>\n<p class=\"MsoNormal\">Grappa Cellini Prosecco to w\u0142a\u015bnie ta nazwa przywodzi na my\u015bl s\u0142ynne wino, wyraz szcz\u0119\u015bcia i poezji. Ich \u017c\u00f3\u0142to-zielone winogrona, destylowane s\u0105 metod\u0105 Bottega Sandro. Grappa powstaje na bazie pestek z winogron, kt\u00f3re wcze\u015bniej s\u0142u\u017cy\u0142y do wytworzenia i produkcji wina.Grappa Cellini Prosecco destylowana jest w alembikach, dzi\u0119ki czemu utrzymuje wszystkie intensywno\u015bci zapachu i smaku winogron. Nast\u0119pnie le\u017cakowana jest w d\u0119bowych beczkach przez okres, co najmniej 10 lat, by po\u0142\u0105czy\u0107 jej wszelkie aromaty i smaki ze sob\u0105.Prosecco Cellini 10 Annate, produkowana jest z winogron z dziesi\u0119ciu r\u00f3\u017cnych zbior\u00f3w. Charakteryzuje si\u0119 bursztynow\u0105 barw\u0105 i przyjemnym, delikatnym zapachem oraz smakiem drewna, suszonych owoc\u00f3w, wanilii i przypraw. Mo\u017cna j\u0105 pi\u0107 na zimno lub sch\u0142odzon\u0105. Idealnie smakuje podawana do gorzkiej czekolady<\/p>\n","protected":false},"excerpt":{"rendered":"<p>Grappa Cellini Prosecco to w\u0142a\u015bnie ta nazwa przywodzi na my\u015bl s\u0142ynne wino, wyraz szcz\u0119\u015bcia i poezji. Ich \u017c\u00f3\u0142to-zielone winogrona, destylowane s\u0105 metod\u0105 Bottega Sandro. Grappa powstaje na bazie pestek z winogron, kt\u00f3re wcze\u015bniej s\u0142u\u017cy\u0142y do wytworzenia&#8230;<\/p>\n","protected":false},"featured_media":13472,"comment_status":"open","ping_status":"closed","template":"","meta":[],"product_cat":[142,209],"product_tag":[],"class_list":{"0":"post-13473","1":"product","2":"type-product","3":"status-publish","4":"has-post-thumbnail","6":"product_cat-alkohole-mocne","7":"product_cat-grappa","9":"first","10":"instock","11":"shipping-taxable","12":"purchasable","13":"product-type-simple"},"_links":{"self":[{"href":"http:\/\/delikatesy.wineport.pl\/index.php?rest_route=\/wp\/v2\/product\/13473","targetHints":{"allow":["GET"]}}],"collection":[{"href":"http:\/\/delikatesy.wineport.pl\/index.php?rest_route=\/wp\/v2\/product"}],"about":[{"href":"http:\/\/delikatesy.wineport.pl\/index.php?rest_route=\/wp\/v2\/types\/product"}],"replies":[{"embeddable":true,"href":"http:\/\/delikatesy.wineport.pl\/index.php?rest_route=%2Fwp%2Fv2%2Fcomments&post=13473"}],"wp:featuredmedia":[{"embeddable":true,"href":"http:\/\/delikatesy.wineport.pl\/index.php?rest_route=\/wp\/v2\/media\/13472"}],"wp:attachment":[{"href":"http:\/\/delikatesy.wineport.pl\/index.php?rest_route=%2Fwp%2Fv2%2Fmedia&parent=13473"}],"wp:term":[{"taxonomy":"product_cat","embeddable":true,"href":"http:\/\/delikatesy.wineport.pl\/index.php?rest_route=%2Fwp%2Fv2%2Fproduct_cat&post=13473"},{"taxonomy":"product_tag","embeddable":true,"href":"http:\/\/delikatesy.wineport.pl\/index.php?rest_route=%2Fwp%2Fv2%2Fproduct_tag&post=13473"}],"curies":[{"name":"wp","href":"https:\/\/api.w.org\/{rel}","templated":true}]}}