{"id":13475,"date":"2024-03-14T13:44:57","date_gmt":"2024-03-14T12:44:57","guid":{"rendered":"http:\/\/delikatesy.wineport.pl\/?product=grappa-marzadro-giare-chardonnay-07l-45"},"modified":"2026-05-10T18:57:14","modified_gmt":"2026-05-10T16:57:14","slug":"grappa-marzadro-giare-chardonnay-07l-45","status":"publish","type":"product","link":"http:\/\/delikatesy.wineport.pl\/?product=grappa-marzadro-giare-chardonnay-07l-45","title":{"rendered":"GRAPPA MARZADRO GIARE CHARDONNAY 0,7L 45%"},"content":{"rendered":"<p><span style=\"color: #ff0000; font-size: 16px; font-family: arial, helvetica, sans-serif;\">UWAGA!!! NIE WYSY\u0141AMY ALKOHOLU W PRZYPADKU ZAM\u00d3WIE\u0143 OD OS\u00d3B PRYWATNYCH, TYLKO ODBI\u00d3R OSOBISTY NA UL. \u015aW. STANIS\u0141AWA 12 W WARSZAWIE!!! W przypadku op\u0142acenia zam\u00f3wienia alkoholu z wysy\u0142k\u0105, przy zwrocie pieni\u0119dzy zostanie potr\u0105cona prowizja\u00a0DOTPAY!<\/span><\/p>\n<p><span style=\"color: #ff0000; font-size: 16px; font-family: arial, helvetica, sans-serif;\">\u00a0<\/span><\/p>\n<p class=\"MsoNormal\">Kolejna z grappa z serii Le giare, wyprodukowana tradycyjnymi metodami z winogron ze szczepu Chardonnay. Seria dedykowana jest pami\u0119ci niesprawiedliwo\u015bci i okrucie\u0144stwa wobec kobiet oskar\u017conych o czary we wsi w gminie Nogaredo w roku 1646. <span style=\"outline: 0px; font-weight: inherit; font-style: inherit;\">Ekskluzywna grappa o bogatym aromacie i delikatnym smaku.<\/span><\/p>\n<p class=\"MsoNormal\" style=\"outline: 0px;\">\u00a0<\/p>\n","protected":false},"excerpt":{"rendered":"<p>Kolejna z grappa z serii Le giare, wyprodukowana tradycyjnymi metodami z winogron ze szczepu Chardonnay. Seria dedykowana jest pami\u0119ci niesprawiedliwo\u015bci i okrucie\u0144stwa wobec kobiet oskar\u017conych o czary we wsi w gminie Nogaredo w roku 1646. Ekskluzywn&#8230;<\/p>\n","protected":false},"featured_media":13474,"comment_status":"open","ping_status":"closed","template":"","meta":[],"product_cat":[142,209],"product_tag":[],"class_list":{"0":"post-13475","1":"product","2":"type-product","3":"status-publish","4":"has-post-thumbnail","6":"product_cat-alkohole-mocne","7":"product_cat-grappa","9":"first","10":"instock","11":"shipping-taxable","12":"purchasable","13":"product-type-simple"},"_links":{"self":[{"href":"http:\/\/delikatesy.wineport.pl\/index.php?rest_route=\/wp\/v2\/product\/13475","targetHints":{"allow":["GET"]}}],"collection":[{"href":"http:\/\/delikatesy.wineport.pl\/index.php?rest_route=\/wp\/v2\/product"}],"about":[{"href":"http:\/\/delikatesy.wineport.pl\/index.php?rest_route=\/wp\/v2\/types\/product"}],"replies":[{"embeddable":true,"href":"http:\/\/delikatesy.wineport.pl\/index.php?rest_route=%2Fwp%2Fv2%2Fcomments&post=13475"}],"wp:featuredmedia":[{"embeddable":true,"href":"http:\/\/delikatesy.wineport.pl\/index.php?rest_route=\/wp\/v2\/media\/13474"}],"wp:attachment":[{"href":"http:\/\/delikatesy.wineport.pl\/index.php?rest_route=%2Fwp%2Fv2%2Fmedia&parent=13475"}],"wp:term":[{"taxonomy":"product_cat","embeddable":true,"href":"http:\/\/delikatesy.wineport.pl\/index.php?rest_route=%2Fwp%2Fv2%2Fproduct_cat&post=13475"},{"taxonomy":"product_tag","embeddable":true,"href":"http:\/\/delikatesy.wineport.pl\/index.php?rest_route=%2Fwp%2Fv2%2Fproduct_tag&post=13475"}],"curies":[{"name":"wp","href":"https:\/\/api.w.org\/{rel}","templated":true}]}}